{"id":210,"date":"2025-01-11T12:19:46","date_gmt":"2025-01-11T11:19:46","guid":{"rendered":"https:\/\/www.3dprintrg.sk\/?page_id=210"},"modified":"2025-01-15T19:09:09","modified_gmt":"2025-01-15T18:09:09","slug":"reklamacny-poriadok","status":"publish","type":"page","link":"https:\/\/www.3dprintrg.sk\/cz\/reklamacny-poriadok\/","title":{"rendered":"Reklama\u010dn\u00ed po\u0159\u00e1dek"},"content":{"rendered":"<p>[et_pb_section fb_built=&#8220;1&#8243; _builder_version=&#8220;4.27.4&#8243; _module_preset=&#8220;default&#8220; global_colors_info=&#8220;{}&#8220;][et_pb_row _builder_version=&#8220;4.27.4&#8243; _module_preset=&#8220;default&#8220; max_width=&#8220;1200px&#8220; global_colors_info=&#8220;{}&#8220;][et_pb_column type=&#8220;4_4&#8243; _builder_version=&#8220;4.27.4&#8243; _module_preset=&#8220;default&#8220; global_colors_info=&#8220;{}&#8220;][et_pb_text _builder_version=&#8220;4.27.4&#8243; _module_preset=&#8220;default&#8220; header_font=&#8220;Roboto||||||||&#8220; animation_style=&#8220;fade&#8220; header_font_size_tablet=&#8220;&#8220; header_font_size_phone=&#8220;25px&#8220; header_font_size_last_edited=&#8220;on|phone&#8220; global_colors_info=&#8220;{}&#8220;]<\/p>\n<h1 style=\"text-align: left;\">Reklama\u010dn\u00fd poriadok<\/h1>\n<p>[\/et_pb_text][et_pb_text _builder_version=&#8220;4.27.4&#8243; _module_preset=&#8220;default&#8220; text_font=&#8220;Roboto||||||||&#8220; link_font=&#8220;Roboto||||||||&#8220; link_text_color=&#8220;#fc8eac&#8220; animation_style=&#8220;fade&#8220; global_colors_info=&#8220;{}&#8220;]<\/p>\n<p>Aby ste boli opr\u00e1vnen\u00ed na vr\u00e1tenie, v\u00e1\u0161 produkt mus\u00ed by\u0165 nepou\u017eit\u00fd a v rovnakom stave, v akom ste ho dostali. Mus\u00ed by\u0165 tie\u017e v p\u00f4vodnom obale.<\/p>\n<p>Na dokon\u010denie vr\u00e1tenia vy\u017eadujeme potvrdenie o n\u00e1kupe.<\/p>\n<p>Nekompletnost z\u00e1sielky alebo po\u0161kodenie tovaru je nutn\u00e9 ozn\u00e1mi\u0165 do 48 hod\u00edn od prevzatia z\u00e1sielky emailom<span>\u00a0<\/span><a href=\"mailto:info@3dprintrg.sk\" onclick=\"return rcmail.command('compose','info@3dprintrg.sk',this)\" rel=\"noreferrer\">info@3dprintrg.sk<\/a><\/p>\n<p>Neskor\u0161ie reklam\u00e1cie nekompletnosti z\u00e1sielky alebo mechanickeho po\u0161kodenia v\u00fdrobku nemusia by\u0165 uznan\u00e9 .\u00a0<\/p>\n<p>Ak chcete zak\u00fapen\u00fd tovar reklamova\u0165 informujte n\u00e1s vopred emailom<span>\u00a0<\/span><a href=\"mailto:info@3dprintrg.sk\" onclick=\"return rcmail.command('compose','info@3dprintrg.sk',this)\" rel=\"noreferrer\">info@3dprintrg.sk<\/a><\/p>\n<p>Odpor\u00fa\u010dame V\u00e1m tovar zasla\u0165 ako bal\u00edk doporu\u010denou z\u00e1sielkou. Tovar n\u00e1m, pros\u00edm, neposielajte dobierkou.<\/p>\n<p>[\/et_pb_text][et_pb_text _builder_version=&#8220;4.27.4&#8243; _module_preset=&#8220;default&#8220; header_2_font=&#8220;Roboto||||||||&#8220; animation_style=&#8220;fade&#8220; header_2_font_size_tablet=&#8220;&#8220; header_2_font_size_phone=&#8220;20px&#8220; header_2_font_size_last_edited=&#8220;on|phone&#8220; global_colors_info=&#8220;{}&#8220;]<\/p>\n<h2>Refund\u00e1cia<\/h2>\n<p>[\/et_pb_text][et_pb_text _builder_version=&#8220;4.27.4&#8243; _module_preset=&#8220;default&#8220; text_font=&#8220;Roboto||||||||&#8220; animation_style=&#8220;fade&#8220; global_colors_info=&#8220;{}&#8220;]<\/p>\n<p>Akon\u00e1hle v\u00e1\u0161 vr\u00e1ten\u00fd produkt prijmeme a skontrolujeme, po\u0161leme v\u00e1m email s ozn\u00e1men\u00edm o prijat\u00ed produktu. Taktie\u017e v\u00e1s budeme informova\u0165 o schv\u00e1len\u00ed alebo zamietnut\u00ed va\u0161ej refund\u00e1cie.<\/p>\n<p>Ak je refund\u00e1cia schv\u00e1len\u00e1, bude spracovan\u00e1 a kredit bude automaticky prip\u00edsan\u00fd na va\u0161u kreditn\u00fa kartu alebo p\u00f4vodn\u00fd sp\u00f4sob platby v priebehu nieko\u013ek\u00fdch dn\u00ed.<\/p>\n<p>[\/et_pb_text][et_pb_text _builder_version=&#8220;4.27.4&#8243; _module_preset=&#8220;default&#8220; header_2_font=&#8220;Roboto||||||||&#8220; animation_style=&#8220;fade&#8220; header_2_font_size_tablet=&#8220;&#8220; header_2_font_size_phone=&#8220;20px&#8220; header_2_font_size_last_edited=&#8220;on|phone&#8220; global_colors_info=&#8220;{}&#8220;]<\/p>\n<h2>Neskor\u00e9 alebo ch\u00fdbaj\u00face refund\u00e1cie<\/h2>\n<p>[\/et_pb_text][et_pb_text _builder_version=&#8220;4.27.4&#8243; _module_preset=&#8220;default&#8220; text_font=&#8220;Roboto||||||||&#8220; animation_style=&#8220;fade&#8220; global_colors_info=&#8220;{}&#8220;]<\/p>\n<p>Ak ste e\u0161te nedostali refund\u00e1ciu, najsk\u00f4r znova skontrolujte svoj bankov\u00fd \u00fa\u010det.<\/p>\n<p>Potom kontaktujte svoju kreditn\u00fa spolo\u010dnos\u0165, m\u00f4\u017ee to chv\u00ed\u013eu trva\u0165, k\u00fdm bude refund\u00e1cia ofici\u00e1lne zverejnen\u00e1.<\/p>\n<p>\u010ealej kontaktujte svoju banku. \u010casto je potrebn\u00fd ur\u010dit\u00fd \u010das na spracovanie predt\u00fdm, ne\u017e sa refund\u00e1cia zobraz\u00ed.<\/p>\n<p>Ak ste toto v\u0161etko urobili a st\u00e1le ste refund\u00e1ciu nedostali, kontaktujte n\u00e1s na <strong><span style=\"color: #fc8eac;\">info@3dprintrg.sk<\/span><\/strong><\/p>\n<p>[\/et_pb_text][et_pb_text _builder_version=&#8220;4.27.4&#8243; _module_preset=&#8220;default&#8220; header_2_font=&#8220;Roboto||||||||&#8220; animation_style=&#8220;fade&#8220; header_2_font_size_tablet=&#8220;&#8220; header_2_font_size_phone=&#8220;20px&#8220; header_2_font_size_last_edited=&#8220;on|phone&#8220; global_colors_info=&#8220;{}&#8220;]<\/p>\n<h2>Z\u013eavnen\u00e9 polo\u017eky<\/h2>\n<p>[\/et_pb_text][et_pb_text _builder_version=&#8220;4.27.4&#8243; _module_preset=&#8220;default&#8220; text_font=&#8220;Roboto||||||||&#8220; animation_style=&#8220;fade&#8220; global_colors_info=&#8220;{}&#8220;]<\/p>\n<p>Refundova\u0165 je mo\u017en\u00e9 len polo\u017eky za pln\u00fa cenu. Z\u013eavnen\u00e9 polo\u017eky nie je mo\u017en\u00e9 refundova\u0165.<\/p>\n<p>[\/et_pb_text][et_pb_text _builder_version=&#8220;4.27.4&#8243; _module_preset=&#8220;default&#8220; header_2_font=&#8220;Roboto||||||||&#8220; animation_style=&#8220;fade&#8220; header_2_font_size_tablet=&#8220;&#8220; header_2_font_size_phone=&#8220;20px&#8220; header_2_font_size_last_edited=&#8220;on|phone&#8220; global_colors_info=&#8220;{}&#8220;]<\/p>\n<h2>V\u00fdmeny<\/h2>\n<p>[\/et_pb_text][et_pb_text _builder_version=&#8220;4.27.4&#8243; _module_preset=&#8220;default&#8220; text_font=&#8220;Roboto||||||||&#8220; animation_style=&#8220;fade&#8220; global_colors_info=&#8220;{}&#8220;]<\/p>\n<p>Polo\u017eky vymie\u0148ame len v pr\u00edpade, \u017ee s\u00fa vadn\u00e9 alebo po\u0161koden\u00e9. Ak ich potrebujete vymeni\u0165 za rovnak\u00fd produkt, po\u0161lite n\u00e1m email na <strong><span style=\"color: #fc8eac;\">info@3dprintrg.sk<\/span><\/strong> a za\u0161lite produkt na: <strong><span style=\"color: #fc8eac;\">Sta\u0161kov 926,02353<\/span><\/strong><\/p>\n<p>[\/et_pb_text][et_pb_text _builder_version=&#8220;4.27.4&#8243; _module_preset=&#8220;default&#8220; header_2_font=&#8220;Roboto||||||||&#8220; animation_style=&#8220;fade&#8220; header_2_font_size_tablet=&#8220;&#8220; header_2_font_size_phone=&#8220;20px&#8220; header_2_font_size_last_edited=&#8220;on|phone&#8220; global_colors_info=&#8220;{}&#8220;]<\/p>\n<h2>Potrebujete pomoc?<\/h2>\n<p>[\/et_pb_text][et_pb_text _builder_version=&#8220;4.27.4&#8243; _module_preset=&#8220;default&#8220; text_font=&#8220;Roboto||||||||&#8220; animation_style=&#8220;fade&#8220; global_colors_info=&#8220;{}&#8220;]<\/p>\n<p>Kontaktujte n\u00e1s na <span style=\"color: #fc8eac;\">info@3dprintrg.sk<\/span> s ot\u00e1zkami t\u00fdkaj\u00facimi sa refund\u00e1ci\u00ed a vr\u00e1ten\u00ed.<\/p>\n<p>[\/et_pb_text][\/et_pb_column][\/et_pb_row][\/et_pb_section]<\/p>\n","protected":false},"excerpt":{"rendered":"<p>Reklama\u010dn\u00fd poriadokAby ste boli opr\u00e1vnen\u00ed na vr\u00e1tenie, v\u00e1\u0161 produkt mus\u00ed by\u0165 nepou\u017eit\u00fd a v rovnakom stave, v akom ste ho dostali. Mus\u00ed by\u0165 tie\u017e v p\u00f4vodnom obale. Na dokon\u010denie vr\u00e1tenia vy\u017eadujeme potvrdenie o n\u00e1kupe. Nekompletnost z\u00e1sielky alebo po\u0161kodenie tovaru je nutn\u00e9 ozn\u00e1mi\u0165 do 48 hod\u00edn od prevzatia z\u00e1sielky emailom\u00a0info@3dprintrg.sk Neskor\u0161ie reklam\u00e1cie nekompletnosti z\u00e1sielky alebo mechanickeho [&hellip;]<\/p>\n","protected":false},"author":1,"featured_media":0,"parent":0,"menu_order":0,"comment_status":"closed","ping_status":"closed","template":"","meta":{"_et_pb_use_builder":"on","_et_pb_old_content":"","_et_gb_content_width":"","iawp_total_views":21,"footnotes":""},"dipi_cpt_category":[],"class_list":["post-210","page","type-page","status-publish","hentry"],"jetpack_sharing_enabled":true,"_links":{"self":[{"href":"https:\/\/www.3dprintrg.sk\/cz\/wp-json\/wp\/v2\/pages\/210","targetHints":{"allow":["GET"]}}],"collection":[{"href":"https:\/\/www.3dprintrg.sk\/cz\/wp-json\/wp\/v2\/pages"}],"about":[{"href":"https:\/\/www.3dprintrg.sk\/cz\/wp-json\/wp\/v2\/types\/page"}],"author":[{"embeddable":true,"href":"https:\/\/www.3dprintrg.sk\/cz\/wp-json\/wp\/v2\/users\/1"}],"replies":[{"embeddable":true,"href":"https:\/\/www.3dprintrg.sk\/cz\/wp-json\/wp\/v2\/comments?post=210"}],"version-history":[{"count":9,"href":"https:\/\/www.3dprintrg.sk\/cz\/wp-json\/wp\/v2\/pages\/210\/revisions"}],"predecessor-version":[{"id":599,"href":"https:\/\/www.3dprintrg.sk\/cz\/wp-json\/wp\/v2\/pages\/210\/revisions\/599"}],"wp:attachment":[{"href":"https:\/\/www.3dprintrg.sk\/cz\/wp-json\/wp\/v2\/media?parent=210"}],"wp:term":[{"taxonomy":"dipi_cpt_category","embeddable":true,"href":"https:\/\/www.3dprintrg.sk\/cz\/wp-json\/wp\/v2\/dipi_cpt_category?post=210"}],"curies":[{"name":"wp","href":"https:\/\/api.w.org\/{rel}","templated":true}]}}