{"id":220,"date":"2025-01-11T12:59:29","date_gmt":"2025-01-11T11:59:29","guid":{"rendered":"https:\/\/www.3dprintrg.sk\/?page_id=220"},"modified":"2026-03-23T12:44:55","modified_gmt":"2026-03-23T11:44:55","slug":"obchodne-podmienky","status":"publish","type":"page","link":"https:\/\/www.3dprintrg.sk\/cz\/obchodne-podmienky\/","title":{"rendered":"Obchodn\u00ed podm\u00ednky"},"content":{"rendered":"<p>[et_pb_section fb_built=&#8220;1&#8243; _builder_version=&#8220;4.27.4&#8243; _module_preset=&#8220;default&#8220; global_colors_info=&#8220;{}&#8220;][et_pb_row _builder_version=&#8220;4.27.4&#8243; _module_preset=&#8220;default&#8220; max_width=&#8220;1200px&#8220; global_colors_info=&#8220;{}&#8220;][et_pb_column type=&#8220;4_4&#8243; _builder_version=&#8220;4.27.4&#8243; _module_preset=&#8220;default&#8220; global_colors_info=&#8220;{}&#8220;][et_pb_text _builder_version=&#8220;4.27.4&#8243; _module_preset=&#8220;default&#8220; header_font=&#8220;Roboto||||||||&#8220; animation_style=&#8220;fade&#8220; header_font_size_tablet=&#8220;&#8220; header_font_size_phone=&#8220;25px&#8220; header_font_size_last_edited=&#8220;on|phone&#8220; global_colors_info=&#8220;{}&#8220;]<\/p>\n<h1>Obchodn\u00e9 podmienky<\/h1>\n<p>[\/et_pb_text][et_pb_text _builder_version=&#8220;4.27.4&#8243; _module_preset=&#8220;default&#8220; text_font=&#8220;Roboto||||||||&#8220; link_text_color=&#8220;#fc8eac&#8220; animation_style=&#8220;fade&#8220; global_colors_info=&#8220;{}&#8220;]<\/p>\n<p>Tieto obchodn\u00e9 podmienky upravuj\u00fa pr\u00e1va a povinnosti medzi pred\u00e1vaj\u00facim a kupuj\u00facim pri n\u00e1kupe tovaru prostredn\u00edctvom e-shopu 3D Print R&amp;G, dostupn\u00e9ho na adrese <a href=\"https:\/\/www.3dprintrg.sk\/\">www.3dprintrg.sk<\/a><\/p>\n<p>[\/et_pb_text][et_pb_text _builder_version=&#8220;4.27.4&#8243; _module_preset=&#8220;default&#8220; header_2_font=&#8220;Roboto||||||||&#8220; animation_style=&#8220;fade&#8220; header_font_size_tablet=&#8220;&#8220; header_font_size_phone=&#8220;21px&#8220; header_font_size_last_edited=&#8220;on|phone&#8220; header_2_font_size_tablet=&#8220;&#8220; header_2_font_size_phone=&#8220;19px&#8220; header_2_font_size_last_edited=&#8220;on|phone&#8220; global_colors_info=&#8220;{}&#8220;]<\/p>\n<h2>1. Z\u00e1kladn\u00e9 \u00fadaje o pred\u00e1vaj\u00facom<\/h2>\n<p>[\/et_pb_text][et_pb_text _builder_version=&#8220;4.27.4&#8243; _module_preset=&#8220;default&#8220; text_font=&#8220;Roboto||||||||&#8220; animation_style=&#8220;fade&#8220; global_colors_info=&#8220;{}&#8220;]<\/p>\n<ul>\n<li>Obchodn\u00e9 meno: 3D Print R&amp;G<\/li>\n<li>S\u00eddlo: Sta\u0161kov 926,O2353<\/li>\n<li>I\u010cO: 56348819<\/li>\n<li>DI\u010c: 1129929669<\/li>\n<li>Kontaktn\u00fd e-mail: info@3dprintrg.sk<\/li>\n<li>Telef\u00f3nne \u010d\u00edslo: +421 917 299 054 \/ +421 915 173 661<\/li>\n<\/ul>\n<p>[\/et_pb_text][et_pb_text _builder_version=&#8220;4.27.4&#8243; _module_preset=&#8220;default&#8220; header_2_font=&#8220;Roboto||||||||&#8220; animation_style=&#8220;fade&#8220; header_font_size_tablet=&#8220;&#8220; header_font_size_phone=&#8220;21px&#8220; header_font_size_last_edited=&#8220;on|phone&#8220; header_2_font_size_tablet=&#8220;&#8220; header_2_font_size_phone=&#8220;19px&#8220; header_2_font_size_last_edited=&#8220;on|phone&#8220; global_colors_info=&#8220;{}&#8220;]<\/p>\n<h2>2. Objedn\u00e1vka a uzatvorenie k\u00fapnej zmluvy<\/h2>\n<p>[\/et_pb_text][et_pb_text _builder_version=&#8220;4.27.4&#8243; _module_preset=&#8220;default&#8220; text_font=&#8220;Roboto||||||||&#8220; animation_style=&#8220;fade&#8220; global_colors_info=&#8220;{}&#8220;]<\/p>\n<ul>\n<li>Objedn\u00e1vka tovaru sa uskuto\u010d\u0148uje prostredn\u00edctvom e-shopu.<\/li>\n<li>Po odoslan\u00ed objedn\u00e1vky bude kupuj\u00faci informovan\u00fd o prijat\u00ed objedn\u00e1vky na uveden\u00fd e-mail.<\/li>\n<li>K\u00fapna zmluva je uzatvoren\u00e1 momentom potvrdenia objedn\u00e1vky pred\u00e1vaj\u00facim.<\/li>\n<\/ul>\n<p>[\/et_pb_text][et_pb_text _builder_version=&#8220;4.27.4&#8243; _module_preset=&#8220;default&#8220; header_2_font=&#8220;Roboto||||||||&#8220; animation_style=&#8220;fade&#8220; header_font_size_tablet=&#8220;&#8220; header_font_size_phone=&#8220;21px&#8220; header_font_size_last_edited=&#8220;on|phone&#8220; header_2_font_size_tablet=&#8220;&#8220; header_2_font_size_phone=&#8220;19px&#8220; header_2_font_size_last_edited=&#8220;on|phone&#8220; global_colors_info=&#8220;{}&#8220;]<\/p>\n<h2>3. Cena a platobn\u00e9 podmienky<\/h2>\n<p>[\/et_pb_text][et_pb_text _builder_version=&#8220;4.27.6&#8243; _module_preset=&#8220;default&#8220; text_font=&#8220;Roboto||||||||&#8220; animation_style=&#8220;fade&#8220; hover_enabled=&#8220;0&#8243; global_colors_info=&#8220;{}&#8220; sticky_enabled=&#8220;0&#8243;]<\/p>\n<ul>\n<li>V\u0161etky ceny uveden\u00e9 na e-shope s\u00fa kone\u010dn\u00e9, vr\u00e1tane DPH, ak nie je uveden\u00e9 inak.<\/li>\n<li>Kupuj\u00faci m\u00f4\u017ee za tovar zaplati\u0165 nasledovn\u00fdmi sp\u00f4sobmi:\n<ol>\n<li>Bankov\u00fdm prevodom<\/li>\n<li>Platbou kartou<\/li>\n<\/ol>\n<\/li>\n<li>Pred\u00e1vaj\u00faci si vyhradzuje pr\u00e1vo na zmenu cien.<\/li>\n<\/ul>\n<p>[\/et_pb_text][et_pb_text _builder_version=&#8220;4.27.4&#8243; _module_preset=&#8220;default&#8220; header_2_font=&#8220;Roboto||||||||&#8220; animation_style=&#8220;fade&#8220; header_font_size_tablet=&#8220;&#8220; header_font_size_phone=&#8220;21px&#8220; header_font_size_last_edited=&#8220;on|phone&#8220; header_2_font_size_tablet=&#8220;&#8220; header_2_font_size_phone=&#8220;19px&#8220; header_2_font_size_last_edited=&#8220;on|phone&#8220; global_colors_info=&#8220;{}&#8220;]<\/p>\n<h2>4. Dodanie tovaru<\/h2>\n<p>[\/et_pb_text][et_pb_text _builder_version=&#8220;4.27.4&#8243; _module_preset=&#8220;default&#8220; text_font=&#8220;Roboto||||||||&#8220; animation_style=&#8220;fade&#8220; global_colors_info=&#8220;{}&#8220;]<\/p>\n<ul>\n<li>Tovar je doru\u010dovan\u00fd prostredn\u00edctvom packeta, po\u0161ta alebo osobn\u00fdm odberom.<\/li>\n<li>Dodacia lehota z\u00e1vis\u00ed od dostupnosti tovaru a je \u0161pecifikovan\u00e1 pri objedn\u00e1vke.<\/li>\n<li>Cena za dopravu bude kupuj\u00facemu uveden\u00e1 pred potvrden\u00edm objedn\u00e1vky.<\/li>\n<\/ul>\n<p>[\/et_pb_text][et_pb_text _builder_version=&#8220;4.27.4&#8243; _module_preset=&#8220;default&#8220; header_2_font=&#8220;Roboto||||||||&#8220; animation_style=&#8220;fade&#8220; header_font_size_tablet=&#8220;&#8220; header_font_size_phone=&#8220;21px&#8220; header_font_size_last_edited=&#8220;on|phone&#8220; header_2_font_size_tablet=&#8220;&#8220; header_2_font_size_phone=&#8220;19px&#8220; header_2_font_size_last_edited=&#8220;on|phone&#8220; global_colors_info=&#8220;{}&#8220;]<\/p>\n<h2>5. Odst\u00fapenie od zmluvy<\/h2>\n<p>[\/et_pb_text][et_pb_text _builder_version=&#8220;4.27.4&#8243; _module_preset=&#8220;default&#8220; text_font=&#8220;Roboto||||||||&#8220; animation_style=&#8220;fade&#8220; global_colors_info=&#8220;{}&#8220;]<\/p>\n<ul>\n<li>Kupuj\u00faci m\u00e1 pr\u00e1vo odst\u00fapi\u0165 od k\u00fapnej zmluvy do 14 dn\u00ed od prevzatia tovaru bez uvedenia d\u00f4vodu.<\/li>\n<li>Kupuj\u00faci je povinn\u00fd vr\u00e1ti\u0165 nepo\u0161koden\u00fd a nepou\u017e\u00edvan\u00fd tovar vr\u00e1tane origin\u00e1lneho obalu.<\/li>\n<li>N\u00e1klady na vr\u00e1tenie tovaru zn\u00e1\u0161a kupuj\u00faci, ak nie je dohodnut\u00e9 inak.<\/li>\n<li>Pred\u00e1vaj\u00faci je povinn\u00fd vr\u00e1ti\u0165 kupuj\u00facemu cenu tovaru do 14 dn\u00ed od prijatia vr\u00e1ten\u00e9ho tovaru.<\/li>\n<\/ul>\n<p>[\/et_pb_text][et_pb_text _builder_version=&#8220;4.27.4&#8243; _module_preset=&#8220;default&#8220; header_2_font=&#8220;Roboto||||||||&#8220; animation_style=&#8220;fade&#8220; header_font_size_tablet=&#8220;&#8220; header_font_size_phone=&#8220;21px&#8220; header_font_size_last_edited=&#8220;on|phone&#8220; header_2_font_size_tablet=&#8220;&#8220; header_2_font_size_phone=&#8220;19px&#8220; header_2_font_size_last_edited=&#8220;on|phone&#8220; global_colors_info=&#8220;{}&#8220;]<\/p>\n<h2>6. Reklam\u00e1cie a z\u00e1ruka<\/h2>\n<p>[\/et_pb_text][et_pb_text _builder_version=&#8220;4.27.4&#8243; _module_preset=&#8220;default&#8220; text_font=&#8220;Roboto||||||||&#8220; animation_style=&#8220;fade&#8220; global_colors_info=&#8220;{}&#8220;]<\/p>\n<ul>\n<li>Na tovar sa vz\u0165ahuje z\u00e1ruka 1 mesiac od d\u00e1tumu prevzatia tovaru, pokia\u013e nie je uveden\u00e9 inak.<\/li>\n<li>Kupuj\u00faci je povinn\u00fd reklam\u00e1ciu ozn\u00e1mi\u0165 pred\u00e1vaj\u00facemu prostredn\u00edctvom e-mailu alebo p\u00edsomne.<\/li>\n<li>Reklamovan\u00fd tovar mus\u00ed by\u0165 nepou\u017eit\u00fd, nepo\u0161koden\u00fd a mus\u00ed by\u0165 dolo\u017een\u00fd doklad o n\u00e1kupe.<\/li>\n<li>Pred\u00e1vaj\u00faci je povinn\u00fd vyrie\u0161i\u0165 reklam\u00e1ciu v lehote 30 dn\u00ed od jej prijatia.<\/li>\n<\/ul>\n<p>[\/et_pb_text][et_pb_text _builder_version=&#8220;4.27.4&#8243; _module_preset=&#8220;default&#8220; header_2_font=&#8220;Roboto||||||||&#8220; animation_style=&#8220;fade&#8220; header_font_size_tablet=&#8220;&#8220; header_font_size_phone=&#8220;21px&#8220; header_font_size_last_edited=&#8220;on|phone&#8220; header_2_font_size_tablet=&#8220;&#8220; header_2_font_size_phone=&#8220;19px&#8220; header_2_font_size_last_edited=&#8220;on|phone&#8220; global_colors_info=&#8220;{}&#8220;]<\/p>\n<h2>7. Ochrana osobn\u00fdch \u00fadajov<\/h2>\n<p>[\/et_pb_text][et_pb_text _builder_version=&#8220;4.27.4&#8243; _module_preset=&#8220;default&#8220; text_font=&#8220;Roboto||||||||&#8220; animation_style=&#8220;fade&#8220; global_colors_info=&#8220;{}&#8220;]<\/p>\n<ul>\n<li>Pred\u00e1vaj\u00faci sprac\u00fava osobn\u00e9 \u00fadaje kupuj\u00faceho v s\u00falade so z\u00e1konom \u010d. 18\/2018 Z.z. o ochrane osobn\u00fdch \u00fadajov a GDPR.<\/li>\n<li>\u00da\u010delom spracovania je vybavenie objedn\u00e1vky a komunik\u00e1cia s kupuj\u00facim.<\/li>\n<\/ul>\n<p>[\/et_pb_text][et_pb_text _builder_version=&#8220;4.27.4&#8243; _module_preset=&#8220;default&#8220; header_2_font=&#8220;Roboto||||||||&#8220; animation_style=&#8220;fade&#8220; header_font_size_tablet=&#8220;&#8220; header_font_size_phone=&#8220;21px&#8220; header_font_size_last_edited=&#8220;on|phone&#8220; header_2_font_size_tablet=&#8220;&#8220; header_2_font_size_phone=&#8220;19px&#8220; header_2_font_size_last_edited=&#8220;on|phone&#8220; global_colors_info=&#8220;{}&#8220;]<\/p>\n<h2>8. Z\u00e1vere\u010dn\u00e9 ustanovenia<\/h2>\n<p>[\/et_pb_text][et_pb_text _builder_version=&#8220;4.27.4&#8243; _module_preset=&#8220;default&#8220; text_font=&#8220;Roboto||||||||&#8220; animation_style=&#8220;fade&#8220; global_colors_info=&#8220;{}&#8220;]<\/p>\n<ul>\n<li>Tieto obchodn\u00e9 podmienky s\u00fa platn\u00e9 od 13.01.2025<\/li>\n<li>Pred\u00e1vaj\u00faci si vyhradzuje pr\u00e1vo zmeni\u0165 obchodn\u00e9 podmienky.<\/li>\n<li>Ak\u00e9ko\u013evek spory medzi pred\u00e1vaj\u00facim a kupuj\u00facim bud\u00fa rie\u0161en\u00e9 mimos\u00fadnou cestou alebo na pr\u00edslu\u0161nom s\u00fade.<\/li>\n<\/ul>\n<p>[\/et_pb_text][\/et_pb_column][\/et_pb_row][\/et_pb_section]<\/p>\n","protected":false},"excerpt":{"rendered":"<p>Obchodn\u00e9 podmienkyTieto obchodn\u00e9 podmienky upravuj\u00fa pr\u00e1va a povinnosti medzi pred\u00e1vaj\u00facim a kupuj\u00facim pri n\u00e1kupe tovaru prostredn\u00edctvom e-shopu 3D Print R&amp;G, dostupn\u00e9ho na adrese www.3dprintrg.sk1. Z\u00e1kladn\u00e9 \u00fadaje o pred\u00e1vaj\u00facom Obchodn\u00e9 meno: 3D Print R&amp;G S\u00eddlo: Sta\u0161kov 926,O2353 I\u010cO: 56348819 DI\u010c: 1129929669 Kontaktn\u00fd e-mail: info@3dprintrg.sk Telef\u00f3nne \u010d\u00edslo: +421 917 299 054 \/ +421 915 173 661 2. [&hellip;]<\/p>\n","protected":false},"author":1,"featured_media":0,"parent":0,"menu_order":0,"comment_status":"closed","ping_status":"closed","template":"","meta":{"_et_pb_use_builder":"on","_et_pb_old_content":"","_et_gb_content_width":"","iawp_total_views":74,"footnotes":""},"dipi_cpt_category":[],"class_list":["post-220","page","type-page","status-publish","hentry"],"jetpack_sharing_enabled":true,"_links":{"self":[{"href":"https:\/\/www.3dprintrg.sk\/cz\/wp-json\/wp\/v2\/pages\/220","targetHints":{"allow":["GET"]}}],"collection":[{"href":"https:\/\/www.3dprintrg.sk\/cz\/wp-json\/wp\/v2\/pages"}],"about":[{"href":"https:\/\/www.3dprintrg.sk\/cz\/wp-json\/wp\/v2\/types\/page"}],"author":[{"embeddable":true,"href":"https:\/\/www.3dprintrg.sk\/cz\/wp-json\/wp\/v2\/users\/1"}],"replies":[{"embeddable":true,"href":"https:\/\/www.3dprintrg.sk\/cz\/wp-json\/wp\/v2\/comments?post=220"}],"version-history":[{"count":7,"href":"https:\/\/www.3dprintrg.sk\/cz\/wp-json\/wp\/v2\/pages\/220\/revisions"}],"predecessor-version":[{"id":4387,"href":"https:\/\/www.3dprintrg.sk\/cz\/wp-json\/wp\/v2\/pages\/220\/revisions\/4387"}],"wp:attachment":[{"href":"https:\/\/www.3dprintrg.sk\/cz\/wp-json\/wp\/v2\/media?parent=220"}],"wp:term":[{"taxonomy":"dipi_cpt_category","embeddable":true,"href":"https:\/\/www.3dprintrg.sk\/cz\/wp-json\/wp\/v2\/dipi_cpt_category?post=220"}],"curies":[{"name":"wp","href":"https:\/\/api.w.org\/{rel}","templated":true}]}}