{"id":226,"date":"2025-01-11T14:59:35","date_gmt":"2025-01-11T13:59:35","guid":{"rendered":"https:\/\/www.3dprintrg.sk\/?page_id=226"},"modified":"2025-01-15T19:08:37","modified_gmt":"2025-01-15T18:08:37","slug":"ochrana-osobnych-udajov","status":"publish","type":"page","link":"https:\/\/www.3dprintrg.sk\/cz\/ochrana-osobnych-udajov\/","title":{"rendered":"Ochrana osobn\u00edch \u00fadaj\u016f"},"content":{"rendered":"<p>[et_pb_section fb_built=&#8220;1&#8243; _builder_version=&#8220;4.27.4&#8243; _module_preset=&#8220;default&#8220; global_colors_info=&#8220;{}&#8220;][et_pb_row _builder_version=&#8220;4.27.4&#8243; _module_preset=&#8220;default&#8220; max_width=&#8220;1200px&#8220; global_colors_info=&#8220;{}&#8220;][et_pb_column type=&#8220;4_4&#8243; _builder_version=&#8220;4.27.4&#8243; _module_preset=&#8220;default&#8220; global_colors_info=&#8220;{}&#8220;][et_pb_text _builder_version=&#8220;4.27.4&#8243; _module_preset=&#8220;default&#8220; header_font=&#8220;Roboto||||||||&#8220; animation_style=&#8220;fade&#8220; header_font_size_tablet=&#8220;&#8220; header_font_size_phone=&#8220;25px&#8220; header_font_size_last_edited=&#8220;on|phone&#8220; global_colors_info=&#8220;{}&#8220;]<\/p>\n<h1>Ochrana osobn\u00fdch \u00fadajov<\/h1>\n<p>[\/et_pb_text][et_pb_text _builder_version=&#8220;4.27.4&#8243; _module_preset=&#8220;default&#8220; text_font=&#8220;Roboto||||||||&#8220; animation_style=&#8220;fade&#8220; global_colors_info=&#8220;{}&#8220;]<\/p>\n<p>Va\u0161a d\u00f4vera je pre n\u00e1s d\u00f4le\u017eit\u00e1, a preto sa zav\u00e4zujeme chr\u00e1ni\u0165 va\u0161e osobn\u00e9 \u00fadaje v s\u00falade so z\u00e1konom \u010d. 18\/2018 Z. z. o ochrane osobn\u00fdch \u00fadajov a Nariaden\u00edm Eur\u00f3pskeho parlamentu a Rady (E\u00da) 2016\/679 (GDPR). Tento dokument vysvet\u013euje, ak\u00e9 \u00fadaje zhroma\u017e\u010fujeme, ako ich pou\u017e\u00edvame a ak\u00e9 s\u00fa va\u0161e pr\u00e1va.<\/p>\n<p>[\/et_pb_text][et_pb_text _builder_version=&#8220;4.27.4&#8243; _module_preset=&#8220;default&#8220; header_2_font=&#8220;Roboto||||||||&#8220; animation_style=&#8220;fade&#8220; header_2_font_size_tablet=&#8220;&#8220; header_2_font_size_phone=&#8220;19px&#8220; header_2_font_size_last_edited=&#8220;on|phone&#8220; global_colors_info=&#8220;{}&#8220;]<\/p>\n<h2>1. Kto je spr\u00e1vcom va\u0161ich osobn\u00fdch \u00fadajov?<\/h2>\n<p>[\/et_pb_text][et_pb_text _builder_version=&#8220;4.27.4&#8243; _module_preset=&#8220;default&#8220; text_font=&#8220;Roboto||||||||&#8220; animation_style=&#8220;fade&#8220; global_colors_info=&#8220;{}&#8220;]<\/p>\n<ul>\n<li>Spr\u00e1vca: 3D Print R&amp;G<\/li>\n<li>S\u00eddlo: Sta\u0161kov 926,O2353<\/li>\n<li>I\u010cO: 56348819<\/li>\n<li>DI\u010c: 1129929669<\/li>\n<li>Kontaktn\u00fd e-mail: info@3dprintrg.sk<\/li>\n<li>Telef\u00f3nne \u010d\u00edslo: +421 917 299 054 \/ +421 915 173 661<\/li>\n<\/ul>\n<p>[\/et_pb_text][et_pb_text _builder_version=&#8220;4.27.4&#8243; _module_preset=&#8220;default&#8220; header_2_font=&#8220;Roboto||||||||&#8220; animation_style=&#8220;fade&#8220; header_2_font_size_tablet=&#8220;&#8220; header_2_font_size_phone=&#8220;19px&#8220; header_2_font_size_last_edited=&#8220;on|phone&#8220; global_colors_info=&#8220;{}&#8220;]<\/p>\n<h2>2. Ak\u00e9 \u00fadaje zhroma\u017e\u010fujeme?<\/h2>\n<p>[\/et_pb_text][et_pb_text _builder_version=&#8220;4.27.4&#8243; _module_preset=&#8220;default&#8220; text_font=&#8220;Roboto||||||||&#8220; animation_style=&#8220;fade&#8220; global_colors_info=&#8220;{}&#8220;]<\/p>\n<p>Pri va\u0161ej n\u00e1v\u0161teve a pou\u017e\u00edvan\u00ed n\u00e1\u0161ho e-shopu m\u00f4\u017eeme zhroma\u017e\u010fova\u0165 nasleduj\u00face \u00fadaje:<\/p>\n<ul>\n<li><strong>\u00dadaje poskytnut\u00e9 pri n\u00e1kupe:<\/strong> meno, priezvisko, adresa, e-mail, telef\u00f3nne \u010d\u00edslo.<\/li>\n<li><strong>\u00dadaje pre faktur\u00e1ciu:<\/strong> I\u010cO, DI\u010c, pr\u00edpadne I\u010c DPH (pri podnikate\u013eoch).<\/li>\n<li><strong>\u00dadaje z cookies:<\/strong> IP adresa, typ prehliada\u010da, \u010das pr\u00edstupu, nav\u0161t\u00edven\u00e9 str\u00e1nky.<\/li>\n<\/ul>\n<p>[\/et_pb_text][et_pb_text _builder_version=&#8220;4.27.4&#8243; _module_preset=&#8220;default&#8220; header_2_font=&#8220;Roboto||||||||&#8220; animation_style=&#8220;fade&#8220; header_2_font_size_tablet=&#8220;&#8220; header_2_font_size_phone=&#8220;19px&#8220; header_2_font_size_last_edited=&#8220;on|phone&#8220; global_colors_info=&#8220;{}&#8220;]<\/p>\n<h2>3. Na ak\u00e9 \u00fa\u010dely pou\u017e\u00edvame va\u0161e \u00fadaje?<\/h2>\n<p>[\/et_pb_text][et_pb_text _builder_version=&#8220;4.27.4&#8243; _module_preset=&#8220;default&#8220; text_font=&#8220;Roboto||||||||&#8220; animation_style=&#8220;fade&#8220; global_colors_info=&#8220;{}&#8220;]<\/p>\n<ul>\n<li><strong>Vybavenie objedn\u00e1vky:<\/strong> Spracovanie a doru\u010denie objedn\u00e1vky, komunik\u00e1cia so z\u00e1kazn\u00edkom.<\/li>\n<li><strong>Zlep\u0161ovanie slu\u017eieb:<\/strong> Anal\u00fdza n\u00e1v\u0161tevnosti a spr\u00e1vania na str\u00e1nke.<\/li>\n<li><strong>Z\u00e1konn\u00e9 povinnosti:<\/strong> Uchov\u00e1vanie \u00fadajov pre \u00fa\u010dely da\u0148ov\u00fdch a \u00fa\u010dtovn\u00fdch predpisov.<\/li>\n<\/ul>\n<p>[\/et_pb_text][et_pb_text _builder_version=&#8220;4.27.4&#8243; _module_preset=&#8220;default&#8220; header_2_font=&#8220;Roboto||||||||&#8220; animation_style=&#8220;fade&#8220; header_2_font_size_tablet=&#8220;&#8220; header_2_font_size_phone=&#8220;19px&#8220; header_2_font_size_last_edited=&#8220;on|phone&#8220; global_colors_info=&#8220;{}&#8220;]<\/p>\n<h2>4. Kto m\u00e1 pr\u00edstup k va\u0161im \u00fadajom?<\/h2>\n<p>[\/et_pb_text][et_pb_text _builder_version=&#8220;4.27.4&#8243; _module_preset=&#8220;default&#8220; text_font=&#8220;Roboto||||||||&#8220; animation_style=&#8220;fade&#8220; global_colors_info=&#8220;{}&#8220;]<\/p>\n<p>Va\u0161e \u00fadaje s\u00fa spr\u00edstupnen\u00e9 iba:<\/p>\n<ul>\n<li>Zamestnancom alebo spolupracovn\u00edkom potrebn\u00fdm na spracovanie objedn\u00e1vok.<\/li>\n<li>Dopravn\u00fdm spolo\u010dnostiam na doru\u010denie z\u00e1sielky.<\/li>\n<li>\u00da\u010dtovn\u00fdm a pr\u00e1vnym subjektom v s\u00falade s legislat\u00edvou.<\/li>\n<\/ul>\n<p>[\/et_pb_text][et_pb_text _builder_version=&#8220;4.27.4&#8243; _module_preset=&#8220;default&#8220; header_2_font=&#8220;Roboto||||||||&#8220; animation_style=&#8220;fade&#8220; header_2_font_size_tablet=&#8220;&#8220; header_2_font_size_phone=&#8220;19px&#8220; header_2_font_size_last_edited=&#8220;on|phone&#8220; global_colors_info=&#8220;{}&#8220;]<\/p>\n<h2>5. Ako dlho uchov\u00e1vame va\u0161e \u00fadaje?<\/h2>\n<p>[\/et_pb_text][et_pb_text _builder_version=&#8220;4.27.4&#8243; _module_preset=&#8220;default&#8220; text_font=&#8220;Roboto||||||||&#8220; animation_style=&#8220;fade&#8220; global_colors_info=&#8220;{}&#8220;]<\/p>\n<p>Va\u0161e osobn\u00e9 \u00fadaje uchov\u00e1vame:<\/p>\n<ul>\n<li>Po\u010das doby nevyhnutnej na splnenie zmluvy (napr. doru\u010denie objedn\u00e1vky).<\/li>\n<li>Po dobu stanoven\u00fa z\u00e1konom<\/li>\n<li>Pre marketingov\u00e9 \u00fa\u010dely do odvolania s\u00fahlasu.<\/li>\n<\/ul>\n<p>[\/et_pb_text][et_pb_text _builder_version=&#8220;4.27.4&#8243; _module_preset=&#8220;default&#8220; header_2_font=&#8220;Roboto||||||||&#8220; animation_style=&#8220;fade&#8220; header_2_font_size_tablet=&#8220;&#8220; header_2_font_size_phone=&#8220;19px&#8220; header_2_font_size_last_edited=&#8220;on|phone&#8220; global_colors_info=&#8220;{}&#8220;]<\/p>\n<h2>6. Ak\u00e9 s\u00fa va\u0161e pr\u00e1va?<\/h2>\n<p>[\/et_pb_text][et_pb_text _builder_version=&#8220;4.27.4&#8243; _module_preset=&#8220;default&#8220; text_font=&#8220;Roboto||||||||&#8220; animation_style=&#8220;fade&#8220; global_colors_info=&#8220;{}&#8220;]<\/p>\n<p>M\u00e1te pr\u00e1vo:<\/p>\n<ul>\n<li><strong>Na pr\u00edstup k \u00fadajom:<\/strong> Z\u00edska\u0165 inform\u00e1cie o sprac\u00favan\u00fdch \u00fadajoch.<\/li>\n<li><strong>Na opravu:<\/strong> Po\u017eiada\u0165 o opravu nepresn\u00fdch \u00fadajov.<\/li>\n<li><strong>Na v\u00fdmaz:<\/strong> Po\u017eiada\u0165 o odstr\u00e1nenie \u00fadajov, ak u\u017e nie s\u00fa potrebn\u00e9.<\/li>\n<li><strong>Na obmedzenie sprac\u00favania:<\/strong> Obmedzi\u0165 pou\u017e\u00edvanie \u00fadajov v ur\u010dit\u00fdch pr\u00edpadoch.<\/li>\n<li><strong>Na prenosite\u013enos\u0165 \u00fadajov:<\/strong> Prenies\u0165 \u00fadaje k in\u00e9mu poskytovate\u013eovi slu\u017eieb.<\/li>\n<\/ul>\n<p>[\/et_pb_text][et_pb_text _builder_version=&#8220;4.27.4&#8243; _module_preset=&#8220;default&#8220; header_2_font=&#8220;Roboto||||||||&#8220; animation_style=&#8220;fade&#8220; header_2_font_size_tablet=&#8220;&#8220; header_2_font_size_phone=&#8220;19px&#8220; header_2_font_size_last_edited=&#8220;on|phone&#8220; global_colors_info=&#8220;{}&#8220;]<\/p>\n<h2>7. Ako pou\u017e\u00edvame cookies?<\/h2>\n<p>[\/et_pb_text][et_pb_text _builder_version=&#8220;4.27.4&#8243; _module_preset=&#8220;default&#8220; text_font=&#8220;Roboto||||||||&#8220; link_font=&#8220;Roboto||||||||&#8220; link_text_color=&#8220;#fc8eac&#8220; animation_style=&#8220;fade&#8220; global_colors_info=&#8220;{}&#8220;]<\/p>\n<p>Pou\u017e\u00edvame cookies na:<\/p>\n<ul>\n<li>Ulo\u017eenie va\u0161ich preferenci\u00ed.<\/li>\n<li>Anal\u00fdzu n\u00e1v\u0161tevnosti webu.<\/li>\n<li>Prisp\u00f4sobenie rekl\u00e1m va\u0161im z\u00e1ujmom.<\/li>\n<\/ul>\n<p>Pou\u017e\u00edvan\u00edm str\u00e1nky s\u00fahlas\u00edte s ich vyu\u017e\u00edvan\u00edm. Viac inform\u00e1ci\u00ed n\u00e1jdete v sekcii <a href=\"https:\/\/www.3dprintrg.sk\/cookies\/\">Cookies<\/a>.<\/p>\n<p>[\/et_pb_text][et_pb_text _builder_version=&#8220;4.27.4&#8243; _module_preset=&#8220;default&#8220; header_2_font=&#8220;Roboto||||||||&#8220; animation_style=&#8220;fade&#8220; header_2_font_size_tablet=&#8220;&#8220; header_2_font_size_phone=&#8220;19px&#8220; header_2_font_size_last_edited=&#8220;on|phone&#8220; global_colors_info=&#8220;{}&#8220;]<\/p>\n<h2>8. Ako n\u00e1s kontaktova\u0165?<\/h2>\n<p>[\/et_pb_text][et_pb_text _builder_version=&#8220;4.27.4&#8243; _module_preset=&#8220;default&#8220; text_font=&#8220;Roboto||||||||&#8220; animation_style=&#8220;fade&#8220; global_colors_info=&#8220;{}&#8220;]<\/p>\n<p>Ak m\u00e1te ot\u00e1zky alebo chcete uplatni\u0165 svoje pr\u00e1va, kontaktujte n\u00e1s na:<\/p>\n<ul>\n<li><strong>E-mail:<\/strong> info@3dprintrg.sk<\/li>\n<li><strong>Telef\u00f3n: <\/strong>+421 917 299 054 \/ +421 915 173 661<\/li>\n<\/ul>\n<p>[\/et_pb_text][\/et_pb_column][\/et_pb_row][\/et_pb_section]<\/p>\n","protected":false},"excerpt":{"rendered":"<p>Ochrana osobn\u00fdch \u00fadajovVa\u0161a d\u00f4vera je pre n\u00e1s d\u00f4le\u017eit\u00e1, a preto sa zav\u00e4zujeme chr\u00e1ni\u0165 va\u0161e osobn\u00e9 \u00fadaje v s\u00falade so z\u00e1konom \u010d. 18\/2018 Z. z. o ochrane osobn\u00fdch \u00fadajov a Nariaden\u00edm Eur\u00f3pskeho parlamentu a Rady (E\u00da) 2016\/679 (GDPR). Tento dokument vysvet\u013euje, ak\u00e9 \u00fadaje zhroma\u017e\u010fujeme, ako ich pou\u017e\u00edvame a ak\u00e9 s\u00fa va\u0161e pr\u00e1va.1. Kto je spr\u00e1vcom va\u0161ich [&hellip;]<\/p>\n","protected":false},"author":1,"featured_media":0,"parent":0,"menu_order":0,"comment_status":"closed","ping_status":"closed","template":"","meta":{"_et_pb_use_builder":"on","_et_pb_old_content":"","_et_gb_content_width":"","iawp_total_views":14,"footnotes":""},"dipi_cpt_category":[],"class_list":["post-226","page","type-page","status-publish","hentry"],"jetpack_sharing_enabled":true,"_links":{"self":[{"href":"https:\/\/www.3dprintrg.sk\/cz\/wp-json\/wp\/v2\/pages\/226","targetHints":{"allow":["GET"]}}],"collection":[{"href":"https:\/\/www.3dprintrg.sk\/cz\/wp-json\/wp\/v2\/pages"}],"about":[{"href":"https:\/\/www.3dprintrg.sk\/cz\/wp-json\/wp\/v2\/types\/page"}],"author":[{"embeddable":true,"href":"https:\/\/www.3dprintrg.sk\/cz\/wp-json\/wp\/v2\/users\/1"}],"replies":[{"embeddable":true,"href":"https:\/\/www.3dprintrg.sk\/cz\/wp-json\/wp\/v2\/comments?post=226"}],"version-history":[{"count":5,"href":"https:\/\/www.3dprintrg.sk\/cz\/wp-json\/wp\/v2\/pages\/226\/revisions"}],"predecessor-version":[{"id":598,"href":"https:\/\/www.3dprintrg.sk\/cz\/wp-json\/wp\/v2\/pages\/226\/revisions\/598"}],"wp:attachment":[{"href":"https:\/\/www.3dprintrg.sk\/cz\/wp-json\/wp\/v2\/media?parent=226"}],"wp:term":[{"taxonomy":"dipi_cpt_category","embeddable":true,"href":"https:\/\/www.3dprintrg.sk\/cz\/wp-json\/wp\/v2\/dipi_cpt_category?post=226"}],"curies":[{"name":"wp","href":"https:\/\/api.w.org\/{rel}","templated":true}]}}