{"id":232,"date":"2025-01-11T15:18:47","date_gmt":"2025-01-11T14:18:47","guid":{"rendered":"https:\/\/www.3dprintrg.sk\/?page_id=232"},"modified":"2026-03-23T12:42:18","modified_gmt":"2026-03-23T11:42:18","slug":"doprava-a-platba","status":"publish","type":"page","link":"https:\/\/www.3dprintrg.sk\/cz\/doprava-a-platba\/","title":{"rendered":"Doprava a platba"},"content":{"rendered":"<p>[et_pb_section fb_built=&#8220;1&#8243; _builder_version=&#8220;4.27.4&#8243; _module_preset=&#8220;default&#8220; global_colors_info=&#8220;{}&#8220;][et_pb_row _builder_version=&#8220;4.27.4&#8243; _module_preset=&#8220;default&#8220; max_width=&#8220;1200px&#8220; global_colors_info=&#8220;{}&#8220;][et_pb_column type=&#8220;4_4&#8243; _builder_version=&#8220;4.27.4&#8243; _module_preset=&#8220;default&#8220; global_colors_info=&#8220;{}&#8220;][et_pb_text _builder_version=&#8220;4.27.4&#8243; _module_preset=&#8220;default&#8220; header_font=&#8220;Roboto||||||||&#8220; animation_style=&#8220;fade&#8220; header_font_size_tablet=&#8220;&#8220; header_font_size_phone=&#8220;25px&#8220; header_font_size_last_edited=&#8220;on|phone&#8220; global_colors_info=&#8220;{}&#8220;]<\/p>\n<h1>Doprava a platba<\/h1>\n<p>[\/et_pb_text][et_pb_text _builder_version=&#8220;4.27.4&#8243; _module_preset=&#8220;default&#8220; text_font=&#8220;Roboto||||||||&#8220; animation_style=&#8220;fade&#8220; global_colors_info=&#8220;{}&#8220;]<\/p>\n<p>Pon\u00fakame v\u00e1m r\u00f4zne mo\u017enosti dopravy a platby, aby sme zabezpe\u010dili pohodln\u00fd a bezpe\u010dn\u00fd n\u00e1kup.<\/p>\n<p>[\/et_pb_text][et_pb_text _builder_version=&#8220;4.27.4&#8243; _module_preset=&#8220;default&#8220; animation_style=&#8220;fade&#8220; header_2_font_size_tablet=&#8220;&#8220; header_2_font_size_phone=&#8220;20px&#8220; header_2_font_size_last_edited=&#8220;on|phone&#8220; global_colors_info=&#8220;{}&#8220;]<\/p>\n<h2>Mo\u017enosti dopravy<\/h2>\n<p>[\/et_pb_text][et_pb_text _builder_version=&#8220;4.27.6&#8243; _module_preset=&#8220;default&#8220; text_font=&#8220;Roboto||||||||&#8220; animation_style=&#8220;fade&#8220; hover_enabled=&#8220;0&#8243; global_colors_info=&#8220;{}&#8220; sticky_enabled=&#8220;0&#8243;]<\/p>\n<ol>\n<li><span>Slovensk\u00e1 po\u0161ta &#8211; doporu\u010den\u00e1 po\u0161ta 1.trieda\u00a0<\/span>\n<ul>\n<li>Doru\u010denie priamo na va\u0161u adresu.<\/li>\n<\/ul>\n<\/li>\n<li>Z\u00e1sielkov\u0148a \/ Packeta\n<ul>\n<li>Doru\u010denie na v\u00fddajn\u00e9 miesto vo va\u0161om okol\u00ed.<\/li>\n<\/ul>\n<\/li>\n<li>Osobn\u00fd odber\n<ul>\n<li>Mo\u017enos\u0165 vyzdvihn\u00fa\u0165 objedn\u00e1vku na na\u0161ej adrese<\/li>\n<\/ul>\n<\/li>\n<li>SPS\/bal\u00edkovo -Doru\u010denie na v\u00fddajn\u00e9 miesto vo va\u0161om okol\u00ed.<\/li>\n<li>Doprava zdarma\n<ul>\n<li>Pri objedn\u00e1vkach nad 40 \u20ac.<\/li>\n<\/ul>\n<\/li>\n<\/ol>\n<ol><\/ol>\n<p>[\/et_pb_text][et_pb_text _builder_version=&#8220;4.27.4&#8243; _module_preset=&#8220;default&#8220; animation_style=&#8220;fade&#8220; header_2_font_size_tablet=&#8220;&#8220; header_2_font_size_phone=&#8220;20px&#8220; header_2_font_size_last_edited=&#8220;on|phone&#8220; global_colors_info=&#8220;{}&#8220;]<\/p>\n<h2>Mo\u017enosti platby<\/h2>\n<p>[\/et_pb_text][et_pb_text _builder_version=&#8220;4.27.4&#8243; _module_preset=&#8220;default&#8220; text_font=&#8220;Roboto||||||||&#8220; custom_margin=&#8220;||-1px|||&#8220; custom_padding=&#8220;||0px|||&#8220; animation_style=&#8220;fade&#8220; global_colors_info=&#8220;{}&#8220;]<\/p>\n<ol>\n<li>Platba kartou online<\/li>\n<li>Bankov\u00fd prevod<\/li>\n<\/ol>\n<ul>\n<li style=\"list-style-type: none;\">\n<ul><\/ul>\n<\/li>\n<\/ul>\n<p>[\/et_pb_text][et_pb_text _builder_version=&#8220;4.27.4&#8243; _module_preset=&#8220;default&#8220; animation_style=&#8220;fade&#8220; header_2_font_size_tablet=&#8220;&#8220; header_2_font_size_phone=&#8220;20px&#8220; header_2_font_size_last_edited=&#8220;on|phone&#8220; global_colors_info=&#8220;{}&#8220;]<\/p>\n<h2>Doba doru\u010denia<\/h2>\n<p>[\/et_pb_text][et_pb_text _builder_version=&#8220;4.27.4&#8243; _module_preset=&#8220;default&#8220; text_font=&#8220;Roboto||||||||&#8220; animation_style=&#8220;fade&#8220; global_colors_info=&#8220;{}&#8220;]<\/p>\n<ul>\n<li>Doru\u010denie zvy\u010dajne trv\u00e1 1-3 pracovn\u00e9 dni, v z\u00e1vislosti od zvolen\u00e9ho sp\u00f4sobu dopravy.<\/li>\n<\/ul>\n<p>[\/et_pb_text][et_pb_text _builder_version=&#8220;4.27.4&#8243; _module_preset=&#8220;default&#8220; animation_style=&#8220;fade&#8220; header_2_font_size_tablet=&#8220;&#8220; header_2_font_size_phone=&#8220;20px&#8220; header_2_font_size_last_edited=&#8220;on|phone&#8220; global_colors_info=&#8220;{}&#8220;]<\/p>\n<h2>Dodato\u010dn\u00e9 inform\u00e1cie<\/h2>\n<p>[\/et_pb_text][et_pb_text _builder_version=&#8220;4.27.4&#8243; _module_preset=&#8220;default&#8220; text_font=&#8220;Roboto||||||||&#8220; animation_style=&#8220;fade&#8220; global_colors_info=&#8220;{}&#8220;]<\/p>\n<ul>\n<li>Pri preberan\u00ed z\u00e1sielky skontrolujte jej stav. Ak je bal\u00edk po\u0161koden\u00fd, sp\u00ed\u0161te s kuri\u00e9rom \u0161kodov\u00fd protokol a kontaktujte n\u00e1s.<\/li>\n<\/ul>\n<p>[\/et_pb_text][\/et_pb_column][\/et_pb_row][\/et_pb_section]<\/p>\n","protected":false},"excerpt":{"rendered":"<p>Doprava a platbaPon\u00fakame v\u00e1m r\u00f4zne mo\u017enosti dopravy a platby, aby sme zabezpe\u010dili pohodln\u00fd a bezpe\u010dn\u00fd n\u00e1kup.Mo\u017enosti dopravy Slovensk\u00e1 po\u0161ta &#8211; doporu\u010den\u00e1 po\u0161ta 1.trieda\u00a0 Doru\u010denie priamo na va\u0161u adresu. Z\u00e1sielkov\u0148a \/ Packeta Doru\u010denie na v\u00fddajn\u00e9 miesto vo va\u0161om okol\u00ed. Osobn\u00fd odber Mo\u017enos\u0165 vyzdvihn\u00fa\u0165 objedn\u00e1vku na na\u0161ej adrese SPS\/bal\u00edkovo -Doru\u010denie na v\u00fddajn\u00e9 miesto vo va\u0161om okol\u00ed. Doprava [&hellip;]<\/p>\n","protected":false},"author":1,"featured_media":0,"parent":0,"menu_order":0,"comment_status":"closed","ping_status":"closed","template":"","meta":{"_et_pb_use_builder":"on","_et_pb_old_content":"","_et_gb_content_width":"","iawp_total_views":104,"footnotes":""},"dipi_cpt_category":[],"class_list":["post-232","page","type-page","status-publish","hentry"],"jetpack_sharing_enabled":true,"_links":{"self":[{"href":"https:\/\/www.3dprintrg.sk\/cz\/wp-json\/wp\/v2\/pages\/232","targetHints":{"allow":["GET"]}}],"collection":[{"href":"https:\/\/www.3dprintrg.sk\/cz\/wp-json\/wp\/v2\/pages"}],"about":[{"href":"https:\/\/www.3dprintrg.sk\/cz\/wp-json\/wp\/v2\/types\/page"}],"author":[{"embeddable":true,"href":"https:\/\/www.3dprintrg.sk\/cz\/wp-json\/wp\/v2\/users\/1"}],"replies":[{"embeddable":true,"href":"https:\/\/www.3dprintrg.sk\/cz\/wp-json\/wp\/v2\/comments?post=232"}],"version-history":[{"count":8,"href":"https:\/\/www.3dprintrg.sk\/cz\/wp-json\/wp\/v2\/pages\/232\/revisions"}],"predecessor-version":[{"id":4386,"href":"https:\/\/www.3dprintrg.sk\/cz\/wp-json\/wp\/v2\/pages\/232\/revisions\/4386"}],"wp:attachment":[{"href":"https:\/\/www.3dprintrg.sk\/cz\/wp-json\/wp\/v2\/media?parent=232"}],"wp:term":[{"taxonomy":"dipi_cpt_category","embeddable":true,"href":"https:\/\/www.3dprintrg.sk\/cz\/wp-json\/wp\/v2\/dipi_cpt_category?post=232"}],"curies":[{"name":"wp","href":"https:\/\/api.w.org\/{rel}","templated":true}]}}