{"id":450,"date":"2025-01-14T13:06:00","date_gmt":"2025-01-14T12:06:00","guid":{"rendered":"https:\/\/www.3dprintrg.sk\/?page_id=450"},"modified":"2025-01-15T19:30:18","modified_gmt":"2025-01-15T18:30:18","slug":"odporucane","status":"publish","type":"page","link":"https:\/\/www.3dprintrg.sk\/cz\/odporucane\/","title":{"rendered":"Odporucane"},"content":{"rendered":"<p>[et_pb_section fb_built=&#8220;1&#8243; _builder_version=&#8220;4.27.4&#8243; _module_preset=&#8220;default&#8220; global_colors_info=&#8220;{}&#8220;][et_pb_row column_structure=&#8220;1_4,3_4&#8243; _builder_version=&#8220;4.27.4&#8243; _module_preset=&#8220;default&#8220; max_width=&#8220;1200px&#8220; global_colors_info=&#8220;{}&#8220;][et_pb_column type=&#8220;1_4&#8243; _builder_version=&#8220;4.27.4&#8243; _module_preset=&#8220;default&#8220; global_colors_info=&#8220;{}&#8220;][et_pb_sidebar _builder_version=&#8220;4.27.4&#8243; _module_preset=&#8220;default&#8220; border_radii=&#8220;on|5px|5px|5px|5px&#8220; box_shadow_style=&#8220;preset1&#8243; global_colors_info=&#8220;{}&#8220;][\/et_pb_sidebar][et_pb_code _builder_version=&#8220;4.27.4&#8243; _module_preset=&#8220;default&#8220; border_radii=&#8220;on|5px|5px|5px|5px&#8220; box_shadow_style=&#8220;preset1&#8243; global_colors_info=&#8220;{}&#8220;]<style type=\"text\/css\" id=\"wpfCustomCss-2_875702\">#wpfMainWrapper-2_875702{position:relative;width:100%;}#wpfMainWrapper-2_875702 .wpfFilterWrapper {visibility:hidden;width:100%;}#wpfMainWrapper-2_875702 .wpfLoaderLayout {position:absolute;top:0;bottom:0;left:0;right:0;background-color: rgba(255, 255, 255, 0.9);z-index: 999;}#wpfMainWrapper-2_875702 .wpfLoaderLayout i {position:absolute;z-index:9;top:50%;left:50%;margin-top:-30px;margin-left:-30px;color:rgba(0,0,0,.9);}<\/style><div class=\"wpfMainWrapper\" id=\"wpfMainWrapper-2_875702\" data-viewid=\"2_875702\" data-filter=\"2\" data-settings=\"{&quot;posts_per_page&quot;:16,&quot;posts_per_row&quot;:&quot;&quot;,&quot;paged&quot;:1,&quot;base&quot;:&quot;\\\/cz\\\/wp-json\\\/wp\\\/v2\\\/pages\\\/450?product-page=%#%&quot;,&quot;format &quot;:&quot;?product-page=%#%&quot;,&quot;page_id&quot;:450,&quot;paginate_base&quot;:&quot;page&quot;,&quot;paginate_type&quot;:&quot;url&quot;}\" data-default-query=\"\" data-filter-settings=\"{&quot;settings&quot;:{&quot;display_on_page&quot;:&quot;both&quot;,&quot;display_on_page_shortcode&quot;:&quot;0&quot;,&quot;display_for&quot;:&quot;both&quot;,&quot;force_show_current&quot;:&quot;0&quot;,&quot;desctop_mobile_breakpoint_switcher&quot;:&quot;0&quot;,&quot;desctop_mobile_breakpoint_width&quot;:&quot;0&quot;,&quot;hide_without_products&quot;:&quot;0&quot;,&quot;show_filter_immediately&quot;:&quot;0&quot;,&quot;initialise_immediately&quot;:&quot;0&quot;,&quot;count_product_shop&quot;:&quot;0&quot;,&quot;columns_product_shop&quot;:&quot;0&quot;,&quot;enable_ajax&quot;:&quot;1&quot;,&quot;remove_actions&quot;:&quot;0&quot;,&quot;display_status_private&quot;:&quot;0&quot;,&quot;product_list_selector&quot;:&quot;&quot;,&quot;product_container_selector&quot;:&quot;&quot;,&quot;force_theme_templates&quot;:&quot;0&quot;,&quot;recalculate_filters&quot;:&quot;0&quot;,&quot;no_redirect_by_no_products&quot;:&quot;0&quot;,&quot;do_not_use_shortcut&quot;:&quot;0&quot;,&quot;show_filtering_button&quot;:&quot;1&quot;,&quot;filtering_button_word&quot;:&quot;Vyh\u013eada\u0165&quot;,&quot;auto_update_filter&quot;:&quot;0&quot;,&quot;show_clean_button&quot;:&quot;0&quot;,&quot;show_clean_button_word&quot;:&quot;Clear&quot;,&quot;reset_all_filters&quot;:&quot;0&quot;,&quot;main_buttons_position&quot;:&quot;bottom&quot;,&quot;main_buttons_order&quot;:&quot;left&quot;,&quot;all_products_filtering&quot;:&quot;0&quot;,&quot;form_filter_by_all_products&quot;:&quot;0&quot;,&quot;show_clean_block&quot;:&quot;0&quot;,&quot;show_clean_block_word&quot;:&quot;Clear&quot;,&quot;filter_recount&quot;:&quot;0&quot;,&quot;filter_recount_price&quot;:&quot;0&quot;,&quot;keep_recount_price&quot;:&quot;0&quot;,&quot;filter_null_disabled&quot;:&quot;0&quot;,&quot;sort_by_title&quot;:&quot;0&quot;,&quot;checked_items_top&quot;:&quot;0&quot;,&quot;checked_items_bold&quot;:&quot;0&quot;,&quot;text_no_products&quot;:&quot;No products found&quot;,&quot;filtering_by_variations&quot;:&quot;1&quot;,&quot;form_filter_by_variations&quot;:&quot;0&quot;,&quot;exclude_backorder_variations&quot;:&quot;0&quot;,&quot;hide_filter_icon&quot;:&quot;1&quot;,&quot;use_title_as_slug&quot;:&quot;0&quot;,&quot;use_category_filtration&quot;:&quot;1&quot;,&quot;display_only_children_category&quot;:&quot;0&quot;,&quot;check_get_names&quot;:&quot;0&quot;,&quot;f_multi_logic&quot;:&quot;and&quot;,&quot;third_party_prefilter&quot;:&quot;0&quot;,&quot;filter_loader_icon_onload_enable&quot;:&quot;1&quot;,&quot;filter_loader_icon_color&quot;:&quot;#000000&quot;,&quot;filter_loader_icon_name&quot;:&quot;default&quot;,&quot;filter_loader_icon_number&quot;:&quot;0&quot;,&quot;enable_overlay&quot;:&quot;0&quot;,&quot;overlay_background&quot;:&quot;&quot;,&quot;enable_overlay_icon&quot;:&quot;0&quot;,&quot;enable_overlay_word&quot;:&quot;0&quot;,&quot;overlay_word&quot;:&quot;WooBeWoo&quot;,&quot;filter_width&quot;:&quot;100&quot;,&quot;filter_width_in&quot;:&quot;%&quot;,&quot;filter_width_mobile&quot;:&quot;100&quot;,&quot;filter_width_in_mobile&quot;:&quot;%&quot;,&quot;filter_block_width&quot;:&quot;100&quot;,&quot;filter_block_width_in&quot;:&quot;%&quot;,&quot;filter_block_width_mobile&quot;:&quot;100&quot;,&quot;filter_block_width_in_mobile&quot;:&quot;%&quot;,&quot;filter_block_height&quot;:&quot;&quot;,&quot;padding_child_list&quot;:&quot;&quot;,&quot;css_editor&quot;:&quot;&quot;,&quot;js_editor&quot;:&quot;&quot;,&quot;disable_fontawesome_loading&quot;:&quot;0&quot;,&quot;disable_plugin_styles&quot;:&quot;0&quot;,&quot;filters&quot;:{&quot;order&quot;:&quot;[{\\&quot;id\\&quot;:\\&quot;wpfPrice\\&quot;,\\&quot;uniqId\\&quot;:\\&quot;wpf_67865a200d152\\&quot;,\\&quot;name\\&quot;:\\&quot;\\&quot;,\\&quot;settings\\&quot;:{\\&quot;f_enable\\&quot;:true,\\&quot;f_title\\&quot;:\\&quot;Cena\\&quot;,\\&quot;f_name\\&quot;:\\&quot;Price\\&quot;,\\&quot;f_enable_title\\&quot;:\\&quot;no\\&quot;,\\&quot;f_enable_title_mobile\\&quot;:\\&quot;no\\&quot;,\\&quot;f_skin_type\\&quot;:\\&quot;default\\&quot;,\\&quot;f_show_inputs\\&quot;:true,\\&quot;f_currency_position\\&quot;:\\&quot;before\\&quot;,\\&quot;f_currency_show_as\\&quot;:\\&quot;symbol\\&quot;,\\&quot;f_price_tooltip_show_as\\&quot;:true}},{\\&quot;id\\&quot;:\\&quot;wpfRating\\&quot;,\\&quot;uniqId\\&quot;:\\&quot;wpf_67865a200d16f\\&quot;,\\&quot;name\\&quot;:\\&quot;\\&quot;,\\&quot;settings\\&quot;:{\\&quot;f_enable\\&quot;:true,\\&quot;f_title\\&quot;:\\&quot;Hodnotenie\\&quot;,\\&quot;f_name\\&quot;:\\&quot;Rating\\&quot;,\\&quot;f_enable_title\\&quot;:\\&quot;no\\&quot;,\\&quot;f_enable_title_mobile\\&quot;:\\&quot;no\\&quot;,\\&quot;f_frontend_type\\&quot;:\\&quot;linestars\\&quot;}}]&quot;,&quot;preselect&quot;:&quot;&quot;},&quot;shop_base_url&quot;:&quot;https:\\\/\\\/www.3dprintrg.sk\\\/cz\\\/&quot;}}\" data-nowoo=\"true\"><div class=\"wpfFilterWrapper wpfNotActive\" id=\"wpfBlock_1\" data-order-key=\"0\"  data-filter-type=\"wpfPrice\" data-get-attribute=\"wpf_min_price,wpf_max_price,tax\" data-content-type=\"meta\" data-slug=\"cena\" data-uniq-id=\"wpf_67865a200d152\" data-price-skin=\"default\" data-minvalue=\"0\" data-maxvalue=\"43\"><div class=\"wpfVisibleBufferMin wpfVisibilityHidden\"><\/div><div class=\"wpfVisibleBufferMax wpfVisibilityHidden\"><\/div><div class=\"wpfFilterContent\"><div id=\"wpfSliderRange\" class=\"wpfPriceFilterRange\"><\/div><div class=\"wpfPriceInputs\"><span class=\"wpfCurrencySymbol\">&euro;<\/span><label class=\"wpfSrOnly\" for=\"wpfMinPrice\">Minimum Price<\/label><input readonly type=\"number\" min=\"0\" max=\"42\" id=\"wpfMinPrice\" class=\"wpfPriceRangeField wpfPriceTooltipShowAsText\" value=\"0\" \/><span class=\"wpfFilterDelimeter\"> - <\/span><label class=\"wpfSrOnly\" for=\"wpfMaxPrice\">Maximum Price<\/label><input readonly type=\"number\"  min=\"0\" max=\"43\" id=\"wpfMaxPrice\" class=\"wpfPriceRangeField wpfPriceTooltipShowAsText\" value=\"43\" \/> <input readonly type=\"hidden\" id=\"wpfDataStep\" value=\"1\" \/><\/div><\/div><\/div><div class=\"wpfFilterWrapper wpfNotActive\" id=\"wpfBlock_2\" data-order-key=\"1\"  data-filter-type=\"wpfRating\" data-get-attribute=\"pr_rating\" data-display-type=\"list\" data-content-type=\"meta\" data-slug=\"hodnocen\u00ed\" data-uniq-id=\"wpf_67865a200d16f\"><div class=\"wpfFilterContent\"><div class=\"wpfCheckboxHier\"><ul class=\"wpfFilterVerScroll\"><li class=\"editablecat\" data-term-id=\"5-5\" data-parent=\"0\" data-term-slug=\"5-5\"><label class=\"wpfLiLabel\"><span class=\"wpfCheckbox\"><input type=\"checkbox\" id=\"wpfTaxonomyInputCheckbox5-584208\" ><label aria-label=\"Pouze 5\" for=\"wpfTaxonomyInputCheckbox5-584208\"><\/label><\/span><span class=\"wpfDisplay\"><span class=\"wpfValue\"><span class=\"wpfFilterTaxNameWrapper\">Pouze 5<\/span><\/span><\/span><\/label><\/li><li class=\"editablecat\" data-term-id=\"4-5\" data-parent=\"0\" data-term-slug=\"4-5\"><label class=\"wpfLiLabel\"><span class=\"wpfCheckbox\"><input type=\"checkbox\" id=\"wpfTaxonomyInputCheckbox4-545500\" ><label aria-label=\"4 a v\u00edce\" for=\"wpfTaxonomyInputCheckbox4-545500\"><\/label><\/span><span class=\"wpfDisplay\"><span class=\"wpfValue\"><span class=\"wpfFilterTaxNameWrapper\">4 a v\u00edce<\/span><\/span><\/span><\/label><\/li><li class=\"editablecat\" data-term-id=\"3-5\" data-parent=\"0\" data-term-slug=\"3-5\"><label class=\"wpfLiLabel\"><span class=\"wpfCheckbox\"><input type=\"checkbox\" id=\"wpfTaxonomyInputCheckbox3-546110\" ><label aria-label=\"3 a v\u00edce\" for=\"wpfTaxonomyInputCheckbox3-546110\"><\/label><\/span><span class=\"wpfDisplay\"><span class=\"wpfValue\"><span class=\"wpfFilterTaxNameWrapper\">3 a v\u00edce<\/span><\/span><\/span><\/label><\/li><li class=\"editablecat\" data-term-id=\"2-5\" data-parent=\"0\" data-term-slug=\"2-5\"><label class=\"wpfLiLabel\"><span class=\"wpfCheckbox\"><input type=\"checkbox\" id=\"wpfTaxonomyInputCheckbox2-596083\" ><label aria-label=\"2 a v\u00edce\" for=\"wpfTaxonomyInputCheckbox2-596083\"><\/label><\/span><span class=\"wpfDisplay\"><span class=\"wpfValue\"><span class=\"wpfFilterTaxNameWrapper\">2 a v\u00edce<\/span><\/span><\/span><\/label><\/li><li class=\"editablecat\" data-term-id=\"1-5\" data-parent=\"0\" data-term-slug=\"1-5\"><label class=\"wpfLiLabel\"><span class=\"wpfCheckbox\"><input type=\"checkbox\" id=\"wpfTaxonomyInputCheckbox1-519968\" ><label aria-label=\"1 a v\u00edce\" for=\"wpfTaxonomyInputCheckbox1-519968\"><\/label><\/span><span class=\"wpfDisplay\"><span class=\"wpfValue\"><span class=\"wpfFilterTaxNameWrapper\">1 a v\u00edce<\/span><\/span><\/span><\/label><\/li><\/ul><\/div><\/div><\/div><div class=\"wpfFilterButtons wpfFilterButtonsBottom\"><button class=\"wpfFilterButton wpfButton\">Vyh\u013eada\u0165<\/button><\/div><div class=\"wpfLoaderLayout\"><i class=\"fa fa-spinner fa-pulse fa-3x fa-fw\"><\/i><\/div><div class=\"wpfPreview wpfPreviewLoader wpfHidden\"><div class=\"woobewoo-filter-loader spinner\" ><\/div><\/div><\/div>[\/et_pb_code][\/et_pb_column][et_pb_column type=&#8220;3_4&#8243; _builder_version=&#8220;4.27.4&#8243; _module_preset=&#8220;default&#8220; global_colors_info=&#8220;{}&#8220;][et_pb_text _builder_version=&#8220;4.27.4&#8243; _module_preset=&#8220;default&#8220; header_font=&#8220;Roboto||||||||&#8220; header_text_align=&#8220;center&#8220; hover_enabled=&#8220;0&#8243; sticky_enabled=&#8220;0&#8243;]<\/p>\n<h1>Odpor\u00fa\u010dan\u00e9 Produkty<\/h1>\n<p>[\/et_pb_text][et_pb_shop type=&#8220;top_rated&#8220; posts_number=&#8220;24&#8243; show_pagination=&#8220;on&#8220; sale_badge_color=&#8220;#E02B20&#8243; icon_hover_color=&#8220;RGBA(255,255,255,0)&#8220; hover_overlay_color=&#8220;RGBA(255,255,255,0)&#8220; _builder_version=&#8220;4.27.4&#8243; _module_preset=&#8220;default&#8220; title_font=&#8220;Roboto||||||||&#8220; price_font=&#8220;Roboto||||||||&#8220; sale_badge_font=&#8220;Roboto|||on|||||&#8220; sale_price_font=&#8220;Roboto|700|||||||&#8220; rating_text_color=&#8220;#E09900&#8243; global_colors_info=&#8220;{}&#8220;][\/et_pb_shop][\/et_pb_column][\/et_pb_row][\/et_pb_section]<\/p>\n","protected":false},"excerpt":{"rendered":"<p><style type=\"text\/css\" id=\"wpfCustomCss-2_349302\">#wpfMainWrapper-2_349302{position:relative;width:100%;}#wpfMainWrapper-2_349302 .wpfFilterWrapper {visibility:hidden;width:100%;}#wpfMainWrapper-2_349302 .wpfLoaderLayout {position:absolute;top:0;bottom:0;left:0;right:0;background-color: rgba(255, 255, 255, 0.9);z-index: 999;}#wpfMainWrapper-2_349302 .wpfLoaderLayout i {position:absolute;z-index:9;top:50%;left:50%;margin-top:-30px;margin-left:-30px;color:rgba(0,0,0,.9);}<\/style><div class=\"wpfMainWrapper\" id=\"wpfMainWrapper-2_349302\" data-viewid=\"2_349302\" data-filter=\"2\" data-settings=\"{&quot;posts_per_page&quot;:16,&quot;posts_per_row&quot;:&quot;&quot;,&quot;paged&quot;:1,&quot;base&quot;:&quot;https:\\\/\\\/www.3dprintrg.sk\\\/cz\\\/wp-json\\\/wp\\\/v2\\\/pages\\\/450\\\/page\\\/%#%\\\/&quot;,&quot;format &quot;:&quot;&quot;,&quot;page_id&quot;:450,&quot;paginate_base&quot;:&quot;page&quot;,&quot;paginate_type&quot;:&quot;url&quot;}\" data-default-query=\"\" data-filter-settings=\"{&quot;settings&quot;:{&quot;display_on_page&quot;:&quot;both&quot;,&quot;display_on_page_shortcode&quot;:&quot;0&quot;,&quot;display_for&quot;:&quot;both&quot;,&quot;force_show_current&quot;:&quot;0&quot;,&quot;desctop_mobile_breakpoint_switcher&quot;:&quot;0&quot;,&quot;desctop_mobile_breakpoint_width&quot;:&quot;0&quot;,&quot;hide_without_products&quot;:&quot;0&quot;,&quot;show_filter_immediately&quot;:&quot;0&quot;,&quot;initialise_immediately&quot;:&quot;0&quot;,&quot;count_product_shop&quot;:&quot;0&quot;,&quot;columns_product_shop&quot;:&quot;0&quot;,&quot;enable_ajax&quot;:&quot;1&quot;,&quot;remove_actions&quot;:&quot;0&quot;,&quot;display_status_private&quot;:&quot;0&quot;,&quot;product_list_selector&quot;:&quot;&quot;,&quot;product_container_selector&quot;:&quot;&quot;,&quot;force_theme_templates&quot;:&quot;0&quot;,&quot;recalculate_filters&quot;:&quot;0&quot;,&quot;no_redirect_by_no_products&quot;:&quot;0&quot;,&quot;do_not_use_shortcut&quot;:&quot;0&quot;,&quot;show_filtering_button&quot;:&quot;1&quot;,&quot;filtering_button_word&quot;:&quot;Vyh\u013eada\u0165&quot;,&quot;auto_update_filter&quot;:&quot;0&quot;,&quot;show_clean_button&quot;:&quot;0&quot;,&quot;show_clean_button_word&quot;:&quot;Clear&quot;,&quot;reset_all_filters&quot;:&quot;0&quot;,&quot;main_buttons_position&quot;:&quot;bottom&quot;,&quot;main_buttons_order&quot;:&quot;left&quot;,&quot;all_products_filtering&quot;:&quot;0&quot;,&quot;form_filter_by_all_products&quot;:&quot;0&quot;,&quot;show_clean_block&quot;:&quot;0&quot;,&quot;show_clean_block_word&quot;:&quot;Clear&quot;,&quot;filter_recount&quot;:&quot;0&quot;,&quot;filter_recount_price&quot;:&quot;0&quot;,&quot;keep_recount_price&quot;:&quot;0&quot;,&quot;filter_null_disabled&quot;:&quot;0&quot;,&quot;sort_by_title&quot;:&quot;0&quot;,&quot;checked_items_top&quot;:&quot;0&quot;,&quot;checked_items_bold&quot;:&quot;0&quot;,&quot;text_no_products&quot;:&quot;No products found&quot;,&quot;filtering_by_variations&quot;:&quot;1&quot;,&quot;form_filter_by_variations&quot;:&quot;0&quot;,&quot;exclude_backorder_variations&quot;:&quot;0&quot;,&quot;hide_filter_icon&quot;:&quot;1&quot;,&quot;use_title_as_slug&quot;:&quot;0&quot;,&quot;use_category_filtration&quot;:&quot;1&quot;,&quot;display_only_children_category&quot;:&quot;0&quot;,&quot;check_get_names&quot;:&quot;0&quot;,&quot;f_multi_logic&quot;:&quot;and&quot;,&quot;third_party_prefilter&quot;:&quot;0&quot;,&quot;filter_loader_icon_onload_enable&quot;:&quot;1&quot;,&quot;filter_loader_icon_color&quot;:&quot;#000000&quot;,&quot;filter_loader_icon_name&quot;:&quot;default&quot;,&quot;filter_loader_icon_number&quot;:&quot;0&quot;,&quot;enable_overlay&quot;:&quot;0&quot;,&quot;overlay_background&quot;:&quot;&quot;,&quot;enable_overlay_icon&quot;:&quot;0&quot;,&quot;enable_overlay_word&quot;:&quot;0&quot;,&quot;overlay_word&quot;:&quot;WooBeWoo&quot;,&quot;filter_width&quot;:&quot;100&quot;,&quot;filter_width_in&quot;:&quot;%&quot;,&quot;filter_width_mobile&quot;:&quot;100&quot;,&quot;filter_width_in_mobile&quot;:&quot;%&quot;,&quot;filter_block_width&quot;:&quot;100&quot;,&quot;filter_block_width_in&quot;:&quot;%&quot;,&quot;filter_block_width_mobile&quot;:&quot;100&quot;,&quot;filter_block_width_in_mobile&quot;:&quot;%&quot;,&quot;filter_block_height&quot;:&quot;&quot;,&quot;padding_child_list&quot;:&quot;&quot;,&quot;css_editor&quot;:&quot;&quot;,&quot;js_editor&quot;:&quot;&quot;,&quot;disable_fontawesome_loading&quot;:&quot;0&quot;,&quot;disable_plugin_styles&quot;:&quot;0&quot;,&quot;filters&quot;:{&quot;order&quot;:&quot;[{\\&quot;id\\&quot;:\\&quot;wpfPrice\\&quot;,\\&quot;uniqId\\&quot;:\\&quot;wpf_67865a200d152\\&quot;,\\&quot;name\\&quot;:\\&quot;\\&quot;,\\&quot;settings\\&quot;:{\\&quot;f_enable\\&quot;:true,\\&quot;f_title\\&quot;:\\&quot;Cena\\&quot;,\\&quot;f_name\\&quot;:\\&quot;Price\\&quot;,\\&quot;f_enable_title\\&quot;:\\&quot;no\\&quot;,\\&quot;f_enable_title_mobile\\&quot;:\\&quot;no\\&quot;,\\&quot;f_skin_type\\&quot;:\\&quot;default\\&quot;,\\&quot;f_show_inputs\\&quot;:true,\\&quot;f_currency_position\\&quot;:\\&quot;before\\&quot;,\\&quot;f_currency_show_as\\&quot;:\\&quot;symbol\\&quot;,\\&quot;f_price_tooltip_show_as\\&quot;:true}},{\\&quot;id\\&quot;:\\&quot;wpfRating\\&quot;,\\&quot;uniqId\\&quot;:\\&quot;wpf_67865a200d16f\\&quot;,\\&quot;name\\&quot;:\\&quot;\\&quot;,\\&quot;settings\\&quot;:{\\&quot;f_enable\\&quot;:true,\\&quot;f_title\\&quot;:\\&quot;Hodnotenie\\&quot;,\\&quot;f_name\\&quot;:\\&quot;Rating\\&quot;,\\&quot;f_enable_title\\&quot;:\\&quot;no\\&quot;,\\&quot;f_enable_title_mobile\\&quot;:\\&quot;no\\&quot;,\\&quot;f_frontend_type\\&quot;:\\&quot;linestars\\&quot;}}]&quot;,&quot;preselect&quot;:&quot;&quot;},&quot;shop_base_url&quot;:&quot;https:\\\/\\\/www.3dprintrg.sk\\\/cz\\\/&quot;}}\" data-nowoo=\"true\"><div class=\"wpfFilterWrapper wpfNotActive\" id=\"wpfBlock_3\" data-order-key=\"0\"  data-filter-type=\"wpfPrice\" data-get-attribute=\"wpf_min_price,wpf_max_price,tax\" data-content-type=\"meta\" data-slug=\"cena\" data-uniq-id=\"wpf_67865a200d152\" data-price-skin=\"default\" data-minvalue=\"0\" data-maxvalue=\"43\"><div class=\"wpfVisibleBufferMin wpfVisibilityHidden\"><\/div><div class=\"wpfVisibleBufferMax wpfVisibilityHidden\"><\/div><div class=\"wpfFilterContent\"><div id=\"wpfSliderRange\" class=\"wpfPriceFilterRange\"><\/div><div class=\"wpfPriceInputs\"><span class=\"wpfCurrencySymbol\">&euro;<\/span><label class=\"wpfSrOnly\" for=\"wpfMinPrice\">Minimum Price<\/label><input readonly type=\"number\" min=\"0\" max=\"42\" id=\"wpfMinPrice\" class=\"wpfPriceRangeField wpfPriceTooltipShowAsText\" value=\"0\" \/><span class=\"wpfFilterDelimeter\"> - <\/span><label class=\"wpfSrOnly\" for=\"wpfMaxPrice\">Maximum Price<\/label><input readonly type=\"number\"  min=\"0\" max=\"43\" id=\"wpfMaxPrice\" class=\"wpfPriceRangeField wpfPriceTooltipShowAsText\" value=\"43\" \/> <input readonly type=\"hidden\" id=\"wpfDataStep\" value=\"1\" \/><\/div><\/div><\/div><div class=\"wpfFilterWrapper wpfNotActive\" id=\"wpfBlock_4\" data-order-key=\"1\"  data-filter-type=\"wpfRating\" data-get-attribute=\"pr_rating\" data-display-type=\"list\" data-content-type=\"meta\" data-slug=\"hodnocen\u00ed\" data-uniq-id=\"wpf_67865a200d16f\"><div class=\"wpfFilterContent\"><div class=\"wpfCheckboxHier\"><ul class=\"wpfFilterVerScroll\"><li class=\"editablecat\" data-term-id=\"5-5\" data-parent=\"0\" data-term-slug=\"5-5\"><label class=\"wpfLiLabel\"><span class=\"wpfCheckbox\"><input type=\"checkbox\" id=\"wpfTaxonomyInputCheckbox5-559235\" ><label aria-label=\"Pouze 5\" for=\"wpfTaxonomyInputCheckbox5-559235\"><\/label><\/span><span class=\"wpfDisplay\"><span class=\"wpfValue\"><span class=\"wpfFilterTaxNameWrapper\">Pouze 5<\/span><\/span><\/span><\/label><\/li><li class=\"editablecat\" data-term-id=\"4-5\" data-parent=\"0\" data-term-slug=\"4-5\"><label class=\"wpfLiLabel\"><span class=\"wpfCheckbox\"><input type=\"checkbox\" id=\"wpfTaxonomyInputCheckbox4-572679\" ><label aria-label=\"4 a v\u00edce\" for=\"wpfTaxonomyInputCheckbox4-572679\"><\/label><\/span><span class=\"wpfDisplay\"><span class=\"wpfValue\"><span class=\"wpfFilterTaxNameWrapper\">4 a v\u00edce<\/span><\/span><\/span><\/label><\/li><li class=\"editablecat\" data-term-id=\"3-5\" data-parent=\"0\" data-term-slug=\"3-5\"><label class=\"wpfLiLabel\"><span class=\"wpfCheckbox\"><input type=\"checkbox\" id=\"wpfTaxonomyInputCheckbox3-590412\" ><label aria-label=\"3 a v\u00edce\" for=\"wpfTaxonomyInputCheckbox3-590412\"><\/label><\/span><span class=\"wpfDisplay\"><span class=\"wpfValue\"><span class=\"wpfFilterTaxNameWrapper\">3 a v\u00edce<\/span><\/span><\/span><\/label><\/li><li class=\"editablecat\" data-term-id=\"2-5\" data-parent=\"0\" data-term-slug=\"2-5\"><label class=\"wpfLiLabel\"><span class=\"wpfCheckbox\"><input type=\"checkbox\" id=\"wpfTaxonomyInputCheckbox2-584958\" ><label aria-label=\"2 a v\u00edce\" for=\"wpfTaxonomyInputCheckbox2-584958\"><\/label><\/span><span class=\"wpfDisplay\"><span class=\"wpfValue\"><span class=\"wpfFilterTaxNameWrapper\">2 a v\u00edce<\/span><\/span><\/span><\/label><\/li><li class=\"editablecat\" data-term-id=\"1-5\" data-parent=\"0\" data-term-slug=\"1-5\"><label class=\"wpfLiLabel\"><span class=\"wpfCheckbox\"><input type=\"checkbox\" id=\"wpfTaxonomyInputCheckbox1-535924\" ><label aria-label=\"1 a v\u00edce\" for=\"wpfTaxonomyInputCheckbox1-535924\"><\/label><\/span><span class=\"wpfDisplay\"><span class=\"wpfValue\"><span class=\"wpfFilterTaxNameWrapper\">1 a v\u00edce<\/span><\/span><\/span><\/label><\/li><\/ul><\/div><\/div><\/div><div class=\"wpfFilterButtons wpfFilterButtonsBottom\"><button class=\"wpfFilterButton wpfButton\">Vyh\u013eada\u0165<\/button><\/div><div class=\"wpfLoaderLayout\"><i class=\"fa fa-spinner fa-pulse fa-3x fa-fw\"><\/i><\/div><div class=\"wpfPreview wpfPreviewLoader wpfHidden\"><div class=\"woobewoo-filter-loader spinner\" ><\/div><\/div><\/div>Odpor\u00fa\u010dan\u00e9 Produkty<\/p>\n","protected":false},"author":1,"featured_media":0,"parent":0,"menu_order":0,"comment_status":"closed","ping_status":"closed","template":"","meta":{"_et_pb_use_builder":"on","_et_pb_old_content":"","_et_gb_content_width":"","iawp_total_views":316,"footnotes":""},"dipi_cpt_category":[],"class_list":["post-450","page","type-page","status-publish","hentry"],"jetpack_sharing_enabled":true,"_links":{"self":[{"href":"https:\/\/www.3dprintrg.sk\/cz\/wp-json\/wp\/v2\/pages\/450","targetHints":{"allow":["GET"]}}],"collection":[{"href":"https:\/\/www.3dprintrg.sk\/cz\/wp-json\/wp\/v2\/pages"}],"about":[{"href":"https:\/\/www.3dprintrg.sk\/cz\/wp-json\/wp\/v2\/types\/page"}],"author":[{"embeddable":true,"href":"https:\/\/www.3dprintrg.sk\/cz\/wp-json\/wp\/v2\/users\/1"}],"replies":[{"embeddable":true,"href":"https:\/\/www.3dprintrg.sk\/cz\/wp-json\/wp\/v2\/comments?post=450"}],"version-history":[{"count":5,"href":"https:\/\/www.3dprintrg.sk\/cz\/wp-json\/wp\/v2\/pages\/450\/revisions"}],"predecessor-version":[{"id":609,"href":"https:\/\/www.3dprintrg.sk\/cz\/wp-json\/wp\/v2\/pages\/450\/revisions\/609"}],"wp:attachment":[{"href":"https:\/\/www.3dprintrg.sk\/cz\/wp-json\/wp\/v2\/media?parent=450"}],"wp:term":[{"taxonomy":"dipi_cpt_category","embeddable":true,"href":"https:\/\/www.3dprintrg.sk\/cz\/wp-json\/wp\/v2\/dipi_cpt_category?post=450"}],"curies":[{"name":"wp","href":"https:\/\/api.w.org\/{rel}","templated":true}]}}