{"id":1012,"date":"2025-01-16T17:30:24","date_gmt":"2025-01-16T16:30:24","guid":{"rendered":"https:\/\/www.3dprintrg.sk\/?post_type=product&#038;p=1012"},"modified":"2025-07-01T10:08:28","modified_gmt":"2025-07-01T08:08:28","slug":"zajacik","status":"publish","type":"product","link":"https:\/\/www.3dprintrg.sk\/cz\/produkt\/zajacik\/","title":{"rendered":"Zaja\u010dik"},"content":{"rendered":"<p>Rozko\u0161n\u00fd zaja\u010dik o\u017eiv\u00ed ka\u017ed\u00fa detsk\u00fa tortu<br \/>\nV\u00fd\u0161ka zaja\u010dika je 13 cm bez pali\u010dky<br \/>\nDekor\u00e1cia je vyroben\u00e1 z PLA plastu,plast je vyroben\u00fd z obnovite\u013en\u00fdch zdrojov, ako je kukuri\u010dn\u00fd \u0161krob, cukrov\u00e1 trstina alebo zemiakov\u00fd \u0161krob,PLA plast je netoxick\u00fd a bezpe\u010dn\u00fd na styk s potravinami.<\/p>","protected":false},"excerpt":{"rendered":"<p>Rozko\u0161n\u00fd zaja\u010dik v bielej farbe<br \/>\nV\u00fd\u0161ka zaja\u010dika bez pali\u010dky je 13 cm <\/p>","protected":false},"featured_media":1015,"comment_status":"open","ping_status":"closed","template":"","meta":{"_et_pb_use_builder":"","_et_pb_old_content":"","_et_gb_content_width":"","iawp_total_views":6},"product_brand":[],"product_cat":[25],"product_tag":[67,66,68],"class_list":{"0":"post-1012","1":"product","2":"type-product","3":"status-publish","4":"has-post-thumbnail","6":"product_cat-farebne-obrazkove-zapichy","7":"product_tag-zajacik","8":"product_tag-zajko","9":"product_tag-zapich-zajko","10":"wcpa_has_options","12":"first","13":"instock","14":"purchasable","15":"product-type-variable"},"jetpack_sharing_enabled":true,"_links":{"self":[{"href":"https:\/\/www.3dprintrg.sk\/cz\/wp-json\/wp\/v2\/product\/1012","targetHints":{"allow":["GET"]}}],"collection":[{"href":"https:\/\/www.3dprintrg.sk\/cz\/wp-json\/wp\/v2\/product"}],"about":[{"href":"https:\/\/www.3dprintrg.sk\/cz\/wp-json\/wp\/v2\/types\/product"}],"replies":[{"embeddable":true,"href":"https:\/\/www.3dprintrg.sk\/cz\/wp-json\/wp\/v2\/comments?post=1012"}],"wp:featuredmedia":[{"embeddable":true,"href":"https:\/\/www.3dprintrg.sk\/cz\/wp-json\/wp\/v2\/media\/1015"}],"wp:attachment":[{"href":"https:\/\/www.3dprintrg.sk\/cz\/wp-json\/wp\/v2\/media?parent=1012"}],"wp:term":[{"taxonomy":"product_brand","embeddable":true,"href":"https:\/\/www.3dprintrg.sk\/cz\/wp-json\/wp\/v2\/product_brand?post=1012"},{"taxonomy":"product_cat","embeddable":true,"href":"https:\/\/www.3dprintrg.sk\/cz\/wp-json\/wp\/v2\/product_cat?post=1012"},{"taxonomy":"product_tag","embeddable":true,"href":"https:\/\/www.3dprintrg.sk\/cz\/wp-json\/wp\/v2\/product_tag?post=1012"}],"curies":[{"name":"wp","href":"https:\/\/api.w.org\/{rel}","templated":true}]}}