{"id":1047,"date":"2025-01-16T18:09:57","date_gmt":"2025-01-16T17:09:57","guid":{"rendered":"https:\/\/www.3dprintrg.sk\/?post_type=product&#038;p=1047"},"modified":"2025-09-01T09:00:07","modified_gmt":"2025-09-01T07:00:07","slug":"krstinovy-zapich","status":"publish","type":"product","link":"https:\/\/www.3dprintrg.sk\/cz\/produkt\/krstinovy-zapich\/","title":{"rendered":"Krstinov\u00fd z\u00e1pich"},"content":{"rendered":"<p>Z\u00e1pich na krstiny s menom a d\u00e1tumom die\u0165atka<br \/>\n\u0160\u00edrka z\u00e1pichu je 15 cm<br \/>\n-font p\u00edsma cavilay script<br \/>\nDekor\u00e1cia je vyroben\u00e1 z PLA plastu,plast je vyroben\u00fd z obnovite\u013en\u00fdch zdrojov, ako je kukuri\u010dn\u00fd \u0161krob, cukrov\u00e1 trstina alebo zemiakov\u00fd \u0161krob,PLA plast je netoxick\u00fd a bezpe\u010dn\u00fd na styk s potravinami.<\/p>","protected":false},"excerpt":{"rendered":"<p>Elegantn\u00fd krstinov\u00fd z\u00e1pich<br \/>\n\u0160\u00edrka je 15 cm<br \/>\nK z\u00e1pichu si viete objedna\u0165 aj kr\u00ed\u017eik <\/p>","protected":false},"featured_media":1062,"comment_status":"open","ping_status":"closed","template":"","meta":{"_et_pb_use_builder":"","_et_pb_old_content":"","_et_gb_content_width":"","iawp_total_views":30},"product_brand":[],"product_cat":[48,24],"product_tag":[73,65,72],"class_list":{"0":"post-1047","1":"product","2":"type-product","3":"status-publish","4":"has-post-thumbnail","6":"product_cat-krstiny","7":"product_cat-cirkevne-zapichy","8":"product_tag-krstinovy-zapich","9":"product_tag-zapich-meno","10":"product_tag-zapich-na-krstiny","11":"wcpa_has_options","13":"first","14":"instock","15":"purchasable","16":"product-type-variable"},"jetpack_sharing_enabled":true,"_links":{"self":[{"href":"https:\/\/www.3dprintrg.sk\/cz\/wp-json\/wp\/v2\/product\/1047","targetHints":{"allow":["GET"]}}],"collection":[{"href":"https:\/\/www.3dprintrg.sk\/cz\/wp-json\/wp\/v2\/product"}],"about":[{"href":"https:\/\/www.3dprintrg.sk\/cz\/wp-json\/wp\/v2\/types\/product"}],"replies":[{"embeddable":true,"href":"https:\/\/www.3dprintrg.sk\/cz\/wp-json\/wp\/v2\/comments?post=1047"}],"wp:featuredmedia":[{"embeddable":true,"href":"https:\/\/www.3dprintrg.sk\/cz\/wp-json\/wp\/v2\/media\/1062"}],"wp:attachment":[{"href":"https:\/\/www.3dprintrg.sk\/cz\/wp-json\/wp\/v2\/media?parent=1047"}],"wp:term":[{"taxonomy":"product_brand","embeddable":true,"href":"https:\/\/www.3dprintrg.sk\/cz\/wp-json\/wp\/v2\/product_brand?post=1047"},{"taxonomy":"product_cat","embeddable":true,"href":"https:\/\/www.3dprintrg.sk\/cz\/wp-json\/wp\/v2\/product_cat?post=1047"},{"taxonomy":"product_tag","embeddable":true,"href":"https:\/\/www.3dprintrg.sk\/cz\/wp-json\/wp\/v2\/product_tag?post=1047"}],"curies":[{"name":"wp","href":"https:\/\/api.w.org\/{rel}","templated":true}]}}