{"id":1065,"date":"2025-01-16T18:31:26","date_gmt":"2025-01-16T17:31:26","guid":{"rendered":"https:\/\/www.3dprintrg.sk\/?post_type=product&#038;p=1065"},"modified":"2025-03-01T00:05:59","modified_gmt":"2025-02-28T23:05:59","slug":"vykrajovacky-oblaciky","status":"publish","type":"product","link":"https:\/\/www.3dprintrg.sk\/cz\/produkt\/vykrajovacky-oblaciky\/","title":{"rendered":"Vykrajova\u010dky-obl\u00e1\u010diky"},"content":{"rendered":"<p>Vykrajova\u010dky obl\u00e1\u010diky s\u00fa vhodn\u00e9 na saracino modelovaciu hmotu<br \/>\nCena je za 4 kusy<br \/>\nDekor\u00e1cia je vyroben\u00e1 z PLA plastu,plast je vyroben\u00fd z obnovite\u013en\u00fdch zdrojov, ako je kukuri\u010dn\u00fd \u0161krob, cukrov\u00e1 trstina alebo zemiakov\u00fd \u0161krob,PLA plast je netoxick\u00fd a bezpe\u010dn\u00fd na styk s potravinami.<\/p>","protected":false},"excerpt":{"rendered":"<p>Sada 4 ks vykrajova\u010diek obl\u00e1\u010dikov<br \/>\nD\u013a\u017eka obla\u010dikv je cca od 5-7 cm<\/p>","protected":false},"featured_media":1066,"comment_status":"open","ping_status":"closed","template":"","meta":{"_et_pb_use_builder":"","_et_pb_old_content":"","_et_gb_content_width":"","iawp_total_views":15},"product_brand":[],"product_cat":[15],"product_tag":[76,74],"class_list":{"0":"post-1065","1":"product","2":"type-product","3":"status-publish","4":"has-post-thumbnail","6":"product_cat-vykrajovacky","7":"product_tag-oblacik","8":"product_tag-vykrajovacka","10":"first","11":"instock","12":"purchasable","13":"product-type-simple"},"jetpack_sharing_enabled":true,"_links":{"self":[{"href":"https:\/\/www.3dprintrg.sk\/cz\/wp-json\/wp\/v2\/product\/1065","targetHints":{"allow":["GET"]}}],"collection":[{"href":"https:\/\/www.3dprintrg.sk\/cz\/wp-json\/wp\/v2\/product"}],"about":[{"href":"https:\/\/www.3dprintrg.sk\/cz\/wp-json\/wp\/v2\/types\/product"}],"replies":[{"embeddable":true,"href":"https:\/\/www.3dprintrg.sk\/cz\/wp-json\/wp\/v2\/comments?post=1065"}],"wp:featuredmedia":[{"embeddable":true,"href":"https:\/\/www.3dprintrg.sk\/cz\/wp-json\/wp\/v2\/media\/1066"}],"wp:attachment":[{"href":"https:\/\/www.3dprintrg.sk\/cz\/wp-json\/wp\/v2\/media?parent=1065"}],"wp:term":[{"taxonomy":"product_brand","embeddable":true,"href":"https:\/\/www.3dprintrg.sk\/cz\/wp-json\/wp\/v2\/product_brand?post=1065"},{"taxonomy":"product_cat","embeddable":true,"href":"https:\/\/www.3dprintrg.sk\/cz\/wp-json\/wp\/v2\/product_cat?post=1065"},{"taxonomy":"product_tag","embeddable":true,"href":"https:\/\/www.3dprintrg.sk\/cz\/wp-json\/wp\/v2\/product_tag?post=1065"}],"curies":[{"name":"wp","href":"https:\/\/api.w.org\/{rel}","templated":true}]}}