{"id":1150,"date":"2025-01-16T20:37:00","date_gmt":"2025-01-16T19:37:00","guid":{"rendered":"https:\/\/www.3dprintrg.sk\/?post_type=product&#038;p=1150"},"modified":"2025-06-14T20:13:47","modified_gmt":"2025-06-14T18:13:47","slug":"zapich-cislo-v-style-pokemon","status":"publish","type":"product","link":"https:\/\/www.3dprintrg.sk\/cz\/produkt\/zapich-cislo-v-style-pokemon\/","title":{"rendered":"Z\u00e1pich -\u010d\u00edslo v \u0161t\u00fdle pok\u00e9mon"},"content":{"rendered":"<p>Z\u00e1pich \u010d\u00edslo v pok\u00e9mon \u0161t\u00fdle dod\u00e1 torte dokonaly \u0161mrnc<br \/>\nDok\u00fapi\u0165 si m\u00f4\u017eete aj meno v tomto \u0161t\u00fdle<br \/>\nV\u00fd\u0161ka \u010disla bez pali\u010dky je 8 cm<br \/>\nDekor\u00e1cia je vyroben\u00e1 z PLA plastu,plast je vyroben\u00fd z obnovite\u013en\u00fdch zdrojov, ako je kukuri\u010dn\u00fd \u0161krob, cukrov\u00e1 trstina alebo zemiakov\u00fd \u0161krob,PLA plast je netoxick\u00fd a bezpe\u010dn\u00fd na styk s potravinami.<\/p>","protected":false},"excerpt":{"rendered":"<p>Z\u00e1pich v \u0161t\u00fdle pok\u00e9mon<br \/>\nVn\u00fatro bude v\u017edy \u017elt\u00e9 a vojnak\u0161i offset bude \u010derven\u00fd<br \/>\nV\u00fd\u0161ka \u010disla je 8 cm <\/p>","protected":false},"featured_media":1151,"comment_status":"open","ping_status":"closed","template":"","meta":{"_et_pb_use_builder":"","_et_pb_old_content":"","_et_gb_content_width":"","iawp_total_views":18},"product_brand":[],"product_cat":[21],"product_tag":[70,81],"class_list":{"0":"post-1150","1":"product","2":"type-product","3":"status-publish","4":"has-post-thumbnail","6":"product_cat-jednocisla","7":"product_tag-cislo","8":"product_tag-zapich","9":"wcpa_has_options","11":"first","12":"instock","13":"purchasable","14":"product-type-variable"},"jetpack_sharing_enabled":true,"_links":{"self":[{"href":"https:\/\/www.3dprintrg.sk\/cz\/wp-json\/wp\/v2\/product\/1150","targetHints":{"allow":["GET"]}}],"collection":[{"href":"https:\/\/www.3dprintrg.sk\/cz\/wp-json\/wp\/v2\/product"}],"about":[{"href":"https:\/\/www.3dprintrg.sk\/cz\/wp-json\/wp\/v2\/types\/product"}],"replies":[{"embeddable":true,"href":"https:\/\/www.3dprintrg.sk\/cz\/wp-json\/wp\/v2\/comments?post=1150"}],"wp:featuredmedia":[{"embeddable":true,"href":"https:\/\/www.3dprintrg.sk\/cz\/wp-json\/wp\/v2\/media\/1151"}],"wp:attachment":[{"href":"https:\/\/www.3dprintrg.sk\/cz\/wp-json\/wp\/v2\/media?parent=1150"}],"wp:term":[{"taxonomy":"product_brand","embeddable":true,"href":"https:\/\/www.3dprintrg.sk\/cz\/wp-json\/wp\/v2\/product_brand?post=1150"},{"taxonomy":"product_cat","embeddable":true,"href":"https:\/\/www.3dprintrg.sk\/cz\/wp-json\/wp\/v2\/product_cat?post=1150"},{"taxonomy":"product_tag","embeddable":true,"href":"https:\/\/www.3dprintrg.sk\/cz\/wp-json\/wp\/v2\/product_tag?post=1150"}],"curies":[{"name":"wp","href":"https:\/\/api.w.org\/{rel}","templated":true}]}}