{"id":1180,"date":"2025-01-16T22:02:03","date_gmt":"2025-01-16T21:02:03","guid":{"rendered":"https:\/\/www.3dprintrg.sk\/?post_type=product&#038;p=1180"},"modified":"2025-01-17T13:08:59","modified_gmt":"2025-01-17T12:08:59","slug":"stavebne-zapichy","status":"publish","type":"product","link":"https:\/\/www.3dprintrg.sk\/cz\/produkt\/stavebne-zapichy\/","title":{"rendered":"Stavebn\u00e9 z\u00e1pichy"},"content":{"rendered":"<p>Set obsahuje traktor, mal\u00fd bager, tri zna\u010dky a meno<br \/>\nV\u0161etko je v \u017eltej farbe<\/p>\n<p>Dekor\u00e1cia je vyroben\u00e1 z PLA plastu,plast je vyroben\u00fd z obnovite\u013en\u00fdch zdrojov, ako je kukuri\u010dn\u00fd \u0161krob, cukrov\u00e1 trstina alebo zemiakov\u00fd \u0161krob,PLA plast je netoxick\u00fd a bezpe\u010dn\u00fd na styk s potravinami.<\/p>","protected":false},"excerpt":{"rendered":"<p>Stavebn\u00fd set z\u00e1pichov s menom traktorom,bagrom a zna\u010dkami.<br \/>\nDok\u00fapi\u0165 si mo\u017eete aj \u010dislo <\/p>","protected":false},"featured_media":1181,"comment_status":"open","ping_status":"closed","template":"","meta":{"_et_pb_use_builder":"","_et_pb_old_content":"","_et_gb_content_width":"","iawp_total_views":9},"product_brand":[],"product_cat":[25],"product_tag":[87,85,86],"class_list":{"0":"post-1180","1":"product","2":"type-product","3":"status-publish","4":"has-post-thumbnail","6":"product_cat-farebne-obrazkove-zapichy","7":"product_tag-bager","8":"product_tag-stavebne-zapichy","9":"product_tag-traktor","10":"wcpa_has_options","12":"first","13":"instock","14":"purchasable","15":"product-type-simple"},"jetpack_sharing_enabled":true,"_links":{"self":[{"href":"https:\/\/www.3dprintrg.sk\/cz\/wp-json\/wp\/v2\/product\/1180","targetHints":{"allow":["GET"]}}],"collection":[{"href":"https:\/\/www.3dprintrg.sk\/cz\/wp-json\/wp\/v2\/product"}],"about":[{"href":"https:\/\/www.3dprintrg.sk\/cz\/wp-json\/wp\/v2\/types\/product"}],"replies":[{"embeddable":true,"href":"https:\/\/www.3dprintrg.sk\/cz\/wp-json\/wp\/v2\/comments?post=1180"}],"wp:featuredmedia":[{"embeddable":true,"href":"https:\/\/www.3dprintrg.sk\/cz\/wp-json\/wp\/v2\/media\/1181"}],"wp:attachment":[{"href":"https:\/\/www.3dprintrg.sk\/cz\/wp-json\/wp\/v2\/media?parent=1180"}],"wp:term":[{"taxonomy":"product_brand","embeddable":true,"href":"https:\/\/www.3dprintrg.sk\/cz\/wp-json\/wp\/v2\/product_brand?post=1180"},{"taxonomy":"product_cat","embeddable":true,"href":"https:\/\/www.3dprintrg.sk\/cz\/wp-json\/wp\/v2\/product_cat?post=1180"},{"taxonomy":"product_tag","embeddable":true,"href":"https:\/\/www.3dprintrg.sk\/cz\/wp-json\/wp\/v2\/product_tag?post=1180"}],"curies":[{"name":"wp","href":"https:\/\/api.w.org\/{rel}","templated":true}]}}