{"id":1266,"date":"2025-01-17T21:06:25","date_gmt":"2025-01-17T20:06:25","guid":{"rendered":"https:\/\/www.3dprintrg.sk\/?post_type=product&#038;p=1266"},"modified":"2026-04-27T11:09:11","modified_gmt":"2026-04-27T09:09:11","slug":"hrncek-mami","status":"publish","type":"product","link":"https:\/\/www.3dprintrg.sk\/cz\/produkt\/hrncek-mami\/","title":{"rendered":"Hrn\u010dek Mami"},"content":{"rendered":"<p>Hrn\u010dek s vodeodolnou vynilovou n\u00e1lepkou vo farbe champagne<br \/>\n250ml<br \/>\nNie je vhodn\u00e9 do um\u00fdva\u010dky riadku, odpor\u00fa\u010dame jemn\u00e9 ru\u010dn\u00e9 um\u00fdvanie<\/p>","protected":false},"excerpt":{"rendered":"<p>Hrn\u010dek s vodeodolnou vynilovou n\u00e1lepkou Mami<br \/>\n250 ml <\/p>","protected":false},"featured_media":1267,"comment_status":"open","ping_status":"closed","template":"","meta":{"_et_pb_use_builder":"","_et_pb_old_content":"","_et_gb_content_width":"","iawp_total_views":32},"product_brand":[],"product_cat":[105],"product_tag":[106,107],"class_list":{"0":"post-1266","1":"product","2":"type-product","3":"status-publish","4":"has-post-thumbnail","6":"product_cat-pohare-s-polepom","7":"product_tag-hrncek","8":"product_tag-hrncek-s-nalepkou","10":"first","11":"outofstock","12":"sale","13":"purchasable","14":"product-type-simple"},"jetpack_sharing_enabled":true,"_links":{"self":[{"href":"https:\/\/www.3dprintrg.sk\/cz\/wp-json\/wp\/v2\/product\/1266","targetHints":{"allow":["GET"]}}],"collection":[{"href":"https:\/\/www.3dprintrg.sk\/cz\/wp-json\/wp\/v2\/product"}],"about":[{"href":"https:\/\/www.3dprintrg.sk\/cz\/wp-json\/wp\/v2\/types\/product"}],"replies":[{"embeddable":true,"href":"https:\/\/www.3dprintrg.sk\/cz\/wp-json\/wp\/v2\/comments?post=1266"}],"wp:featuredmedia":[{"embeddable":true,"href":"https:\/\/www.3dprintrg.sk\/cz\/wp-json\/wp\/v2\/media\/1267"}],"wp:attachment":[{"href":"https:\/\/www.3dprintrg.sk\/cz\/wp-json\/wp\/v2\/media?parent=1266"}],"wp:term":[{"taxonomy":"product_brand","embeddable":true,"href":"https:\/\/www.3dprintrg.sk\/cz\/wp-json\/wp\/v2\/product_brand?post=1266"},{"taxonomy":"product_cat","embeddable":true,"href":"https:\/\/www.3dprintrg.sk\/cz\/wp-json\/wp\/v2\/product_cat?post=1266"},{"taxonomy":"product_tag","embeddable":true,"href":"https:\/\/www.3dprintrg.sk\/cz\/wp-json\/wp\/v2\/product_tag?post=1266"}],"curies":[{"name":"wp","href":"https:\/\/api.w.org\/{rel}","templated":true}]}}