{"id":1272,"date":"2025-01-17T21:28:52","date_gmt":"2025-01-17T20:28:52","guid":{"rendered":"https:\/\/www.3dprintrg.sk\/?post_type=product&#038;p=1272"},"modified":"2026-01-09T10:37:42","modified_gmt":"2026-01-09T09:37:42","slug":"sklenena-flasa-s-kvetinkami","status":"publish","type":"product","link":"https:\/\/www.3dprintrg.sk\/cz\/produkt\/sklenena-flasa-s-kvetinkami\/","title":{"rendered":"Sklenen\u00e1 f\u013ea\u0161a s kvetinkami"},"content":{"rendered":"<p> mlSklenen\u00e1 f\u013ea\u0161a s ru\u010dne lepen\u00fdm polepom kr\u00e9mov\u00fdch kvetiniek po celom obvode <\/p>\n<p>T\u00e1to f\u013ea\u0161a je ide\u00e1lna pre hor\u00face letn\u00e9 dni, kedy z neho skvele chut\u00ed \u013eadov\u00e1 k\u00e1va, smoothie<\/p>\n<p>Um\u00fdvajte ru\u010dne, cez polep jemne!<br \/>\nObjem 490 ml<\/p>","protected":false},"excerpt":{"rendered":"<p>Sklenen\u00e1 f\u013ea\u0161a s vodeodolnou vynilovou n\u00e1lepkou v tvare kvetiniek<br \/>\nKr\u00e9move kvetinky su po obvode celej f\u013ea\u0161e<\/p>","protected":false},"featured_media":1273,"comment_status":"open","ping_status":"closed","template":"","meta":{"_et_pb_use_builder":"","_et_pb_old_content":"","_et_gb_content_width":"","iawp_total_views":7},"product_brand":[],"product_cat":[105],"product_tag":[110],"class_list":{"0":"post-1272","1":"product","2":"type-product","3":"status-publish","4":"has-post-thumbnail","6":"product_cat-pohare-s-polepom","7":"product_tag-flasa","9":"first","10":"instock","11":"purchasable","12":"product-type-simple"},"jetpack_sharing_enabled":true,"_links":{"self":[{"href":"https:\/\/www.3dprintrg.sk\/cz\/wp-json\/wp\/v2\/product\/1272","targetHints":{"allow":["GET"]}}],"collection":[{"href":"https:\/\/www.3dprintrg.sk\/cz\/wp-json\/wp\/v2\/product"}],"about":[{"href":"https:\/\/www.3dprintrg.sk\/cz\/wp-json\/wp\/v2\/types\/product"}],"replies":[{"embeddable":true,"href":"https:\/\/www.3dprintrg.sk\/cz\/wp-json\/wp\/v2\/comments?post=1272"}],"wp:featuredmedia":[{"embeddable":true,"href":"https:\/\/www.3dprintrg.sk\/cz\/wp-json\/wp\/v2\/media\/1273"}],"wp:attachment":[{"href":"https:\/\/www.3dprintrg.sk\/cz\/wp-json\/wp\/v2\/media?parent=1272"}],"wp:term":[{"taxonomy":"product_brand","embeddable":true,"href":"https:\/\/www.3dprintrg.sk\/cz\/wp-json\/wp\/v2\/product_brand?post=1272"},{"taxonomy":"product_cat","embeddable":true,"href":"https:\/\/www.3dprintrg.sk\/cz\/wp-json\/wp\/v2\/product_cat?post=1272"},{"taxonomy":"product_tag","embeddable":true,"href":"https:\/\/www.3dprintrg.sk\/cz\/wp-json\/wp\/v2\/product_tag?post=1272"}],"curies":[{"name":"wp","href":"https:\/\/api.w.org\/{rel}","templated":true}]}}