{"id":1274,"date":"2025-01-17T21:44:04","date_gmt":"2025-01-17T20:44:04","guid":{"rendered":"https:\/\/www.3dprintrg.sk\/?post_type=product&#038;p=1274"},"modified":"2025-01-17T21:44:05","modified_gmt":"2025-01-17T20:44:05","slug":"kvetinka","status":"publish","type":"product","link":"https:\/\/www.3dprintrg.sk\/cz\/produkt\/kvetinka\/","title":{"rendered":"Kvetinka"},"content":{"rendered":"<p>Kvetinky ako dekor\u00e1cia na narodeninov\u00fa tortu, skvel\u00e9 sa hodi v t\u00e9me Lilo a stitch<br \/>\nRozmer kvetinky je 5,5 cm<br \/>\nDod\u00e1vame ako sadu 5 ks<br \/>\nDekor\u00e1cia je vyroben\u00e1 z PLA plastu,plast je vyroben\u00fd z obnovite\u013en\u00fdch zdrojov, ako je kukuri\u010dn\u00fd \u0161krob, cukrov\u00e1 trstina alebo zemiakov\u00fd \u0161krob,PLA plast je netoxick\u00fd a bezpe\u010dn\u00fd na styk s potravinami.<\/p>","protected":false},"excerpt":{"rendered":"<p>Sada 5 ks kvetiniek<br \/>\nSkvel\u00e9 sa hod\u00ed na tortu v t\u00e9me Lilo a stitch<br \/>\nV pr\u00edpade \u017ee chcete in\u00fa farbu nap\u00ed\u0161te ju do pozn\u00e1mky.<\/p>","protected":false},"featured_media":1278,"comment_status":"open","ping_status":"closed","template":"","meta":{"_et_pb_use_builder":"","_et_pb_old_content":"","_et_gb_content_width":"","iawp_total_views":28},"product_brand":[],"product_cat":[77],"product_tag":[111,112,113],"class_list":{"0":"post-1274","1":"product","2":"type-product","3":"status-publish","4":"has-post-thumbnail","6":"product_cat-rozne","7":"product_tag-kvet","8":"product_tag-kvetinka","9":"product_tag-kvetiny","10":"wcpa_has_options","12":"first","13":"instock","14":"purchasable","15":"product-type-variable"},"jetpack_sharing_enabled":true,"_links":{"self":[{"href":"https:\/\/www.3dprintrg.sk\/cz\/wp-json\/wp\/v2\/product\/1274","targetHints":{"allow":["GET"]}}],"collection":[{"href":"https:\/\/www.3dprintrg.sk\/cz\/wp-json\/wp\/v2\/product"}],"about":[{"href":"https:\/\/www.3dprintrg.sk\/cz\/wp-json\/wp\/v2\/types\/product"}],"replies":[{"embeddable":true,"href":"https:\/\/www.3dprintrg.sk\/cz\/wp-json\/wp\/v2\/comments?post=1274"}],"wp:featuredmedia":[{"embeddable":true,"href":"https:\/\/www.3dprintrg.sk\/cz\/wp-json\/wp\/v2\/media\/1278"}],"wp:attachment":[{"href":"https:\/\/www.3dprintrg.sk\/cz\/wp-json\/wp\/v2\/media?parent=1274"}],"wp:term":[{"taxonomy":"product_brand","embeddable":true,"href":"https:\/\/www.3dprintrg.sk\/cz\/wp-json\/wp\/v2\/product_brand?post=1274"},{"taxonomy":"product_cat","embeddable":true,"href":"https:\/\/www.3dprintrg.sk\/cz\/wp-json\/wp\/v2\/product_cat?post=1274"},{"taxonomy":"product_tag","embeddable":true,"href":"https:\/\/www.3dprintrg.sk\/cz\/wp-json\/wp\/v2\/product_tag?post=1274"}],"curies":[{"name":"wp","href":"https:\/\/api.w.org\/{rel}","templated":true}]}}