{"id":1279,"date":"2025-01-17T21:52:18","date_gmt":"2025-01-17T20:52:18","guid":{"rendered":"https:\/\/www.3dprintrg.sk\/?post_type=product&#038;p=1279"},"modified":"2026-04-27T11:09:10","modified_gmt":"2026-04-27T09:09:10","slug":"cinky","status":"publish","type":"product","link":"https:\/\/www.3dprintrg.sk\/cz\/produkt\/cinky\/","title":{"rendered":"\u010cinky"},"content":{"rendered":"<p>Dekora\u010dn\u00e9 \u010dinky na tortu pre kulturistu<br \/>\nNejedl\u00e1 dekor\u00e1cia<br \/>\nRozmer 7 a 8,5 cm<br \/>\n2 kusy v balen\u00ed<\/p>","protected":false},"excerpt":{"rendered":"<p>\u010cinky ako dekor\u00e1cia na tortu<br \/>\nRozmer 7 a 8,5 cm<br \/>\n2 kusy v balen\u00ed<\/p>","protected":false},"featured_media":1280,"comment_status":"open","ping_status":"closed","template":"","meta":{"_et_pb_use_builder":"","_et_pb_old_content":"","_et_gb_content_width":"","iawp_total_views":46},"product_brand":[],"product_cat":[77],"product_tag":[114,115],"class_list":{"0":"post-1279","1":"product","2":"type-product","3":"status-publish","4":"has-post-thumbnail","6":"product_cat-rozne","7":"product_tag-cinka","8":"product_tag-cinky","10":"first","11":"instock","12":"purchasable","13":"product-type-simple"},"jetpack_sharing_enabled":true,"_links":{"self":[{"href":"https:\/\/www.3dprintrg.sk\/cz\/wp-json\/wp\/v2\/product\/1279","targetHints":{"allow":["GET"]}}],"collection":[{"href":"https:\/\/www.3dprintrg.sk\/cz\/wp-json\/wp\/v2\/product"}],"about":[{"href":"https:\/\/www.3dprintrg.sk\/cz\/wp-json\/wp\/v2\/types\/product"}],"replies":[{"embeddable":true,"href":"https:\/\/www.3dprintrg.sk\/cz\/wp-json\/wp\/v2\/comments?post=1279"}],"wp:featuredmedia":[{"embeddable":true,"href":"https:\/\/www.3dprintrg.sk\/cz\/wp-json\/wp\/v2\/media\/1280"}],"wp:attachment":[{"href":"https:\/\/www.3dprintrg.sk\/cz\/wp-json\/wp\/v2\/media?parent=1279"}],"wp:term":[{"taxonomy":"product_brand","embeddable":true,"href":"https:\/\/www.3dprintrg.sk\/cz\/wp-json\/wp\/v2\/product_brand?post=1279"},{"taxonomy":"product_cat","embeddable":true,"href":"https:\/\/www.3dprintrg.sk\/cz\/wp-json\/wp\/v2\/product_cat?post=1279"},{"taxonomy":"product_tag","embeddable":true,"href":"https:\/\/www.3dprintrg.sk\/cz\/wp-json\/wp\/v2\/product_tag?post=1279"}],"curies":[{"name":"wp","href":"https:\/\/api.w.org\/{rel}","templated":true}]}}