{"id":1282,"date":"2025-01-17T22:02:56","date_gmt":"2025-01-17T21:02:56","guid":{"rendered":"https:\/\/www.3dprintrg.sk\/?post_type=product&#038;p=1282"},"modified":"2025-01-17T22:02:56","modified_gmt":"2025-01-17T21:02:56","slug":"dievcatko-v-satach-na-prijimanie","status":"publish","type":"product","link":"https:\/\/www.3dprintrg.sk\/cz\/produkt\/dievcatko-v-satach-na-prijimanie\/","title":{"rendered":"Diev\u010datko v \u0161at\u00e1ch na prij\u00edmanie"},"content":{"rendered":"<p>Z\u00e1pich diev\u010datko v \u0161at\u00e1ch na pr\u00edj\u00edmanie skvele dopln\u00ed tortu na t\u00fato sviato\u010dn\u00fa prile\u017eitos\u0165.<br \/>\nV\u00fd\u0161ka je 12 cm<br \/>\nDekor\u00e1cia potom sl\u00fa\u017ei ako pamiatka<br \/>\nDekor\u00e1cia je vyroben\u00e1 z PLA plastu,plast je vyroben\u00fd z obnovite\u013en\u00fdch zdrojov, ako je kukuri\u010dn\u00fd \u0161krob, cukrov\u00e1 trstina alebo zemiakov\u00fd \u0161krob,PLA plast je netoxick\u00fd a bezpe\u010dn\u00fd na styk s potravinami.<\/p>","protected":false},"excerpt":{"rendered":"<p>Z\u00e1pich diev\u010datko v \u0161at\u00e1ch na pr\u00edj\u00edmanie skvele dopln\u00ed tortu na t\u00fato sviato\u010dn\u00fa prile\u017eitos\u0165.<br \/>\nV\u00fd\u0161ka je 12 cm <\/p>","protected":false},"featured_media":1283,"comment_status":"open","ping_status":"closed","template":"","meta":{"_et_pb_use_builder":"","_et_pb_old_content":"","_et_gb_content_width":"","iawp_total_views":18},"product_brand":[],"product_cat":[49,24],"product_tag":[116],"class_list":{"0":"post-1282","1":"product","2":"type-product","3":"status-publish","4":"has-post-thumbnail","6":"product_cat-prijimanie","7":"product_cat-cirkevne-zapichy","8":"product_tag-dievcatko-na-prijimanie","9":"wcpa_has_options","11":"first","12":"instock","13":"purchasable","14":"product-type-variable"},"jetpack_sharing_enabled":true,"_links":{"self":[{"href":"https:\/\/www.3dprintrg.sk\/cz\/wp-json\/wp\/v2\/product\/1282","targetHints":{"allow":["GET"]}}],"collection":[{"href":"https:\/\/www.3dprintrg.sk\/cz\/wp-json\/wp\/v2\/product"}],"about":[{"href":"https:\/\/www.3dprintrg.sk\/cz\/wp-json\/wp\/v2\/types\/product"}],"replies":[{"embeddable":true,"href":"https:\/\/www.3dprintrg.sk\/cz\/wp-json\/wp\/v2\/comments?post=1282"}],"wp:featuredmedia":[{"embeddable":true,"href":"https:\/\/www.3dprintrg.sk\/cz\/wp-json\/wp\/v2\/media\/1283"}],"wp:attachment":[{"href":"https:\/\/www.3dprintrg.sk\/cz\/wp-json\/wp\/v2\/media?parent=1282"}],"wp:term":[{"taxonomy":"product_brand","embeddable":true,"href":"https:\/\/www.3dprintrg.sk\/cz\/wp-json\/wp\/v2\/product_brand?post=1282"},{"taxonomy":"product_cat","embeddable":true,"href":"https:\/\/www.3dprintrg.sk\/cz\/wp-json\/wp\/v2\/product_cat?post=1282"},{"taxonomy":"product_tag","embeddable":true,"href":"https:\/\/www.3dprintrg.sk\/cz\/wp-json\/wp\/v2\/product_tag?post=1282"}],"curies":[{"name":"wp","href":"https:\/\/api.w.org\/{rel}","templated":true}]}}