{"id":1294,"date":"2025-01-20T15:12:03","date_gmt":"2025-01-20T14:12:03","guid":{"rendered":"https:\/\/www.3dprintrg.sk\/?post_type=product&#038;p=1294"},"modified":"2025-12-09T15:38:56","modified_gmt":"2025-12-09T14:38:56","slug":"pokemon-lopta","status":"publish","type":"product","link":"https:\/\/www.3dprintrg.sk\/cz\/produkt\/pokemon-lopta\/","title":{"rendered":"Pok\u00e9mon lopta"},"content":{"rendered":"<p>Pok\u00e9mon lopta je svkel\u00fdm doplnkom na detsk\u00e9 narodeninov\u00e9 torty.<br \/>\nDoplni\u0165 si m\u00f4\u017eete aj meno aj \u010dislo v pok\u00e9mon \u0161t\u00fdle.<br \/>\nRozmer je cca 7 cm<br \/>\nCena je za  ks.Dekor\u00e1cia je vyroben\u00e1 z PLA plastu,plast je vyroben\u00fd z obnovite\u013en\u00fdch zdrojov, ako je kukuri\u010dn\u00fd \u0161krob, cukrov\u00e1 trstina alebo zemiakov\u00fd \u0161krob,PLA plast je netoxick\u00fd a bezpe\u010dn\u00fd na styk s potravinami.<\/p>","protected":false},"excerpt":{"rendered":"<p>Pok\u00e9mon lopta je svkel\u00fdm doplnkom na tortu, doplni\u0165 si m\u00f4\u017eete aj meno a \u010dislo v pok\u00e9mon \u0161t\u00fdle.<br \/>\nCena je za 1 ks lopty. <\/p>","protected":false},"featured_media":1295,"comment_status":"open","ping_status":"closed","template":"","meta":{"_et_pb_use_builder":"","_et_pb_old_content":"","_et_gb_content_width":"","iawp_total_views":18},"product_brand":[],"product_cat":[77],"product_tag":[122,121],"class_list":{"0":"post-1294","1":"product","2":"type-product","3":"status-publish","4":"has-post-thumbnail","6":"product_cat-rozne","7":"product_tag-lopta","8":"product_tag-pokemon-lopta","9":"wcpa_has_options","11":"first","12":"instock","13":"purchasable","14":"product-type-simple"},"jetpack_sharing_enabled":true,"_links":{"self":[{"href":"https:\/\/www.3dprintrg.sk\/cz\/wp-json\/wp\/v2\/product\/1294","targetHints":{"allow":["GET"]}}],"collection":[{"href":"https:\/\/www.3dprintrg.sk\/cz\/wp-json\/wp\/v2\/product"}],"about":[{"href":"https:\/\/www.3dprintrg.sk\/cz\/wp-json\/wp\/v2\/types\/product"}],"replies":[{"embeddable":true,"href":"https:\/\/www.3dprintrg.sk\/cz\/wp-json\/wp\/v2\/comments?post=1294"}],"wp:featuredmedia":[{"embeddable":true,"href":"https:\/\/www.3dprintrg.sk\/cz\/wp-json\/wp\/v2\/media\/1295"}],"wp:attachment":[{"href":"https:\/\/www.3dprintrg.sk\/cz\/wp-json\/wp\/v2\/media?parent=1294"}],"wp:term":[{"taxonomy":"product_brand","embeddable":true,"href":"https:\/\/www.3dprintrg.sk\/cz\/wp-json\/wp\/v2\/product_brand?post=1294"},{"taxonomy":"product_cat","embeddable":true,"href":"https:\/\/www.3dprintrg.sk\/cz\/wp-json\/wp\/v2\/product_cat?post=1294"},{"taxonomy":"product_tag","embeddable":true,"href":"https:\/\/www.3dprintrg.sk\/cz\/wp-json\/wp\/v2\/product_tag?post=1294"}],"curies":[{"name":"wp","href":"https:\/\/api.w.org\/{rel}","templated":true}]}}