{"id":1308,"date":"2025-01-20T16:06:27","date_gmt":"2025-01-20T15:06:27","guid":{"rendered":"https:\/\/www.3dprintrg.sk\/?post_type=product&#038;p=1308"},"modified":"2025-12-09T15:38:56","modified_gmt":"2025-12-09T14:38:56","slug":"zapich-pikachu","status":"publish","type":"product","link":"https:\/\/www.3dprintrg.sk\/cz\/produkt\/zapich-pikachu\/","title":{"rendered":"Z\u00e1pich pikachu"},"content":{"rendered":"<p>Z\u00e1pich pikachu \u00fa\u017easne dozdob\u00ed detsk\u00fa tortu<br \/>\nV\u00fd\u0161ka 12 cm<br \/>\nDok\u00fapi\u0165 si m\u00f4\u017eete aj meno a \u010dislo a pok\u00e9mon lopty<br \/>\nDekor\u00e1cia je vyroben\u00e1 z PLA plastu,plast je vyroben\u00fd z obnovite\u013en\u00fdch zdrojov, ako je kukuri\u010dn\u00fd \u0161krob, cukrov\u00e1 trstina alebo zemiakov\u00fd \u0161krob,PLA plast je netoxick\u00fd a bezpe\u010dn\u00fd na styk s potravinami.<\/p>","protected":false},"excerpt":{"rendered":"<p>Z\u00e1pich pikachu je vysok\u00fd 12 cm<br \/>\nDod\u00e1van\u00fd s pali\u010dkou<br \/>\nZ\u00e1pich sa da \u013eahko odstihn\u00fa\u0165<br \/>\nDok\u00fapi\u0165 si m\u00f4\u017eete meno, \u010d\u00edslo a pok\u00e9mon lopty<\/p>","protected":false},"featured_media":1309,"comment_status":"open","ping_status":"closed","template":"","meta":{"_et_pb_use_builder":"","_et_pb_old_content":"","_et_gb_content_width":"","iawp_total_views":24},"product_brand":[],"product_cat":[25],"product_tag":[127,129,128],"class_list":{"0":"post-1308","1":"product","2":"type-product","3":"status-publish","4":"has-post-thumbnail","6":"product_cat-farebne-obrazkove-zapichy","7":"product_tag-pikachu","8":"product_tag-zapich-pikachu","9":"product_tag-zapich-pokemo","10":"wcpa_has_options","12":"first","13":"instock","14":"purchasable","15":"product-type-simple"},"jetpack_sharing_enabled":true,"_links":{"self":[{"href":"https:\/\/www.3dprintrg.sk\/cz\/wp-json\/wp\/v2\/product\/1308","targetHints":{"allow":["GET"]}}],"collection":[{"href":"https:\/\/www.3dprintrg.sk\/cz\/wp-json\/wp\/v2\/product"}],"about":[{"href":"https:\/\/www.3dprintrg.sk\/cz\/wp-json\/wp\/v2\/types\/product"}],"replies":[{"embeddable":true,"href":"https:\/\/www.3dprintrg.sk\/cz\/wp-json\/wp\/v2\/comments?post=1308"}],"wp:featuredmedia":[{"embeddable":true,"href":"https:\/\/www.3dprintrg.sk\/cz\/wp-json\/wp\/v2\/media\/1309"}],"wp:attachment":[{"href":"https:\/\/www.3dprintrg.sk\/cz\/wp-json\/wp\/v2\/media?parent=1308"}],"wp:term":[{"taxonomy":"product_brand","embeddable":true,"href":"https:\/\/www.3dprintrg.sk\/cz\/wp-json\/wp\/v2\/product_brand?post=1308"},{"taxonomy":"product_cat","embeddable":true,"href":"https:\/\/www.3dprintrg.sk\/cz\/wp-json\/wp\/v2\/product_cat?post=1308"},{"taxonomy":"product_tag","embeddable":true,"href":"https:\/\/www.3dprintrg.sk\/cz\/wp-json\/wp\/v2\/product_tag?post=1308"}],"curies":[{"name":"wp","href":"https:\/\/api.w.org\/{rel}","templated":true}]}}