{"id":1317,"date":"2025-01-20T20:21:29","date_gmt":"2025-01-20T19:21:29","guid":{"rendered":"https:\/\/www.3dprintrg.sk\/?post_type=product&#038;p=1317"},"modified":"2026-02-24T13:30:15","modified_gmt":"2026-02-24T12:30:15","slug":"cislo-v-style-disney","status":"publish","type":"product","link":"https:\/\/www.3dprintrg.sk\/cz\/produkt\/cislo-v-style-disney\/","title":{"rendered":"\u010c\u00edslo v \u0161t\u00fdle Disney"},"content":{"rendered":"<p>Z\u00e1pichov\u00e9 \u010d\u00edsla v \u0161t\u00fdle Disney font.<br \/>\nV\u00fd\u0161ka \u010d\u00edsla je 8 cm bez pali\u010dky<br \/>\nDo pozn\u00e1mky m\u00f4\u017eete nap\u00edsat aj in\u00fa farbu ako je na fotk\u00e1ch<br \/>\nDekor\u00e1cia je vyroben\u00e1 z PLA plastu,plast je vyroben\u00fd z obnovite\u013en\u00fdch zdrojov, ako je kukuri\u010dn\u00fd \u0161krob, cukrov\u00e1 trstina alebo zemiakov\u00fd \u0161krob,PLA plast je netoxick\u00fd a bezpe\u010dn\u00fd na styk s potravinami.<\/p>","protected":false},"excerpt":{"rendered":"<p>Z\u00e1pich \u010d\u00edslo v \u0161t\u00fdle disney font<br \/>\nV\u00fd\u0161ka \u010disla je 8 cm bez pali\u010dky<\/p>","protected":false},"featured_media":1327,"comment_status":"open","ping_status":"closed","template":"","meta":{"_et_pb_use_builder":"","_et_pb_old_content":"","_et_gb_content_width":"","iawp_total_views":25},"product_brand":[],"product_cat":[21],"product_tag":[70,131],"class_list":{"0":"post-1317","1":"product","2":"type-product","3":"status-publish","4":"has-post-thumbnail","6":"product_cat-jednocisla","7":"product_tag-cislo","8":"product_tag-zapich-cislo","9":"wcpa_has_options","11":"first","12":"instock","13":"purchasable","14":"product-type-variable"},"jetpack_sharing_enabled":true,"_links":{"self":[{"href":"https:\/\/www.3dprintrg.sk\/cz\/wp-json\/wp\/v2\/product\/1317","targetHints":{"allow":["GET"]}}],"collection":[{"href":"https:\/\/www.3dprintrg.sk\/cz\/wp-json\/wp\/v2\/product"}],"about":[{"href":"https:\/\/www.3dprintrg.sk\/cz\/wp-json\/wp\/v2\/types\/product"}],"replies":[{"embeddable":true,"href":"https:\/\/www.3dprintrg.sk\/cz\/wp-json\/wp\/v2\/comments?post=1317"}],"wp:featuredmedia":[{"embeddable":true,"href":"https:\/\/www.3dprintrg.sk\/cz\/wp-json\/wp\/v2\/media\/1327"}],"wp:attachment":[{"href":"https:\/\/www.3dprintrg.sk\/cz\/wp-json\/wp\/v2\/media?parent=1317"}],"wp:term":[{"taxonomy":"product_brand","embeddable":true,"href":"https:\/\/www.3dprintrg.sk\/cz\/wp-json\/wp\/v2\/product_brand?post=1317"},{"taxonomy":"product_cat","embeddable":true,"href":"https:\/\/www.3dprintrg.sk\/cz\/wp-json\/wp\/v2\/product_cat?post=1317"},{"taxonomy":"product_tag","embeddable":true,"href":"https:\/\/www.3dprintrg.sk\/cz\/wp-json\/wp\/v2\/product_tag?post=1317"}],"curies":[{"name":"wp","href":"https:\/\/api.w.org\/{rel}","templated":true}]}}