{"id":1342,"date":"2025-01-21T11:14:34","date_gmt":"2025-01-21T10:14:34","guid":{"rendered":"https:\/\/www.3dprintrg.sk\/?post_type=product&#038;p=1342"},"modified":"2026-01-09T10:29:49","modified_gmt":"2026-01-09T09:29:49","slug":"klucenka-s-menom","status":"publish","type":"product","link":"https:\/\/www.3dprintrg.sk\/cz\/produkt\/klucenka-s-menom\/","title":{"rendered":"K\u013e\u00fa\u010denka s menom"},"content":{"rendered":"<p>3D k\u013e\u00fa\u010denka s menom srdie\u010dkom a strapcom prisp\u00f4soben\u00fd farbe podkladu<br \/>\nRozmer 7*3 cm<br \/>\nDekor\u00e1cia je vyroben\u00e1 z PLA plastu,plast je vyroben\u00fd z obnovite\u013en\u00fdch zdrojov, ako je kukuri\u010dn\u00fd \u0161krob, cukrov\u00e1 trstina alebo zemiakov\u00fd \u0161krob,PLA plast je netoxick\u00fd a bezpe\u010dn\u00fd na styk s potravinami.<\/p>","protected":false},"excerpt":{"rendered":"<p>Kl\u00fa\u010denka s menom a farebn\u00fdm pozad\u00edm<br \/>\nPre in\u00fa farbu , nap\u00ed\u0161te ju do pozn\u00e1mky pri objedn\u00e1vke <\/p>","protected":false},"featured_media":1351,"comment_status":"open","ping_status":"closed","template":"","meta":{"_et_pb_use_builder":"","_et_pb_old_content":"","_et_gb_content_width":"","iawp_total_views":63},"product_brand":[],"product_cat":[29],"product_tag":[52,100],"class_list":{"0":"post-1342","1":"product","2":"type-product","3":"status-publish","4":"has-post-thumbnail","6":"product_cat-klucenky","7":"product_tag-klucenka","8":"product_tag-klucenka-s-menom","9":"wcpa_has_options","11":"first","12":"instock","13":"purchasable","14":"product-type-variable"},"jetpack_sharing_enabled":true,"_links":{"self":[{"href":"https:\/\/www.3dprintrg.sk\/cz\/wp-json\/wp\/v2\/product\/1342","targetHints":{"allow":["GET"]}}],"collection":[{"href":"https:\/\/www.3dprintrg.sk\/cz\/wp-json\/wp\/v2\/product"}],"about":[{"href":"https:\/\/www.3dprintrg.sk\/cz\/wp-json\/wp\/v2\/types\/product"}],"replies":[{"embeddable":true,"href":"https:\/\/www.3dprintrg.sk\/cz\/wp-json\/wp\/v2\/comments?post=1342"}],"wp:featuredmedia":[{"embeddable":true,"href":"https:\/\/www.3dprintrg.sk\/cz\/wp-json\/wp\/v2\/media\/1351"}],"wp:attachment":[{"href":"https:\/\/www.3dprintrg.sk\/cz\/wp-json\/wp\/v2\/media?parent=1342"}],"wp:term":[{"taxonomy":"product_brand","embeddable":true,"href":"https:\/\/www.3dprintrg.sk\/cz\/wp-json\/wp\/v2\/product_brand?post=1342"},{"taxonomy":"product_cat","embeddable":true,"href":"https:\/\/www.3dprintrg.sk\/cz\/wp-json\/wp\/v2\/product_cat?post=1342"},{"taxonomy":"product_tag","embeddable":true,"href":"https:\/\/www.3dprintrg.sk\/cz\/wp-json\/wp\/v2\/product_tag?post=1342"}],"curies":[{"name":"wp","href":"https:\/\/api.w.org\/{rel}","templated":true}]}}