{"id":1353,"date":"2025-01-21T12:18:04","date_gmt":"2025-01-21T11:18:04","guid":{"rendered":"https:\/\/www.3dprintrg.sk\/?post_type=product&#038;p=1353"},"modified":"2025-10-09T11:35:30","modified_gmt":"2025-10-09T09:35:30","slug":"kvetinka-na-lizatko","status":"publish","type":"product","link":"https:\/\/www.3dprintrg.sk\/cz\/produkt\/kvetinka-na-lizatko\/","title":{"rendered":"Kvetinka na l\u00edzatko"},"content":{"rendered":"<p>Papierov\u00e1 kvetinka ako obal na l\u00edzatko pre deti\u010dky.<br \/>\nSkvel\u00fd sp\u00f4sob ako darova\u0165 l\u00edzatko<br \/>\nDod\u00e1vame bez l\u00edzatka!<br \/>\nDekor\u00e1cia je vyroben\u00e1 z farebn\u00e9ho kartonov\u00e9ho papiera, posielame v rozlo\u017eenom stave, sta\u010d\u00ed si ich zlepi\u0165 lepidlom na papier.<br \/>\nPri objedn\u00e1vke nap\u00ed\u0161te farbu kvetinky.<br \/>\nCena je uveden\u00e1 za 1 ks kvetinky <\/p>","protected":false},"excerpt":{"rendered":"<p>Papierov\u00e1 kvetinka ako obal na l\u00edzatko pre deti\u010dky.<br \/>\nSkvel\u00fd sp\u00f4sob ako darova\u0165 l\u00edzatko<br \/>\nDod\u00e1vame bez l\u00edzatka!<\/p>","protected":false},"featured_media":1354,"comment_status":"open","ping_status":"closed","template":"","meta":{"_et_pb_use_builder":"","_et_pb_old_content":"","_et_gb_content_width":"","iawp_total_views":37},"product_brand":[],"product_cat":[25],"product_tag":[140,139],"class_list":{"0":"post-1353","1":"product","2":"type-product","3":"status-publish","4":"has-post-thumbnail","6":"product_cat-farebne-obrazkove-zapichy","7":"product_tag-kvetinka-na-lizatko","8":"product_tag-obal-na-lizatko","9":"wcpa_has_options","11":"first","12":"instock","13":"purchasable","14":"product-type-variable"},"jetpack_sharing_enabled":true,"_links":{"self":[{"href":"https:\/\/www.3dprintrg.sk\/cz\/wp-json\/wp\/v2\/product\/1353","targetHints":{"allow":["GET"]}}],"collection":[{"href":"https:\/\/www.3dprintrg.sk\/cz\/wp-json\/wp\/v2\/product"}],"about":[{"href":"https:\/\/www.3dprintrg.sk\/cz\/wp-json\/wp\/v2\/types\/product"}],"replies":[{"embeddable":true,"href":"https:\/\/www.3dprintrg.sk\/cz\/wp-json\/wp\/v2\/comments?post=1353"}],"wp:featuredmedia":[{"embeddable":true,"href":"https:\/\/www.3dprintrg.sk\/cz\/wp-json\/wp\/v2\/media\/1354"}],"wp:attachment":[{"href":"https:\/\/www.3dprintrg.sk\/cz\/wp-json\/wp\/v2\/media?parent=1353"}],"wp:term":[{"taxonomy":"product_brand","embeddable":true,"href":"https:\/\/www.3dprintrg.sk\/cz\/wp-json\/wp\/v2\/product_brand?post=1353"},{"taxonomy":"product_cat","embeddable":true,"href":"https:\/\/www.3dprintrg.sk\/cz\/wp-json\/wp\/v2\/product_cat?post=1353"},{"taxonomy":"product_tag","embeddable":true,"href":"https:\/\/www.3dprintrg.sk\/cz\/wp-json\/wp\/v2\/product_tag?post=1353"}],"curies":[{"name":"wp","href":"https:\/\/api.w.org\/{rel}","templated":true}]}}