{"id":1383,"date":"2025-01-21T15:59:30","date_gmt":"2025-01-21T14:59:30","guid":{"rendered":"https:\/\/www.3dprintrg.sk\/?post_type=product&#038;p=1383"},"modified":"2025-09-12T10:56:47","modified_gmt":"2025-09-12T08:56:47","slug":"zalozka-do-knihy-to-be-continued","status":"publish","type":"product","link":"https:\/\/www.3dprintrg.sk\/cz\/produkt\/zalozka-do-knihy-to-be-continued\/","title":{"rendered":"Z\u00e1lo\u017eka do knihy..to be continued.."},"content":{"rendered":"<p>Prieh\u013eadn\u00e1 z\u00e1lo\u017eka s polepom a strapcom<br \/>\nDl\u017eka 15 cm <\/p>","protected":false},"excerpt":{"rendered":"<p>Akrylov\u00e1 z\u00e1lo\u017eka do knihy s polepom<br \/>\nStrapec prisp\u00f4soben\u00fd farbe pozadia <\/p>","protected":false},"featured_media":1387,"comment_status":"open","ping_status":"closed","template":"","meta":{"_et_pb_use_builder":"","_et_pb_old_content":"","_et_gb_content_width":"","iawp_total_views":8},"product_brand":[],"product_cat":[30],"product_tag":[146],"class_list":{"0":"post-1383","1":"product","2":"type-product","3":"status-publish","4":"has-post-thumbnail","6":"product_cat-nalepky","7":"product_tag-zalozka-do-knihy","9":"first","10":"instock","11":"purchasable","12":"product-type-variable"},"jetpack_sharing_enabled":true,"_links":{"self":[{"href":"https:\/\/www.3dprintrg.sk\/cz\/wp-json\/wp\/v2\/product\/1383","targetHints":{"allow":["GET"]}}],"collection":[{"href":"https:\/\/www.3dprintrg.sk\/cz\/wp-json\/wp\/v2\/product"}],"about":[{"href":"https:\/\/www.3dprintrg.sk\/cz\/wp-json\/wp\/v2\/types\/product"}],"replies":[{"embeddable":true,"href":"https:\/\/www.3dprintrg.sk\/cz\/wp-json\/wp\/v2\/comments?post=1383"}],"wp:featuredmedia":[{"embeddable":true,"href":"https:\/\/www.3dprintrg.sk\/cz\/wp-json\/wp\/v2\/media\/1387"}],"wp:attachment":[{"href":"https:\/\/www.3dprintrg.sk\/cz\/wp-json\/wp\/v2\/media?parent=1383"}],"wp:term":[{"taxonomy":"product_brand","embeddable":true,"href":"https:\/\/www.3dprintrg.sk\/cz\/wp-json\/wp\/v2\/product_brand?post=1383"},{"taxonomy":"product_cat","embeddable":true,"href":"https:\/\/www.3dprintrg.sk\/cz\/wp-json\/wp\/v2\/product_cat?post=1383"},{"taxonomy":"product_tag","embeddable":true,"href":"https:\/\/www.3dprintrg.sk\/cz\/wp-json\/wp\/v2\/product_tag?post=1383"}],"curies":[{"name":"wp","href":"https:\/\/api.w.org\/{rel}","templated":true}]}}