{"id":1431,"date":"2025-01-21T22:20:41","date_gmt":"2025-01-21T21:20:41","guid":{"rendered":"https:\/\/www.3dprintrg.sk\/?post_type=product&#038;p=1431"},"modified":"2025-03-14T19:16:21","modified_gmt":"2025-03-14T18:16:21","slug":"zajacik-2","status":"publish","type":"product","link":"https:\/\/www.3dprintrg.sk\/cz\/produkt\/zajacik-2\/","title":{"rendered":"Zaja\u010dik"},"content":{"rendered":"<p>Dekor\u00e1cia zaja\u010dika v r\u00f4znych farb\u00e1ch, nap\u00ed\u0161te n\u00e1m farbu do pozn\u00e1mky a my v\u00e1m po\u0161leme ake m\u00e1me dan\u00e9 odtiene farieb<br \/>\nZaja\u010dik je vysok\u00fd 11 cm<br \/>\nKr\u00e1sna dekor\u00e1cia na Ve\u013ek\u00fa noc<br \/>\nVhodn\u00fd dar\u010dek aj pre mal\u00fdch \u0161iba\u010dov<br \/>\nDekor\u00e1cia je vyroben\u00e1 z PLA plastu,plast je vyroben\u00fd z obnovite\u013en\u00fdch zdrojov, ako je kukuri\u010dn\u00fd \u0161krob, cukrov\u00e1 trstina alebo zemiakov\u00fd \u0161krob,PLA plast je netoxick\u00fd a bezpe\u010dn\u00fd na styk s potravinami.<\/p>","protected":false},"excerpt":{"rendered":"<p>Dekor\u00e1cia zaja\u010dik<br \/>\nVysok\u00fd 11 cm<br \/>\nUvedte do pozn\u00e1mky ak chcete in\u00fa farbu ako je na fotk\u00e1ch a my v\u00e1s budeme kontaktova\u0165 vo v\u00fdbere farieb <\/p>","protected":false},"featured_media":1432,"comment_status":"open","ping_status":"closed","template":"","meta":{"_et_pb_use_builder":"","_et_pb_old_content":"","_et_gb_content_width":"","iawp_total_views":56},"product_brand":[],"product_cat":[149],"product_tag":[151,67],"class_list":{"0":"post-1431","1":"product","2":"type-product","3":"status-publish","4":"has-post-thumbnail","6":"product_cat-velka-noc","7":"product_tag-dekoracia-zajacik","8":"product_tag-zajacik","9":"wcpa_has_options","11":"first","12":"instock","13":"purchasable","14":"product-type-variable"},"jetpack_sharing_enabled":true,"_links":{"self":[{"href":"https:\/\/www.3dprintrg.sk\/cz\/wp-json\/wp\/v2\/product\/1431","targetHints":{"allow":["GET"]}}],"collection":[{"href":"https:\/\/www.3dprintrg.sk\/cz\/wp-json\/wp\/v2\/product"}],"about":[{"href":"https:\/\/www.3dprintrg.sk\/cz\/wp-json\/wp\/v2\/types\/product"}],"replies":[{"embeddable":true,"href":"https:\/\/www.3dprintrg.sk\/cz\/wp-json\/wp\/v2\/comments?post=1431"}],"wp:featuredmedia":[{"embeddable":true,"href":"https:\/\/www.3dprintrg.sk\/cz\/wp-json\/wp\/v2\/media\/1432"}],"wp:attachment":[{"href":"https:\/\/www.3dprintrg.sk\/cz\/wp-json\/wp\/v2\/media?parent=1431"}],"wp:term":[{"taxonomy":"product_brand","embeddable":true,"href":"https:\/\/www.3dprintrg.sk\/cz\/wp-json\/wp\/v2\/product_brand?post=1431"},{"taxonomy":"product_cat","embeddable":true,"href":"https:\/\/www.3dprintrg.sk\/cz\/wp-json\/wp\/v2\/product_cat?post=1431"},{"taxonomy":"product_tag","embeddable":true,"href":"https:\/\/www.3dprintrg.sk\/cz\/wp-json\/wp\/v2\/product_tag?post=1431"}],"curies":[{"name":"wp","href":"https:\/\/api.w.org\/{rel}","templated":true}]}}