{"id":1445,"date":"2025-01-22T08:49:45","date_gmt":"2025-01-22T07:49:45","guid":{"rendered":"https:\/\/www.3dprintrg.sk\/?post_type=product&#038;p=1445"},"modified":"2025-01-22T08:53:08","modified_gmt":"2025-01-22T07:53:08","slug":"nalepka-limited-edition","status":"publish","type":"product","link":"https:\/\/www.3dprintrg.sk\/cz\/produkt\/nalepka-limited-edition\/","title":{"rendered":"N\u00e1lepka..LIMITED EDITION.."},"content":{"rendered":"<p>N\u00e1lepka na auto..LIMITED EDITION..<br \/>\nRozmer 14*9 cm<br \/>\nVynilov\u00e1 n\u00e1lepka na auto<br \/>\nAk je aplikovan\u00fd povrch \u010dierny, odpor\u00fa\u010dame zak\u00fapi\u0165 n\u00e1lepku v bielej farbe, ak je povrch biely, odpor\u00fa\u010dame zak\u00fapi\u0165 n\u00e1lepku v \u010diernej farbe.<br \/>\nN\u00e1lepky s\u00fa dod\u00e1van\u00e9 s prenosovou f\u00f3liou pre ve\u013emi jednoduch\u00fa in\u0161tal\u00e1ciu.<br \/>\nPred mont\u00e1\u017eou sa uistite, \u017ee ste miesto, kde bude n\u00e1lepka nalepen\u00e1, d\u00f4kladne vy\u010distili.<\/p>","protected":false},"excerpt":{"rendered":"<p>Vinylov\u00e1 n\u00e1lepka na auto s textom ..LIMITED EDITION..<br \/>\nRozmer n\u00e1lepky je cca 14*9cm<\/p>","protected":false},"featured_media":1454,"comment_status":"open","ping_status":"closed","template":"","meta":{"_et_pb_use_builder":"","_et_pb_old_content":"","_et_gb_content_width":"","iawp_total_views":11},"product_brand":[],"product_cat":[43,30],"product_tag":[88],"class_list":{"0":"post-1445","1":"product","2":"type-product","3":"status-publish","4":"has-post-thumbnail","6":"product_cat-na-auto","7":"product_cat-nalepky","8":"product_tag-nalepka-na-auto","9":"wcpa_has_options","11":"first","12":"instock","13":"purchasable","14":"product-type-variable"},"jetpack_sharing_enabled":true,"_links":{"self":[{"href":"https:\/\/www.3dprintrg.sk\/cz\/wp-json\/wp\/v2\/product\/1445","targetHints":{"allow":["GET"]}}],"collection":[{"href":"https:\/\/www.3dprintrg.sk\/cz\/wp-json\/wp\/v2\/product"}],"about":[{"href":"https:\/\/www.3dprintrg.sk\/cz\/wp-json\/wp\/v2\/types\/product"}],"replies":[{"embeddable":true,"href":"https:\/\/www.3dprintrg.sk\/cz\/wp-json\/wp\/v2\/comments?post=1445"}],"wp:featuredmedia":[{"embeddable":true,"href":"https:\/\/www.3dprintrg.sk\/cz\/wp-json\/wp\/v2\/media\/1454"}],"wp:attachment":[{"href":"https:\/\/www.3dprintrg.sk\/cz\/wp-json\/wp\/v2\/media?parent=1445"}],"wp:term":[{"taxonomy":"product_brand","embeddable":true,"href":"https:\/\/www.3dprintrg.sk\/cz\/wp-json\/wp\/v2\/product_brand?post=1445"},{"taxonomy":"product_cat","embeddable":true,"href":"https:\/\/www.3dprintrg.sk\/cz\/wp-json\/wp\/v2\/product_cat?post=1445"},{"taxonomy":"product_tag","embeddable":true,"href":"https:\/\/www.3dprintrg.sk\/cz\/wp-json\/wp\/v2\/product_tag?post=1445"}],"curies":[{"name":"wp","href":"https:\/\/api.w.org\/{rel}","templated":true}]}}