{"id":1488,"date":"2025-01-22T19:40:35","date_gmt":"2025-01-22T18:40:35","guid":{"rendered":"https:\/\/www.3dprintrg.sk\/?post_type=product&#038;p=1488"},"modified":"2025-01-22T19:40:35","modified_gmt":"2025-01-22T18:40:35","slug":"vykrajovacka-motyl","status":"publish","type":"product","link":"https:\/\/www.3dprintrg.sk\/cz\/produkt\/vykrajovacka-motyl\/","title":{"rendered":"Vykrajova\u010dka mot\u00fd\u013e"},"content":{"rendered":"<p>Vykrajova\u010dka a raz\u00edtko mot\u00fd\u013e<br \/>\nRozmer cca 6*5 cm<br \/>\nDekor\u00e1cia je vyroben\u00e1 z PLA plastu,plast je vyroben\u00fd z obnovite\u013en\u00fdch zdrojov, ako je kukuri\u010dn\u00fd \u0161krob, cukrov\u00e1 trstina alebo zemiakov\u00fd \u0161krob,PLA plast je netoxick\u00fd a bezpe\u010dn\u00fd na styk s potravinami.<\/p>","protected":false},"excerpt":{"rendered":"<p>Vykrajova\u010dka a raz\u00edtko mot\u00fd\u013e<br \/>\nModelovaciu hmotu si \u013eubovolne zafarb\u00edte na dan\u00fd odtie\u0148, vykraja\u010dka a raz\u00edtko mot\u00fd\u013ea dod\u00e1 va\u0161ej torte kr\u00e1sn\u00fd vzh\u013ead<\/p>","protected":false},"featured_media":1489,"comment_status":"open","ping_status":"closed","template":"","meta":{"_et_pb_use_builder":"","_et_pb_old_content":"","_et_gb_content_width":"","iawp_total_views":15},"product_brand":[],"product_cat":[15],"product_tag":[163,162],"class_list":{"0":"post-1488","1":"product","2":"type-product","3":"status-publish","4":"has-post-thumbnail","6":"product_cat-vykrajovacky","7":"product_tag-motyl","8":"product_tag-vykrajovacka-motyl","10":"first","11":"instock","12":"purchasable","13":"product-type-simple"},"jetpack_sharing_enabled":true,"_links":{"self":[{"href":"https:\/\/www.3dprintrg.sk\/cz\/wp-json\/wp\/v2\/product\/1488","targetHints":{"allow":["GET"]}}],"collection":[{"href":"https:\/\/www.3dprintrg.sk\/cz\/wp-json\/wp\/v2\/product"}],"about":[{"href":"https:\/\/www.3dprintrg.sk\/cz\/wp-json\/wp\/v2\/types\/product"}],"replies":[{"embeddable":true,"href":"https:\/\/www.3dprintrg.sk\/cz\/wp-json\/wp\/v2\/comments?post=1488"}],"wp:featuredmedia":[{"embeddable":true,"href":"https:\/\/www.3dprintrg.sk\/cz\/wp-json\/wp\/v2\/media\/1489"}],"wp:attachment":[{"href":"https:\/\/www.3dprintrg.sk\/cz\/wp-json\/wp\/v2\/media?parent=1488"}],"wp:term":[{"taxonomy":"product_brand","embeddable":true,"href":"https:\/\/www.3dprintrg.sk\/cz\/wp-json\/wp\/v2\/product_brand?post=1488"},{"taxonomy":"product_cat","embeddable":true,"href":"https:\/\/www.3dprintrg.sk\/cz\/wp-json\/wp\/v2\/product_cat?post=1488"},{"taxonomy":"product_tag","embeddable":true,"href":"https:\/\/www.3dprintrg.sk\/cz\/wp-json\/wp\/v2\/product_tag?post=1488"}],"curies":[{"name":"wp","href":"https:\/\/api.w.org\/{rel}","templated":true}]}}