{"id":1491,"date":"2025-01-23T08:43:31","date_gmt":"2025-01-23T07:43:31","guid":{"rendered":"https:\/\/www.3dprintrg.sk\/?post_type=product&#038;p=1491"},"modified":"2025-01-23T08:43:31","modified_gmt":"2025-01-23T07:43:31","slug":"1491","status":"publish","type":"product","link":"https:\/\/www.3dprintrg.sk\/cz\/produkt\/1491\/","title":{"rendered":""},"content":{"rendered":"<p>Organiz\u00e9r do k\u00fapelne na odli\u010dovacie vatov\u00e9 tamp\u00f3ny s bo\u010dn\u00fdmi priehradkami na drobn\u00e9 veci ako je napr\u00edklad \u0161pir\u00e1la, ceruzky, vatov\u00e9 ty\u010dinky&#8230;<br \/>\nAk si chcete zvoli\u0165 in\u00fa farbu nap\u00ed\u0161te n\u00e1m ju do pozn\u00e1mky a my V\u00e1s budeme obratom konkaktova\u0165 s v\u00fdberom farieb.<br \/>\nV\u00fd\u0161ka je 15 cm<br \/>\nDekor\u00e1cia je vyroben\u00e1 z PLA plastu,plast je vyroben\u00fd z obnovite\u013en\u00fdch zdrojov, ako je kukuri\u010dn\u00fd \u0161krob, cukrov\u00e1 trstina alebo zemiakov\u00fd \u0161krob,PLA plast je netoxick\u00fd a bezpe\u010dn\u00fd na styk s potravinami.<\/p>","protected":false},"excerpt":{"rendered":"<p>Organiz\u00e9r do k\u00fapelne na odli\u010dovacie vatov\u00e9 tamp\u00f3ny s bo\u010dn\u00fdmi priehradkami na drobn\u00e9 veci ako je napr\u00edklad \u0161pir\u00e1la, ceruzky, vatov\u00e9 ty\u010dinky&#8230;<br \/>\nAk si chcete zvoli\u0165 in\u00fa farbu nap\u00ed\u0161te n\u00e1m ju do pozn\u00e1mky a my V\u00e1s budeme obratom konkaktova\u0165 s v\u00fdberom farieb.<br \/>\nV\u00fd\u0161ka je 15 cm <\/p>","protected":false},"featured_media":1492,"comment_status":"open","ping_status":"closed","template":"","meta":{"_et_pb_use_builder":"","_et_pb_old_content":"","_et_gb_content_width":"","iawp_total_views":16},"product_brand":[],"product_cat":[31],"product_tag":[164,165],"class_list":{"0":"post-1491","1":"product","2":"type-product","3":"status-publish","4":"has-post-thumbnail","6":"product_cat-dekoracie","7":"product_tag-organizer-na-vatove-tampony","8":"product_tag-organizzer-do-kupelne","9":"wcpa_has_options","11":"first","12":"instock","13":"purchasable","14":"product-type-simple"},"jetpack_sharing_enabled":true,"_links":{"self":[{"href":"https:\/\/www.3dprintrg.sk\/cz\/wp-json\/wp\/v2\/product\/1491","targetHints":{"allow":["GET"]}}],"collection":[{"href":"https:\/\/www.3dprintrg.sk\/cz\/wp-json\/wp\/v2\/product"}],"about":[{"href":"https:\/\/www.3dprintrg.sk\/cz\/wp-json\/wp\/v2\/types\/product"}],"replies":[{"embeddable":true,"href":"https:\/\/www.3dprintrg.sk\/cz\/wp-json\/wp\/v2\/comments?post=1491"}],"wp:featuredmedia":[{"embeddable":true,"href":"https:\/\/www.3dprintrg.sk\/cz\/wp-json\/wp\/v2\/media\/1492"}],"wp:attachment":[{"href":"https:\/\/www.3dprintrg.sk\/cz\/wp-json\/wp\/v2\/media?parent=1491"}],"wp:term":[{"taxonomy":"product_brand","embeddable":true,"href":"https:\/\/www.3dprintrg.sk\/cz\/wp-json\/wp\/v2\/product_brand?post=1491"},{"taxonomy":"product_cat","embeddable":true,"href":"https:\/\/www.3dprintrg.sk\/cz\/wp-json\/wp\/v2\/product_cat?post=1491"},{"taxonomy":"product_tag","embeddable":true,"href":"https:\/\/www.3dprintrg.sk\/cz\/wp-json\/wp\/v2\/product_tag?post=1491"}],"curies":[{"name":"wp","href":"https:\/\/api.w.org\/{rel}","templated":true}]}}