{"id":1495,"date":"2025-01-23T09:01:05","date_gmt":"2025-01-23T08:01:05","guid":{"rendered":"https:\/\/www.3dprintrg.sk\/?post_type=product&#038;p=1495"},"modified":"2026-01-09T10:37:00","modified_gmt":"2026-01-09T09:37:00","slug":"vreckovnik-stone","status":"publish","type":"product","link":"https:\/\/www.3dprintrg.sk\/cz\/produkt\/vreckovnik-stone\/","title":{"rendered":"Vreckovn\u00edk  ..stone.."},"content":{"rendered":"<p>\u0160t\u00fdlov\u00fd a dizajnov\u00fd obal na vy\u0165ahovacie vreckovky<br \/>\nV dvoch farb\u00e1ch<br \/>\nAk chcete in\u00fa farbu nap\u00ed\u0161te ju do pozn\u00e1mky pri objedn\u00e1vke a my V\u00e1s budeme obratom konktakova\u0165 s v\u00fdberom farieb .<br \/>\nRozmer 24*12cm v\u00fd\u0161ka 7 cm<br \/>\nDekor\u00e1cia je vyroben\u00e1 z PLA plastu,plast je vyroben\u00fd z obnovite\u013en\u00fdch zdrojov, ako je kukuri\u010dn\u00fd \u0161krob, cukrov\u00e1 trstina alebo zemiakov\u00fd \u0161krob,PLA plast je netoxick\u00fd a bezpe\u010dn\u00fd na styk s potravinami.<\/p>","protected":false},"excerpt":{"rendered":"<p>\u0160t\u00fdlov\u00fd a dizajnov\u00fd obal na vy\u0165ahovacie vreckovky<br \/>\nV dvoch farb\u00e1ch<br \/>\nAk chcete in\u00fa farbu nap\u00ed\u0161te ju do pozn\u00e1mky pri objedn\u00e1vke a my V\u00e1s budeme obratom konktakova\u0165 s v\u00fdberom farieb .<br \/>\nRozmer 24*12cm v\u00fd\u0161ka 7 cm<\/p>","protected":false},"featured_media":1498,"comment_status":"open","ping_status":"closed","template":"","meta":{"_et_pb_use_builder":"","_et_pb_old_content":"","_et_gb_content_width":"","iawp_total_views":24},"product_brand":[],"product_cat":[45,31],"product_tag":[167,166],"class_list":{"0":"post-1495","1":"product","2":"type-product","3":"status-publish","4":"has-post-thumbnail","6":"product_cat-vreckovniky","7":"product_cat-dekoracie","8":"product_tag-obal-na-vreckovky","9":"product_tag-vreckovnik","10":"wcpa_has_options","12":"first","13":"instock","14":"sale","15":"purchasable","16":"product-type-variable"},"jetpack_sharing_enabled":true,"_links":{"self":[{"href":"https:\/\/www.3dprintrg.sk\/cz\/wp-json\/wp\/v2\/product\/1495","targetHints":{"allow":["GET"]}}],"collection":[{"href":"https:\/\/www.3dprintrg.sk\/cz\/wp-json\/wp\/v2\/product"}],"about":[{"href":"https:\/\/www.3dprintrg.sk\/cz\/wp-json\/wp\/v2\/types\/product"}],"replies":[{"embeddable":true,"href":"https:\/\/www.3dprintrg.sk\/cz\/wp-json\/wp\/v2\/comments?post=1495"}],"wp:featuredmedia":[{"embeddable":true,"href":"https:\/\/www.3dprintrg.sk\/cz\/wp-json\/wp\/v2\/media\/1498"}],"wp:attachment":[{"href":"https:\/\/www.3dprintrg.sk\/cz\/wp-json\/wp\/v2\/media?parent=1495"}],"wp:term":[{"taxonomy":"product_brand","embeddable":true,"href":"https:\/\/www.3dprintrg.sk\/cz\/wp-json\/wp\/v2\/product_brand?post=1495"},{"taxonomy":"product_cat","embeddable":true,"href":"https:\/\/www.3dprintrg.sk\/cz\/wp-json\/wp\/v2\/product_cat?post=1495"},{"taxonomy":"product_tag","embeddable":true,"href":"https:\/\/www.3dprintrg.sk\/cz\/wp-json\/wp\/v2\/product_tag?post=1495"}],"curies":[{"name":"wp","href":"https:\/\/api.w.org\/{rel}","templated":true}]}}