{"id":1530,"date":"2025-01-23T12:08:15","date_gmt":"2025-01-23T11:08:15","guid":{"rendered":"https:\/\/www.3dprintrg.sk\/?post_type=product&#038;p=1530"},"modified":"2026-01-09T10:36:07","modified_gmt":"2026-01-09T09:36:07","slug":"zapich-happy-birthday-kombi-pismo","status":"publish","type":"product","link":"https:\/\/www.3dprintrg.sk\/cz\/produkt\/zapich-happy-birthday-kombi-pismo\/","title":{"rendered":"Z\u00e1pich Happy Birthday kombi p\u00edsmo"},"content":{"rendered":"<p>Narodeninov\u00fd z\u00e1pich s n\u00e1pisom Happy Birthday s kombinovan\u00fdm p\u00edsmom<br \/>\n\u0160\u00edrka 15 cm<br \/>\nKr\u00e1sna ozdoba na tortu v podobe z\u00e1pichu s n\u00e1pisom Happy Birthday, vhodn\u00e9 k pr\u00edle\u017eitosti naroden\u00edn.<br \/>\nDekor\u00e1cia je vyroben\u00e1 z PLA plastu,plast je vyroben\u00fd z obnovite\u013en\u00fdch zdrojov, ako je kukuri\u010dn\u00fd \u0161krob, cukrov\u00e1 trstina alebo zemiakov\u00fd \u0161krob,PLA plast je netoxick\u00fd a bezpe\u010dn\u00fd na styk s potravinami.<\/p>","protected":false},"excerpt":{"rendered":"<p>Narodeninov\u00fd z\u00e1pich s n\u00e1pisom Happy Birthday s kombinovyn\u00fdm p\u00edsmom<br \/>\n\u0160\u00edrka 15 cm<\/p>","protected":false},"featured_media":1532,"comment_status":"open","ping_status":"closed","template":"","meta":{"_et_pb_use_builder":"","_et_pb_old_content":"","_et_gb_content_width":"","iawp_total_views":14},"product_brand":[],"product_cat":[23],"product_tag":[168,150],"class_list":{"0":"post-1530","1":"product","2":"type-product","3":"status-publish","4":"has-post-thumbnail","6":"product_cat-vsetko-najlepsie","7":"product_tag-zapich-happy-birthday","8":"product_tag-zapich-vsetko-najlepsie","9":"wcpa_has_options","11":"first","12":"instock","13":"purchasable","14":"product-type-variable"},"jetpack_sharing_enabled":true,"_links":{"self":[{"href":"https:\/\/www.3dprintrg.sk\/cz\/wp-json\/wp\/v2\/product\/1530","targetHints":{"allow":["GET"]}}],"collection":[{"href":"https:\/\/www.3dprintrg.sk\/cz\/wp-json\/wp\/v2\/product"}],"about":[{"href":"https:\/\/www.3dprintrg.sk\/cz\/wp-json\/wp\/v2\/types\/product"}],"replies":[{"embeddable":true,"href":"https:\/\/www.3dprintrg.sk\/cz\/wp-json\/wp\/v2\/comments?post=1530"}],"wp:featuredmedia":[{"embeddable":true,"href":"https:\/\/www.3dprintrg.sk\/cz\/wp-json\/wp\/v2\/media\/1532"}],"wp:attachment":[{"href":"https:\/\/www.3dprintrg.sk\/cz\/wp-json\/wp\/v2\/media?parent=1530"}],"wp:term":[{"taxonomy":"product_brand","embeddable":true,"href":"https:\/\/www.3dprintrg.sk\/cz\/wp-json\/wp\/v2\/product_brand?post=1530"},{"taxonomy":"product_cat","embeddable":true,"href":"https:\/\/www.3dprintrg.sk\/cz\/wp-json\/wp\/v2\/product_cat?post=1530"},{"taxonomy":"product_tag","embeddable":true,"href":"https:\/\/www.3dprintrg.sk\/cz\/wp-json\/wp\/v2\/product_tag?post=1530"}],"curies":[{"name":"wp","href":"https:\/\/api.w.org\/{rel}","templated":true}]}}