{"id":1544,"date":"2025-01-23T12:38:01","date_gmt":"2025-01-23T11:38:01","guid":{"rendered":"https:\/\/www.3dprintrg.sk\/?post_type=product&#038;p=1544"},"modified":"2025-01-23T12:38:01","modified_gmt":"2025-01-23T11:38:01","slug":"velkonocne-vajicko","status":"publish","type":"product","link":"https:\/\/www.3dprintrg.sk\/cz\/produkt\/velkonocne-vajicko\/","title":{"rendered":"Ve\u013ekono\u010dn\u00e9 vaj\u00ed\u010dko"},"content":{"rendered":"<p>Dekor\u00e1cia ve\u013ekono\u010dn\u00e9ho vaj\u00ed\u010dka v limetkovej farbe<br \/>\nV\u00fd\u0161ka vaj\u00ed\u010dka je 9 cm<br \/>\nDekor\u00e1cia je vyroben\u00e1 z PLA plastu,plast je vyroben\u00fd z obnovite\u013en\u00fdch zdrojov, ako je kukuri\u010dn\u00fd \u0161krob, cukrov\u00e1 trstina alebo zemiakov\u00fd \u0161krob,PLA plast je netoxick\u00fd a bezpe\u010dn\u00fd na styk s potravinami.<\/p>","protected":false},"excerpt":{"rendered":"<p>Dekor\u00e1cia ve\u013ekono\u010dn\u00e9ho vaj\u00ed\u010dka v limetkovej farbe<br \/>\nV\u00fd\u0161ka vaj\u00ed\u010dka je 9 cm<br \/>\nAk chcete in\u00fa farbu ako je vo v\u00fdbere, nap\u00ed\u0161te n\u00e1m ju do pozn\u00e1mky a my v\u00e1s budeme obratom kontaktova\u0165 s v\u00fdberom farby. <\/p>","protected":false},"featured_media":1552,"comment_status":"open","ping_status":"closed","template":"","meta":{"_et_pb_use_builder":"","_et_pb_old_content":"","_et_gb_content_width":"","iawp_total_views":21},"product_brand":[],"product_cat":[149],"product_tag":[169,170],"class_list":{"0":"post-1544","1":"product","2":"type-product","3":"status-publish","4":"has-post-thumbnail","6":"product_cat-velka-noc","7":"product_tag-dekoracia-vajicko","8":"product_tag-velkonocne-vajicko","9":"wcpa_has_options","11":"first","12":"instock","13":"purchasable","14":"product-type-variable"},"jetpack_sharing_enabled":true,"_links":{"self":[{"href":"https:\/\/www.3dprintrg.sk\/cz\/wp-json\/wp\/v2\/product\/1544","targetHints":{"allow":["GET"]}}],"collection":[{"href":"https:\/\/www.3dprintrg.sk\/cz\/wp-json\/wp\/v2\/product"}],"about":[{"href":"https:\/\/www.3dprintrg.sk\/cz\/wp-json\/wp\/v2\/types\/product"}],"replies":[{"embeddable":true,"href":"https:\/\/www.3dprintrg.sk\/cz\/wp-json\/wp\/v2\/comments?post=1544"}],"wp:featuredmedia":[{"embeddable":true,"href":"https:\/\/www.3dprintrg.sk\/cz\/wp-json\/wp\/v2\/media\/1552"}],"wp:attachment":[{"href":"https:\/\/www.3dprintrg.sk\/cz\/wp-json\/wp\/v2\/media?parent=1544"}],"wp:term":[{"taxonomy":"product_brand","embeddable":true,"href":"https:\/\/www.3dprintrg.sk\/cz\/wp-json\/wp\/v2\/product_brand?post=1544"},{"taxonomy":"product_cat","embeddable":true,"href":"https:\/\/www.3dprintrg.sk\/cz\/wp-json\/wp\/v2\/product_cat?post=1544"},{"taxonomy":"product_tag","embeddable":true,"href":"https:\/\/www.3dprintrg.sk\/cz\/wp-json\/wp\/v2\/product_tag?post=1544"}],"curies":[{"name":"wp","href":"https:\/\/api.w.org\/{rel}","templated":true}]}}