{"id":1604,"date":"2025-01-26T19:11:37","date_gmt":"2025-01-26T18:11:37","guid":{"rendered":"https:\/\/www.3dprintrg.sk\/?post_type=product&#038;p=1604"},"modified":"2025-11-17T20:15:33","modified_gmt":"2025-11-17T19:15:33","slug":"mini-cislo-do-mafiniek","status":"publish","type":"product","link":"https:\/\/www.3dprintrg.sk\/cz\/produkt\/mini-cislo-do-mafiniek\/","title":{"rendered":"Mini \u010d\u00edslo do mafiniek"},"content":{"rendered":"<p>Mini \u010d\u00edslo s pali\u010dkou do mafiniek<br \/>\nV\u00fd\u0161ka \u010d\u00edsla bez pali\u010dky je 4,5cm .<br \/>\nFont p\u00edsma ..baby..<br \/>\nDekor\u00e1cia je vyroben\u00e1 z PLA plastu,plast je vyroben\u00fd z obnovite\u013en\u00fdch zdrojov, ako je kukuri\u010dn\u00fd \u0161krob, cukrov\u00e1 trstina alebo zemiakov\u00fd \u0161krob,PLA plast je netoxick\u00fd a bezpe\u010dn\u00fd na styk s potravinami.<\/p>","protected":false},"excerpt":{"rendered":"<p>Mini \u010d\u00edslo do mafiniek<br \/>\nV\u00fd\u0161ka \u010d\u00edsla bez pali\u010dky je 4,5cm. <\/p>","protected":false},"featured_media":1615,"comment_status":"open","ping_status":"closed","template":"","meta":{"_et_pb_use_builder":"","_et_pb_old_content":"","_et_gb_content_width":"","iawp_total_views":29},"product_brand":[],"product_cat":[22],"product_tag":[182,131],"class_list":{"0":"post-1604","1":"product","2":"type-product","3":"status-publish","4":"has-post-thumbnail","6":"product_cat-dvojcisla","7":"product_tag-cislo-zapich-zapich","8":"product_tag-zapich-cislo","9":"wcpa_has_options","11":"first","12":"instock","13":"purchasable","14":"product-type-variable"},"jetpack_sharing_enabled":true,"_links":{"self":[{"href":"https:\/\/www.3dprintrg.sk\/cz\/wp-json\/wp\/v2\/product\/1604","targetHints":{"allow":["GET"]}}],"collection":[{"href":"https:\/\/www.3dprintrg.sk\/cz\/wp-json\/wp\/v2\/product"}],"about":[{"href":"https:\/\/www.3dprintrg.sk\/cz\/wp-json\/wp\/v2\/types\/product"}],"replies":[{"embeddable":true,"href":"https:\/\/www.3dprintrg.sk\/cz\/wp-json\/wp\/v2\/comments?post=1604"}],"wp:featuredmedia":[{"embeddable":true,"href":"https:\/\/www.3dprintrg.sk\/cz\/wp-json\/wp\/v2\/media\/1615"}],"wp:attachment":[{"href":"https:\/\/www.3dprintrg.sk\/cz\/wp-json\/wp\/v2\/media?parent=1604"}],"wp:term":[{"taxonomy":"product_brand","embeddable":true,"href":"https:\/\/www.3dprintrg.sk\/cz\/wp-json\/wp\/v2\/product_brand?post=1604"},{"taxonomy":"product_cat","embeddable":true,"href":"https:\/\/www.3dprintrg.sk\/cz\/wp-json\/wp\/v2\/product_cat?post=1604"},{"taxonomy":"product_tag","embeddable":true,"href":"https:\/\/www.3dprintrg.sk\/cz\/wp-json\/wp\/v2\/product_tag?post=1604"}],"curies":[{"name":"wp","href":"https:\/\/api.w.org\/{rel}","templated":true}]}}