{"id":1643,"date":"2025-01-27T20:48:08","date_gmt":"2025-01-27T19:48:08","guid":{"rendered":"https:\/\/www.3dprintrg.sk\/?post_type=product&#038;p=1643"},"modified":"2025-10-20T10:24:04","modified_gmt":"2025-10-20T08:24:04","slug":"zapich-stitch","status":"publish","type":"product","link":"https:\/\/www.3dprintrg.sk\/cz\/produkt\/zapich-stitch\/","title":{"rendered":"Z\u00e1pich Stitch"},"content":{"rendered":"<p>Z\u00e1pich Stitch na narodeninov\u00fa tortu<br \/>\nV\u00fd\u0161ka bez z\u00e1pichu je 12 cm<br \/>\nDekor\u00e1cia je vyroben\u00e1 z PLA plastu,plast je vyroben\u00fd z obnovite\u013en\u00fdch zdrojov, ako je kukuri\u010dn\u00fd \u0161krob, cukrov\u00e1 trstina alebo zemiakov\u00fd \u0161krob,PLA plast je netoxick\u00fd a bezpe\u010dn\u00fd na styk s potravinami.<\/p>","protected":false},"excerpt":{"rendered":"<p>Z\u00e1pich Stitch<br \/>\nV\u00fd\u0161ka bez pali\u010dky je 12 cm <\/p>","protected":false},"featured_media":1646,"comment_status":"open","ping_status":"closed","template":"","meta":{"_et_pb_use_builder":"","_et_pb_old_content":"","_et_gb_content_width":"","iawp_total_views":40},"product_brand":[],"product_cat":[25],"product_tag":[123,187],"class_list":{"0":"post-1643","1":"product","2":"type-product","3":"status-publish","4":"has-post-thumbnail","6":"product_cat-farebne-obrazkove-zapichy","7":"product_tag-stitch","8":"product_tag-zapich-stitch","10":"first","11":"instock","12":"purchasable","13":"product-type-variable"},"jetpack_sharing_enabled":true,"_links":{"self":[{"href":"https:\/\/www.3dprintrg.sk\/cz\/wp-json\/wp\/v2\/product\/1643","targetHints":{"allow":["GET"]}}],"collection":[{"href":"https:\/\/www.3dprintrg.sk\/cz\/wp-json\/wp\/v2\/product"}],"about":[{"href":"https:\/\/www.3dprintrg.sk\/cz\/wp-json\/wp\/v2\/types\/product"}],"replies":[{"embeddable":true,"href":"https:\/\/www.3dprintrg.sk\/cz\/wp-json\/wp\/v2\/comments?post=1643"}],"wp:featuredmedia":[{"embeddable":true,"href":"https:\/\/www.3dprintrg.sk\/cz\/wp-json\/wp\/v2\/media\/1646"}],"wp:attachment":[{"href":"https:\/\/www.3dprintrg.sk\/cz\/wp-json\/wp\/v2\/media?parent=1643"}],"wp:term":[{"taxonomy":"product_brand","embeddable":true,"href":"https:\/\/www.3dprintrg.sk\/cz\/wp-json\/wp\/v2\/product_brand?post=1643"},{"taxonomy":"product_cat","embeddable":true,"href":"https:\/\/www.3dprintrg.sk\/cz\/wp-json\/wp\/v2\/product_cat?post=1643"},{"taxonomy":"product_tag","embeddable":true,"href":"https:\/\/www.3dprintrg.sk\/cz\/wp-json\/wp\/v2\/product_tag?post=1643"}],"curies":[{"name":"wp","href":"https:\/\/api.w.org\/{rel}","templated":true}]}}