{"id":1719,"date":"2025-01-28T10:16:17","date_gmt":"2025-01-28T09:16:17","guid":{"rendered":"https:\/\/www.3dprintrg.sk\/?post_type=product&#038;p=1719"},"modified":"2025-12-25T21:42:46","modified_gmt":"2025-12-25T20:42:46","slug":"hrdlicky-z-filmu-sam-doma","status":"publish","type":"product","link":"https:\/\/www.3dprintrg.sk\/cz\/produkt\/hrdlicky-z-filmu-sam-doma\/","title":{"rendered":"Hrdli\u010dky z filmu S\u00e1m doma"},"content":{"rendered":"<p>Hrdli\u010dky z filmu pozn\u00e1 sna\u010f u\u017e ka\u017ed\u00fd.<br \/>\nTieto hrdli\u010dky s\u00fa n\u00e1dhernou ozdobou na viano\u010dnom strom\u010deku<br \/>\nHrdli\u010dky s\u00fa znakom priate\u013estva.<br \/>\nDod\u00e1vame ich ako p\u00e1r -2 kusy v hnedej dar\u010dekovej krabi\u010dke<br \/>\nRozmer kr\u00eddel je 9,5 cm<br \/>\nDekor\u00e1cia je vyroben\u00e1 z PLA plastu,plast je vyroben\u00fd z obnovite\u013en\u00fdch zdrojov, ako je kukuri\u010dn\u00fd \u0161krob, cukrov\u00e1 trstina alebo zemiakov\u00fd \u0161krob,PLA plast je netoxick\u00fd a bezpe\u010dn\u00fd na styk s potravinami.<\/p>","protected":false},"excerpt":{"rendered":"<p>Hrdli\u010dky priate\u013estva<br \/>\nDod\u00e1vame ako p\u00e1r -2 kusy v balen\u00ed<\/p>","protected":false},"featured_media":1720,"comment_status":"open","ping_status":"closed","template":"","meta":{"_et_pb_use_builder":"","_et_pb_old_content":"","_et_gb_content_width":"","iawp_total_views":602},"product_brand":[],"product_cat":[32],"product_tag":[191],"class_list":{"0":"post-1719","1":"product","2":"type-product","3":"status-publish","4":"has-post-thumbnail","6":"product_cat-vianocne-dekoracie","7":"product_tag-hrdlicky-priatelstva","8":"wcpa_has_options","10":"first","11":"instock","12":"sale","13":"purchasable","14":"product-type-simple"},"jetpack_sharing_enabled":true,"_links":{"self":[{"href":"https:\/\/www.3dprintrg.sk\/cz\/wp-json\/wp\/v2\/product\/1719","targetHints":{"allow":["GET"]}}],"collection":[{"href":"https:\/\/www.3dprintrg.sk\/cz\/wp-json\/wp\/v2\/product"}],"about":[{"href":"https:\/\/www.3dprintrg.sk\/cz\/wp-json\/wp\/v2\/types\/product"}],"replies":[{"embeddable":true,"href":"https:\/\/www.3dprintrg.sk\/cz\/wp-json\/wp\/v2\/comments?post=1719"}],"wp:featuredmedia":[{"embeddable":true,"href":"https:\/\/www.3dprintrg.sk\/cz\/wp-json\/wp\/v2\/media\/1720"}],"wp:attachment":[{"href":"https:\/\/www.3dprintrg.sk\/cz\/wp-json\/wp\/v2\/media?parent=1719"}],"wp:term":[{"taxonomy":"product_brand","embeddable":true,"href":"https:\/\/www.3dprintrg.sk\/cz\/wp-json\/wp\/v2\/product_brand?post=1719"},{"taxonomy":"product_cat","embeddable":true,"href":"https:\/\/www.3dprintrg.sk\/cz\/wp-json\/wp\/v2\/product_cat?post=1719"},{"taxonomy":"product_tag","embeddable":true,"href":"https:\/\/www.3dprintrg.sk\/cz\/wp-json\/wp\/v2\/product_tag?post=1719"}],"curies":[{"name":"wp","href":"https:\/\/api.w.org\/{rel}","templated":true}]}}