{"id":1749,"date":"2025-01-28T20:51:41","date_gmt":"2025-01-28T19:51:41","guid":{"rendered":"https:\/\/www.3dprintrg.sk\/?post_type=product&#038;p=1749"},"modified":"2025-05-29T10:47:43","modified_gmt":"2025-05-29T08:47:43","slug":"pohar-so-slamkou-ceresne","status":"publish","type":"product","link":"https:\/\/www.3dprintrg.sk\/cz\/produkt\/pohar-so-slamkou-ceresne\/","title":{"rendered":"Poh\u00e1r so slamkou-\u010dere\u0161ne"},"content":{"rendered":"<p>Kr\u00e1sny poh\u00e1r v tvare plechovky s ru\u010dne lepen\u00fdm polepom.<\/p>\n<p>Tento poh\u00e1r je ide\u00e1lny pre hor\u00face letn\u00e9 dni, kedy z neho skvele chut\u00ed \u013eadov\u00e1 k\u00e1va, smoothie alebo napr\u00edklad vychladen\u00e9 pivo.<\/p>\n<p>Poh\u00e1rik nie je ur\u010den\u00fd pre hor\u00face n\u00e1poje!<\/p>\n<p>Um\u00fdvajte ru\u010dne, cez polep jemne<\/p>\n<p>Objem: 473ml<\/p>","protected":false},"excerpt":{"rendered":"<p>Kr\u00e1sny poh\u00e1r v tvare plechovky s ru\u010dne lepen\u00fdm polepom.<br \/>\n\u010cerven\u00e9 \u010dere\u0161ne<br \/>\nPoh\u00e1r dodavan\u00fd aj so slamkou<\/p>","protected":false},"featured_media":1750,"comment_status":"open","ping_status":"closed","template":"","meta":{"_et_pb_use_builder":"","_et_pb_old_content":"","_et_gb_content_width":"","iawp_total_views":9},"product_brand":[],"product_cat":[105],"product_tag":[108],"class_list":{"0":"post-1749","1":"product","2":"type-product","3":"status-publish","4":"has-post-thumbnail","6":"product_cat-pohare-s-polepom","7":"product_tag-pohar-so-slamkou","9":"first","10":"instock","11":"sale","12":"purchasable","13":"product-type-simple"},"jetpack_sharing_enabled":true,"_links":{"self":[{"href":"https:\/\/www.3dprintrg.sk\/cz\/wp-json\/wp\/v2\/product\/1749","targetHints":{"allow":["GET"]}}],"collection":[{"href":"https:\/\/www.3dprintrg.sk\/cz\/wp-json\/wp\/v2\/product"}],"about":[{"href":"https:\/\/www.3dprintrg.sk\/cz\/wp-json\/wp\/v2\/types\/product"}],"replies":[{"embeddable":true,"href":"https:\/\/www.3dprintrg.sk\/cz\/wp-json\/wp\/v2\/comments?post=1749"}],"wp:featuredmedia":[{"embeddable":true,"href":"https:\/\/www.3dprintrg.sk\/cz\/wp-json\/wp\/v2\/media\/1750"}],"wp:attachment":[{"href":"https:\/\/www.3dprintrg.sk\/cz\/wp-json\/wp\/v2\/media?parent=1749"}],"wp:term":[{"taxonomy":"product_brand","embeddable":true,"href":"https:\/\/www.3dprintrg.sk\/cz\/wp-json\/wp\/v2\/product_brand?post=1749"},{"taxonomy":"product_cat","embeddable":true,"href":"https:\/\/www.3dprintrg.sk\/cz\/wp-json\/wp\/v2\/product_cat?post=1749"},{"taxonomy":"product_tag","embeddable":true,"href":"https:\/\/www.3dprintrg.sk\/cz\/wp-json\/wp\/v2\/product_tag?post=1749"}],"curies":[{"name":"wp","href":"https:\/\/api.w.org\/{rel}","templated":true}]}}