{"id":1780,"date":"2025-01-31T13:39:45","date_gmt":"2025-01-31T12:39:45","guid":{"rendered":"https:\/\/www.3dprintrg.sk\/?post_type=product&#038;p=1780"},"modified":"2025-01-31T13:39:46","modified_gmt":"2025-01-31T12:39:46","slug":"chlapcek-na-tortu-na-prijimanie-hnede-vlasy","status":"publish","type":"product","link":"https:\/\/www.3dprintrg.sk\/cz\/produkt\/chlapcek-na-tortu-na-prijimanie-hnede-vlasy\/","title":{"rendered":"Chlap\u010dek na tortu na pr\u00edj\u00edmanie hned\u00e9 vlasy"},"content":{"rendered":"<p>Papierov\u00fd z\u00e1pich chlap\u010dek s hned\u00fdmi vlasmi na tortu na prij\u00edmanie<br \/>\nV\u00fd\u0161ka je 12 cm<br \/>\nUPOZORNENIE<br \/>\nNed\u00e1vajte priamo na kr\u00e9m,navlhne to.<\/p>","protected":false},"excerpt":{"rendered":"<p>Papierov\u00fd z\u00e1pich chlap\u010dek s hned\u00fdmi vlasmi na tortu na prij\u00edmanie<br \/>\nV\u00fd\u0161ka 12 cm <\/p>","protected":false},"featured_media":1781,"comment_status":"open","ping_status":"closed","template":"","meta":{"_et_pb_use_builder":"","_et_pb_old_content":"","_et_gb_content_width":"","iawp_total_views":43},"product_brand":[],"product_cat":[49,26],"product_tag":[197,143],"class_list":{"0":"post-1780","1":"product","2":"type-product","3":"status-publish","4":"has-post-thumbnail","6":"product_cat-prijimanie","7":"product_cat-papierove-zapichy","8":"product_tag-zapich-chlapcek-na-prijimanie","9":"product_tag-zapich-na-prijimanie","11":"first","12":"instock","13":"sale","14":"purchasable","15":"product-type-simple"},"jetpack_sharing_enabled":true,"_links":{"self":[{"href":"https:\/\/www.3dprintrg.sk\/cz\/wp-json\/wp\/v2\/product\/1780","targetHints":{"allow":["GET"]}}],"collection":[{"href":"https:\/\/www.3dprintrg.sk\/cz\/wp-json\/wp\/v2\/product"}],"about":[{"href":"https:\/\/www.3dprintrg.sk\/cz\/wp-json\/wp\/v2\/types\/product"}],"replies":[{"embeddable":true,"href":"https:\/\/www.3dprintrg.sk\/cz\/wp-json\/wp\/v2\/comments?post=1780"}],"wp:featuredmedia":[{"embeddable":true,"href":"https:\/\/www.3dprintrg.sk\/cz\/wp-json\/wp\/v2\/media\/1781"}],"wp:attachment":[{"href":"https:\/\/www.3dprintrg.sk\/cz\/wp-json\/wp\/v2\/media?parent=1780"}],"wp:term":[{"taxonomy":"product_brand","embeddable":true,"href":"https:\/\/www.3dprintrg.sk\/cz\/wp-json\/wp\/v2\/product_brand?post=1780"},{"taxonomy":"product_cat","embeddable":true,"href":"https:\/\/www.3dprintrg.sk\/cz\/wp-json\/wp\/v2\/product_cat?post=1780"},{"taxonomy":"product_tag","embeddable":true,"href":"https:\/\/www.3dprintrg.sk\/cz\/wp-json\/wp\/v2\/product_tag?post=1780"}],"curies":[{"name":"wp","href":"https:\/\/api.w.org\/{rel}","templated":true}]}}