{"id":1784,"date":"2025-01-31T13:49:40","date_gmt":"2025-01-31T12:49:40","guid":{"rendered":"https:\/\/www.3dprintrg.sk\/?post_type=product&#038;p=1784"},"modified":"2026-01-09T10:35:07","modified_gmt":"2026-01-09T09:35:07","slug":"chlapcek-na-prijimanie-na-tortu-blond-vlasy","status":"publish","type":"product","link":"https:\/\/www.3dprintrg.sk\/cz\/produkt\/chlapcek-na-prijimanie-na-tortu-blond-vlasy\/","title":{"rendered":"Chlap\u010dek na prij\u00edmanie na tortu blond vlasy"},"content":{"rendered":"<p>Papierov\u00fd z\u00e1pich chlap\u010dek s blond vlasmi na tortu na prij\u00edmanie<br \/>\nV\u00fd\u0161ka je 12 cm<br \/>\nUPOZORNENIE<br \/>\nNed\u00e1vajte priamo na kr\u00e9m,navlhne to.<\/p>","protected":false},"excerpt":{"rendered":"<p>Chlap\u010dek na tortu na prij\u00edmanie s blond vlasmi<br \/>\nV\u00fd\u0161ka 12 cm <\/p>","protected":false},"featured_media":1785,"comment_status":"open","ping_status":"closed","template":"","meta":{"_et_pb_use_builder":"","_et_pb_old_content":"","_et_gb_content_width":"","iawp_total_views":25},"product_brand":[],"product_cat":[49,26],"product_tag":[198,157,81],"class_list":{"0":"post-1784","1":"product","2":"type-product","3":"status-publish","4":"has-post-thumbnail","6":"product_cat-prijimanie","7":"product_cat-papierove-zapichy","8":"product_tag-chlapcek-na-prijimanie","9":"product_tag-modliaci-chlapcek","10":"product_tag-zapich","12":"first","13":"instock","14":"sale","15":"purchasable","16":"product-type-simple"},"jetpack_sharing_enabled":true,"_links":{"self":[{"href":"https:\/\/www.3dprintrg.sk\/cz\/wp-json\/wp\/v2\/product\/1784","targetHints":{"allow":["GET"]}}],"collection":[{"href":"https:\/\/www.3dprintrg.sk\/cz\/wp-json\/wp\/v2\/product"}],"about":[{"href":"https:\/\/www.3dprintrg.sk\/cz\/wp-json\/wp\/v2\/types\/product"}],"replies":[{"embeddable":true,"href":"https:\/\/www.3dprintrg.sk\/cz\/wp-json\/wp\/v2\/comments?post=1784"}],"wp:featuredmedia":[{"embeddable":true,"href":"https:\/\/www.3dprintrg.sk\/cz\/wp-json\/wp\/v2\/media\/1785"}],"wp:attachment":[{"href":"https:\/\/www.3dprintrg.sk\/cz\/wp-json\/wp\/v2\/media?parent=1784"}],"wp:term":[{"taxonomy":"product_brand","embeddable":true,"href":"https:\/\/www.3dprintrg.sk\/cz\/wp-json\/wp\/v2\/product_brand?post=1784"},{"taxonomy":"product_cat","embeddable":true,"href":"https:\/\/www.3dprintrg.sk\/cz\/wp-json\/wp\/v2\/product_cat?post=1784"},{"taxonomy":"product_tag","embeddable":true,"href":"https:\/\/www.3dprintrg.sk\/cz\/wp-json\/wp\/v2\/product_tag?post=1784"}],"curies":[{"name":"wp","href":"https:\/\/api.w.org\/{rel}","templated":true}]}}