{"id":1788,"date":"2025-01-31T14:02:37","date_gmt":"2025-01-31T13:02:37","guid":{"rendered":"https:\/\/www.3dprintrg.sk\/?post_type=product&#038;p=1788"},"modified":"2025-01-31T14:44:57","modified_gmt":"2025-01-31T13:44:57","slug":"stojan-na-vino-chobotnica","status":"publish","type":"product","link":"https:\/\/www.3dprintrg.sk\/cz\/produkt\/stojan-na-vino-chobotnica\/","title":{"rendered":"Stojan na v\u00edno-chobotnica"},"content":{"rendered":"<p>\u0160t\u00fdlov\u00fd a funk\u010dn\u00fd dr\u017eiak na v\u00edno v tvare chobotnice, ktor\u00fd zaujme svojim jedine\u010dn\u00fdm dizajnom a detailn\u00fdm spracovan\u00edm. Vyroben\u00fd pomocou modernej 3D tla\u010dovej technol\u00f3gie z ekologick\u00e9ho PLA materi\u00e1lu. Tento model je nielen praktick\u00fdm doplnkom, ale aj origin\u00e1lnou dekor\u00e1ciou, ktor\u00e1 vnesie n\u00e1dych morsk\u00e9ho sveta do v\u00e1\u0161ho interi\u00e9ru. Ide\u00e1lne pre milovn\u00edkov netradi\u010dn\u00fdch designov a unik\u00e1tnych bytov\u00fdch doplnkov.<\/p>","protected":false},"excerpt":{"rendered":"<p>\u0160t\u00fdlov\u00fd a funk\u010dn\u00fd dr\u017eiak na v\u00edno v tvare chobotnice, ktor\u00fd zaujme svojim jedine\u010dn\u00fdm dizajnom a detailn\u00fdm spracovan\u00edm.<br \/>\nV\u00fd\u0161ka 23cm<br \/>\nNa \u017eelanie sprav\u00edme aj v inej farbe pri objedn\u00e1vke ju n ap\u00ed\u0161te do pozn\u00e1mky-doba dodania je 2-3 dni.<\/p>","protected":false},"featured_media":1811,"comment_status":"open","ping_status":"closed","template":"","meta":{"_et_pb_use_builder":"","_et_pb_old_content":"","_et_gb_content_width":"","iawp_total_views":22},"product_brand":[],"product_cat":[31],"product_tag":[199],"class_list":{"0":"post-1788","1":"product","2":"type-product","3":"status-publish","4":"has-post-thumbnail","6":"product_cat-dekoracie","7":"product_tag-stojan-na-vino","9":"first","10":"instock","11":"sale","12":"purchasable","13":"product-type-simple"},"jetpack_sharing_enabled":true,"_links":{"self":[{"href":"https:\/\/www.3dprintrg.sk\/cz\/wp-json\/wp\/v2\/product\/1788","targetHints":{"allow":["GET"]}}],"collection":[{"href":"https:\/\/www.3dprintrg.sk\/cz\/wp-json\/wp\/v2\/product"}],"about":[{"href":"https:\/\/www.3dprintrg.sk\/cz\/wp-json\/wp\/v2\/types\/product"}],"replies":[{"embeddable":true,"href":"https:\/\/www.3dprintrg.sk\/cz\/wp-json\/wp\/v2\/comments?post=1788"}],"wp:featuredmedia":[{"embeddable":true,"href":"https:\/\/www.3dprintrg.sk\/cz\/wp-json\/wp\/v2\/media\/1811"}],"wp:attachment":[{"href":"https:\/\/www.3dprintrg.sk\/cz\/wp-json\/wp\/v2\/media?parent=1788"}],"wp:term":[{"taxonomy":"product_brand","embeddable":true,"href":"https:\/\/www.3dprintrg.sk\/cz\/wp-json\/wp\/v2\/product_brand?post=1788"},{"taxonomy":"product_cat","embeddable":true,"href":"https:\/\/www.3dprintrg.sk\/cz\/wp-json\/wp\/v2\/product_cat?post=1788"},{"taxonomy":"product_tag","embeddable":true,"href":"https:\/\/www.3dprintrg.sk\/cz\/wp-json\/wp\/v2\/product_tag?post=1788"}],"curies":[{"name":"wp","href":"https:\/\/api.w.org\/{rel}","templated":true}]}}