{"id":1793,"date":"2025-01-31T14:11:04","date_gmt":"2025-01-31T13:11:04","guid":{"rendered":"https:\/\/www.3dprintrg.sk\/?post_type=product&#038;p=1793"},"modified":"2025-01-31T14:11:04","modified_gmt":"2025-01-31T13:11:04","slug":"dievcatko-na-tortu-na-prijimanie-typ-1","status":"publish","type":"product","link":"https:\/\/www.3dprintrg.sk\/cz\/produkt\/dievcatko-na-tortu-na-prijimanie-typ-1\/","title":{"rendered":"Diev\u010datko na tortu na prij\u00edmanie-typ 1"},"content":{"rendered":"<p>Papierov\u00fd z\u00e1pich modliace diev\u010datko na tortu na prij\u00edmanie<br \/>\nV\u00fd\u0161ka je 12 cm<br \/>\nUPOZORNENIE<br \/>\nNed\u00e1vajte priamo na kr\u00e9m,navlhne to.<\/p>","protected":false},"excerpt":{"rendered":"<p>Papierov\u00fd z\u00e1pich modliace diev\u010datko na tortu na prij\u00edmanie<br \/>\nV\u00fd\u0161ka je 12 cm<\/p>","protected":false},"featured_media":1794,"comment_status":"open","ping_status":"closed","template":"","meta":{"_et_pb_use_builder":"","_et_pb_old_content":"","_et_gb_content_width":"","iawp_total_views":75},"product_brand":[],"product_cat":[49,26],"product_tag":[116,143],"class_list":{"0":"post-1793","1":"product","2":"type-product","3":"status-publish","4":"has-post-thumbnail","6":"product_cat-prijimanie","7":"product_cat-papierove-zapichy","8":"product_tag-dievcatko-na-prijimanie","9":"product_tag-zapich-na-prijimanie","11":"first","12":"instock","13":"sale","14":"purchasable","15":"product-type-simple"},"jetpack_sharing_enabled":true,"_links":{"self":[{"href":"https:\/\/www.3dprintrg.sk\/cz\/wp-json\/wp\/v2\/product\/1793","targetHints":{"allow":["GET"]}}],"collection":[{"href":"https:\/\/www.3dprintrg.sk\/cz\/wp-json\/wp\/v2\/product"}],"about":[{"href":"https:\/\/www.3dprintrg.sk\/cz\/wp-json\/wp\/v2\/types\/product"}],"replies":[{"embeddable":true,"href":"https:\/\/www.3dprintrg.sk\/cz\/wp-json\/wp\/v2\/comments?post=1793"}],"wp:featuredmedia":[{"embeddable":true,"href":"https:\/\/www.3dprintrg.sk\/cz\/wp-json\/wp\/v2\/media\/1794"}],"wp:attachment":[{"href":"https:\/\/www.3dprintrg.sk\/cz\/wp-json\/wp\/v2\/media?parent=1793"}],"wp:term":[{"taxonomy":"product_brand","embeddable":true,"href":"https:\/\/www.3dprintrg.sk\/cz\/wp-json\/wp\/v2\/product_brand?post=1793"},{"taxonomy":"product_cat","embeddable":true,"href":"https:\/\/www.3dprintrg.sk\/cz\/wp-json\/wp\/v2\/product_cat?post=1793"},{"taxonomy":"product_tag","embeddable":true,"href":"https:\/\/www.3dprintrg.sk\/cz\/wp-json\/wp\/v2\/product_tag?post=1793"}],"curies":[{"name":"wp","href":"https:\/\/api.w.org\/{rel}","templated":true}]}}