{"id":1797,"date":"2025-01-31T14:16:59","date_gmt":"2025-01-31T13:16:59","guid":{"rendered":"https:\/\/www.3dprintrg.sk\/?post_type=product&#038;p=1797"},"modified":"2025-01-31T14:16:59","modified_gmt":"2025-01-31T13:16:59","slug":"dievcatko-na-prijimanie-na-tortu-typ-2","status":"publish","type":"product","link":"https:\/\/www.3dprintrg.sk\/cz\/produkt\/dievcatko-na-prijimanie-na-tortu-typ-2\/","title":{"rendered":"Diev\u010datko na prij\u00edmanie na tortu-typ 2"},"content":{"rendered":"<p>Papierov\u00fd z\u00e1pich modliace diev\u010datko na tortu na prij\u00edmanie<br \/>\nV\u00fd\u0161ka je 12 cm<br \/>\nUPOZORNENIE<br \/>\nNed\u00e1vajte priamo na kr\u00e9m,navlhne to.<\/p>","protected":false},"excerpt":{"rendered":"<p>Papierov\u00fd z\u00e1pich modliace diev\u010datko na tortu na prij\u00edmanie<br \/>\nV\u00fd\u0161ka je 12 cm<\/p>","protected":false},"featured_media":1798,"comment_status":"open","ping_status":"closed","template":"","meta":{"_et_pb_use_builder":"","_et_pb_old_content":"","_et_gb_content_width":"","iawp_total_views":32},"product_brand":[],"product_cat":[49,26],"product_tag":[156,143],"class_list":{"0":"post-1797","1":"product","2":"type-product","3":"status-publish","4":"has-post-thumbnail","6":"product_cat-prijimanie","7":"product_cat-papierove-zapichy","8":"product_tag-modliace-dievcatko","9":"product_tag-zapich-na-prijimanie","11":"first","12":"instock","13":"sale","14":"purchasable","15":"product-type-simple"},"jetpack_sharing_enabled":true,"_links":{"self":[{"href":"https:\/\/www.3dprintrg.sk\/cz\/wp-json\/wp\/v2\/product\/1797","targetHints":{"allow":["GET"]}}],"collection":[{"href":"https:\/\/www.3dprintrg.sk\/cz\/wp-json\/wp\/v2\/product"}],"about":[{"href":"https:\/\/www.3dprintrg.sk\/cz\/wp-json\/wp\/v2\/types\/product"}],"replies":[{"embeddable":true,"href":"https:\/\/www.3dprintrg.sk\/cz\/wp-json\/wp\/v2\/comments?post=1797"}],"wp:featuredmedia":[{"embeddable":true,"href":"https:\/\/www.3dprintrg.sk\/cz\/wp-json\/wp\/v2\/media\/1798"}],"wp:attachment":[{"href":"https:\/\/www.3dprintrg.sk\/cz\/wp-json\/wp\/v2\/media?parent=1797"}],"wp:term":[{"taxonomy":"product_brand","embeddable":true,"href":"https:\/\/www.3dprintrg.sk\/cz\/wp-json\/wp\/v2\/product_brand?post=1797"},{"taxonomy":"product_cat","embeddable":true,"href":"https:\/\/www.3dprintrg.sk\/cz\/wp-json\/wp\/v2\/product_cat?post=1797"},{"taxonomy":"product_tag","embeddable":true,"href":"https:\/\/www.3dprintrg.sk\/cz\/wp-json\/wp\/v2\/product_tag?post=1797"}],"curies":[{"name":"wp","href":"https:\/\/api.w.org\/{rel}","templated":true}]}}