{"id":1805,"date":"2025-01-31T14:33:41","date_gmt":"2025-01-31T13:33:41","guid":{"rendered":"https:\/\/www.3dprintrg.sk\/?post_type=product&#038;p=1805"},"modified":"2025-01-31T14:33:41","modified_gmt":"2025-01-31T13:33:41","slug":"flexi-raja","status":"publish","type":"product","link":"https:\/\/www.3dprintrg.sk\/cz\/produkt\/flexi-raja\/","title":{"rendered":"Flexi raja"},"content":{"rendered":"<p>T\u00e1to u\u017easna flexi raja je kr\u00e1sna hra\u010dka, ktor\u00e1 zabav\u00ed die\u0165a a zabav\u00ed sa s n\u00edm aj dospel\u00fd<br \/>\nNa objedn\u00e1vku vyhotov\u00edme aj v inej farbe ako je na fotke ,pri objedn\u00e1vke ju nap\u00ed\u0161te do pozn\u00e1mky. <\/p>","protected":false},"excerpt":{"rendered":"<p>FLexi raja <\/p>","protected":false},"featured_media":1806,"comment_status":"open","ping_status":"closed","template":"","meta":{"_et_pb_use_builder":"","_et_pb_old_content":"","_et_gb_content_width":"","iawp_total_views":28},"product_brand":[],"product_cat":[31],"product_tag":[202,201],"class_list":{"0":"post-1805","1":"product","2":"type-product","3":"status-publish","4":"has-post-thumbnail","6":"product_cat-dekoracie","7":"product_tag-flexi-raja","8":"product_tag-flexi-zvieratko","9":"wcpa_has_options","11":"first","12":"instock","13":"purchasable","14":"product-type-simple"},"jetpack_sharing_enabled":true,"_links":{"self":[{"href":"https:\/\/www.3dprintrg.sk\/cz\/wp-json\/wp\/v2\/product\/1805","targetHints":{"allow":["GET"]}}],"collection":[{"href":"https:\/\/www.3dprintrg.sk\/cz\/wp-json\/wp\/v2\/product"}],"about":[{"href":"https:\/\/www.3dprintrg.sk\/cz\/wp-json\/wp\/v2\/types\/product"}],"replies":[{"embeddable":true,"href":"https:\/\/www.3dprintrg.sk\/cz\/wp-json\/wp\/v2\/comments?post=1805"}],"wp:featuredmedia":[{"embeddable":true,"href":"https:\/\/www.3dprintrg.sk\/cz\/wp-json\/wp\/v2\/media\/1806"}],"wp:attachment":[{"href":"https:\/\/www.3dprintrg.sk\/cz\/wp-json\/wp\/v2\/media?parent=1805"}],"wp:term":[{"taxonomy":"product_brand","embeddable":true,"href":"https:\/\/www.3dprintrg.sk\/cz\/wp-json\/wp\/v2\/product_brand?post=1805"},{"taxonomy":"product_cat","embeddable":true,"href":"https:\/\/www.3dprintrg.sk\/cz\/wp-json\/wp\/v2\/product_cat?post=1805"},{"taxonomy":"product_tag","embeddable":true,"href":"https:\/\/www.3dprintrg.sk\/cz\/wp-json\/wp\/v2\/product_tag?post=1805"}],"curies":[{"name":"wp","href":"https:\/\/api.w.org\/{rel}","templated":true}]}}