{"id":1812,"date":"2025-01-31T15:04:09","date_gmt":"2025-01-31T14:04:09","guid":{"rendered":"https:\/\/www.3dprintrg.sk\/?post_type=product&#038;p=1812"},"modified":"2026-01-09T10:36:15","modified_gmt":"2026-01-09T09:36:15","slug":"stojan-na-mobil","status":"publish","type":"product","link":"https:\/\/www.3dprintrg.sk\/cz\/produkt\/stojan-na-mobil\/","title":{"rendered":"Stojan na mobil"},"content":{"rendered":"<p>Stojan na mobil v ru\u017eovej farbe.<br \/>\nNa \u017eelanie vytvor\u00edme aj v inej farbe pri objedn\u00e1vke nap\u00ed\u0161te farbu do pozn\u00e1mky. <\/p>","protected":false},"excerpt":{"rendered":"<p>Stojan na mobil v ru\u017eovej farbe, s miestom pre nab\u00edjanie.<\/p>","protected":false},"featured_media":1813,"comment_status":"open","ping_status":"closed","template":"","meta":{"_et_pb_use_builder":"","_et_pb_old_content":"","_et_gb_content_width":"","iawp_total_views":37},"product_brand":[],"product_cat":[31],"product_tag":[203],"class_list":{"0":"post-1812","1":"product","2":"type-product","3":"status-publish","4":"has-post-thumbnail","6":"product_cat-dekoracie","7":"product_tag-stojan-na-mobil","8":"wcpa_has_options","10":"first","11":"instock","12":"purchasable","13":"product-type-simple"},"jetpack_sharing_enabled":true,"_links":{"self":[{"href":"https:\/\/www.3dprintrg.sk\/cz\/wp-json\/wp\/v2\/product\/1812","targetHints":{"allow":["GET"]}}],"collection":[{"href":"https:\/\/www.3dprintrg.sk\/cz\/wp-json\/wp\/v2\/product"}],"about":[{"href":"https:\/\/www.3dprintrg.sk\/cz\/wp-json\/wp\/v2\/types\/product"}],"replies":[{"embeddable":true,"href":"https:\/\/www.3dprintrg.sk\/cz\/wp-json\/wp\/v2\/comments?post=1812"}],"wp:featuredmedia":[{"embeddable":true,"href":"https:\/\/www.3dprintrg.sk\/cz\/wp-json\/wp\/v2\/media\/1813"}],"wp:attachment":[{"href":"https:\/\/www.3dprintrg.sk\/cz\/wp-json\/wp\/v2\/media?parent=1812"}],"wp:term":[{"taxonomy":"product_brand","embeddable":true,"href":"https:\/\/www.3dprintrg.sk\/cz\/wp-json\/wp\/v2\/product_brand?post=1812"},{"taxonomy":"product_cat","embeddable":true,"href":"https:\/\/www.3dprintrg.sk\/cz\/wp-json\/wp\/v2\/product_cat?post=1812"},{"taxonomy":"product_tag","embeddable":true,"href":"https:\/\/www.3dprintrg.sk\/cz\/wp-json\/wp\/v2\/product_tag?post=1812"}],"curies":[{"name":"wp","href":"https:\/\/api.w.org\/{rel}","templated":true}]}}