{"id":1816,"date":"2025-01-31T20:55:56","date_gmt":"2025-01-31T19:55:56","guid":{"rendered":"https:\/\/www.3dprintrg.sk\/?post_type=product&#038;p=1816"},"modified":"2025-01-31T20:55:56","modified_gmt":"2025-01-31T19:55:56","slug":"zapich-elza","status":"publish","type":"product","link":"https:\/\/www.3dprintrg.sk\/cz\/produkt\/zapich-elza\/","title":{"rendered":"Z\u00e1pich Elza"},"content":{"rendered":"<p>Papierov\u00fd z\u00e1pich Elza olaf a vlo\u010dky<br \/>\nV\u00fd\u0161ka Elzy je 13 cm<br \/>\nUPOZORNENIE<br \/>\nNed\u00e1vajte na kr\u00e9m , navlhlo by to.<\/p>","protected":false},"excerpt":{"rendered":"<p>Papierov\u00fd zapich Elza , olaf a vlo\u010dky<br \/>\nSet dod\u00e1vame ako je na fotke<\/p>","protected":false},"featured_media":1817,"comment_status":"open","ping_status":"closed","template":"","meta":{"_et_pb_use_builder":"","_et_pb_old_content":"","_et_gb_content_width":"","iawp_total_views":17},"product_brand":[],"product_cat":[26],"product_tag":[204,205],"class_list":{"0":"post-1816","1":"product","2":"type-product","3":"status-publish","4":"has-post-thumbnail","6":"product_cat-papierove-zapichy","7":"product_tag-zapich-elza","8":"product_tag-zapich-olaf","10":"first","11":"instock","12":"purchasable","13":"product-type-simple"},"jetpack_sharing_enabled":true,"_links":{"self":[{"href":"https:\/\/www.3dprintrg.sk\/cz\/wp-json\/wp\/v2\/product\/1816","targetHints":{"allow":["GET"]}}],"collection":[{"href":"https:\/\/www.3dprintrg.sk\/cz\/wp-json\/wp\/v2\/product"}],"about":[{"href":"https:\/\/www.3dprintrg.sk\/cz\/wp-json\/wp\/v2\/types\/product"}],"replies":[{"embeddable":true,"href":"https:\/\/www.3dprintrg.sk\/cz\/wp-json\/wp\/v2\/comments?post=1816"}],"wp:featuredmedia":[{"embeddable":true,"href":"https:\/\/www.3dprintrg.sk\/cz\/wp-json\/wp\/v2\/media\/1817"}],"wp:attachment":[{"href":"https:\/\/www.3dprintrg.sk\/cz\/wp-json\/wp\/v2\/media?parent=1816"}],"wp:term":[{"taxonomy":"product_brand","embeddable":true,"href":"https:\/\/www.3dprintrg.sk\/cz\/wp-json\/wp\/v2\/product_brand?post=1816"},{"taxonomy":"product_cat","embeddable":true,"href":"https:\/\/www.3dprintrg.sk\/cz\/wp-json\/wp\/v2\/product_cat?post=1816"},{"taxonomy":"product_tag","embeddable":true,"href":"https:\/\/www.3dprintrg.sk\/cz\/wp-json\/wp\/v2\/product_tag?post=1816"}],"curies":[{"name":"wp","href":"https:\/\/api.w.org\/{rel}","templated":true}]}}