{"id":1823,"date":"2025-02-03T20:39:55","date_gmt":"2025-02-03T19:39:55","guid":{"rendered":"https:\/\/www.3dprintrg.sk\/?post_type=product&#038;p=1823"},"modified":"2025-02-03T20:39:55","modified_gmt":"2025-02-03T19:39:55","slug":"naznacovac-na-okruhlu-tortucheesecake","status":"publish","type":"product","link":"https:\/\/www.3dprintrg.sk\/cz\/produkt\/naznacovac-na-okruhlu-tortucheesecake\/","title":{"rendered":"Nazna\u010dova\u010d na okr\u00fahlu tortu,cheesecake"},"content":{"rendered":"<p>Plastov\u00fd okr\u00fahly nazna\u010dova\u010d na tortu alebo cheesecake. Celkovo nazna\u010d\u00edte 10 k\u00faskov v tvare trojuholn\u00edka. Nako\u013eko obvod nazna\u010dova\u010da je ni\u017e\u0161\u00ed ako stredn\u00e9 linky, dok\u00e1\u017eete nazna\u010di\u0165  tortu bez nazna\u010denia obvodu(kruhu). Priemer nazna\u010dova\u010da je 24,4 cm. V\u00fdrobok pred pou\u017eit\u00edm opl\u00e1chnite vla\u017enou vodou, produkt nie je vhodn\u00fd do um\u00fdva\u010dky riadu a nevystavujte teplot\u00e1m nad 45 stup\u0148ov celzia.<br \/>\nDekor\u00e1cia je vyroben\u00e1 z PLA plastu,plast je vyroben\u00fd z obnovite\u013en\u00fdch zdrojov, ako je kukuri\u010dn\u00fd \u0161krob, cukrov\u00e1 trstina alebo zemiakov\u00fd \u0161krob,PLA plast je netoxick\u00fd a bezpe\u010dn\u00fd na styk s potravinami.<\/p>","protected":false},"excerpt":{"rendered":"<p>Plastov\u00fd okr\u00fahly nazna\u010dova\u010d na tortu alebo cheesecake.<br \/>\n Celkovo nazna\u010d\u00edte 10 k\u00faskov v tvare trojuholn\u00edka. <\/p>","protected":false},"featured_media":1824,"comment_status":"open","ping_status":"closed","template":"","meta":{"_et_pb_use_builder":"","_et_pb_old_content":"","_et_gb_content_width":"","iawp_total_views":37},"product_brand":[],"product_cat":[33],"product_tag":[207],"class_list":{"0":"post-1823","1":"product","2":"type-product","3":"status-publish","4":"has-post-thumbnail","6":"product_cat-naznacovac-na-zakusky","7":"product_tag-naznacovac-na-tortu","9":"first","10":"instock","11":"purchasable","12":"product-type-simple"},"jetpack_sharing_enabled":true,"_links":{"self":[{"href":"https:\/\/www.3dprintrg.sk\/cz\/wp-json\/wp\/v2\/product\/1823","targetHints":{"allow":["GET"]}}],"collection":[{"href":"https:\/\/www.3dprintrg.sk\/cz\/wp-json\/wp\/v2\/product"}],"about":[{"href":"https:\/\/www.3dprintrg.sk\/cz\/wp-json\/wp\/v2\/types\/product"}],"replies":[{"embeddable":true,"href":"https:\/\/www.3dprintrg.sk\/cz\/wp-json\/wp\/v2\/comments?post=1823"}],"wp:featuredmedia":[{"embeddable":true,"href":"https:\/\/www.3dprintrg.sk\/cz\/wp-json\/wp\/v2\/media\/1824"}],"wp:attachment":[{"href":"https:\/\/www.3dprintrg.sk\/cz\/wp-json\/wp\/v2\/media?parent=1823"}],"wp:term":[{"taxonomy":"product_brand","embeddable":true,"href":"https:\/\/www.3dprintrg.sk\/cz\/wp-json\/wp\/v2\/product_brand?post=1823"},{"taxonomy":"product_cat","embeddable":true,"href":"https:\/\/www.3dprintrg.sk\/cz\/wp-json\/wp\/v2\/product_cat?post=1823"},{"taxonomy":"product_tag","embeddable":true,"href":"https:\/\/www.3dprintrg.sk\/cz\/wp-json\/wp\/v2\/product_tag?post=1823"}],"curies":[{"name":"wp","href":"https:\/\/api.w.org\/{rel}","templated":true}]}}