{"id":1825,"date":"2025-02-03T20:52:52","date_gmt":"2025-02-03T19:52:52","guid":{"rendered":"https:\/\/www.3dprintrg.sk\/?post_type=product&#038;p=1825"},"modified":"2025-02-03T20:52:53","modified_gmt":"2025-02-03T19:52:53","slug":"naznacovac-na-zakusky-v-rozmere-45x45cm","status":"publish","type":"product","link":"https:\/\/www.3dprintrg.sk\/cz\/produkt\/naznacovac-na-zakusky-v-rozmere-45x45cm\/","title":{"rendered":"Nazna\u010dova\u010d na z\u00e1kusky v rozmere 4,5&#215;4,5cm"},"content":{"rendered":"<p>Nazna\u010dova\u010d rezov je pomocn\u00edk, ktor\u00fd ocenia v\u0161etky cukr\u00e1rky pri svojej pr\u00e1ci. V\u010faka nemu docielite \u00fah\u013eadn\u00e9 a rovnomern\u00e9 rezy Va\u0161ich z\u00e1kuskov. Pri tomto konkr\u00e9tnom modeli nazna\u010dova\u010da bude ma\u0165 jeden z\u00e1kusok rozmer 45x45mm. Ve\u013ekou v\u00fdhodou je jednoduch\u00e1 pr\u00e1ca s n\u00edm, ke\u010f\u017ee jedin\u00fdm prilo\u017een\u00edm nazna\u010dova\u010da dok\u00e1\u017eete nazna\u010di\u0165 a\u017e 16 z\u00e1kuskov.<br \/>\nV\u00fdrobok pred pou\u017eit\u00edm opl\u00e1chnite vla\u017enou vodou, produkt nie je vhodn\u00fd do um\u00fdva\u010dky riadu a nevystavujte teplot\u00e1m nad 45 stup\u0148ov celzia.<br \/>\nDekor\u00e1cia je vyroben\u00e1 z PLA plastu,plast je vyroben\u00fd z obnovite\u013en\u00fdch zdrojov, ako je kukuri\u010dn\u00fd \u0161krob, cukrov\u00e1 trstina alebo zemiakov\u00fd \u0161krob,PLA plast je netoxick\u00fd a bezpe\u010dn\u00fd na styk s potravinami.<\/p>","protected":false},"excerpt":{"rendered":"<p>Nazna\u010dova\u010d rezov je pomocn\u00edk, ktor\u00fd ocenia v\u0161etky cukr\u00e1rky pri svojej pr\u00e1ci. V\u010faka nemu docielite \u00fah\u013eadn\u00e9 a rovnomern\u00e9 rezy Va\u0161ich z\u00e1kuskov. Pri tomto konkr\u00e9tnom modeli nazna\u010dova\u010da bude ma\u0165 jeden z\u00e1kusok rozmer 45x45mm. Ve\u013ekou v\u00fdhodou je jednoduch\u00e1 pr\u00e1ca s n\u00edm, ke\u010f\u017ee jedin\u00fdm prilo\u017een\u00edm nazna\u010dova\u010da dok\u00e1\u017eete nazna\u010di\u0165 a\u017e 16 z\u00e1kuskov.<\/p>","protected":false},"featured_media":1826,"comment_status":"open","ping_status":"closed","template":"","meta":{"_et_pb_use_builder":"","_et_pb_old_content":"","_et_gb_content_width":"","iawp_total_views":72},"product_brand":[],"product_cat":[33],"product_tag":[207,208],"class_list":{"0":"post-1825","1":"product","2":"type-product","3":"status-publish","4":"has-post-thumbnail","6":"product_cat-naznacovac-na-zakusky","7":"product_tag-naznacovac-na-tortu","8":"product_tag-naznacovac-na-zakusky","10":"first","11":"instock","12":"purchasable","13":"product-type-simple"},"jetpack_sharing_enabled":true,"_links":{"self":[{"href":"https:\/\/www.3dprintrg.sk\/cz\/wp-json\/wp\/v2\/product\/1825","targetHints":{"allow":["GET"]}}],"collection":[{"href":"https:\/\/www.3dprintrg.sk\/cz\/wp-json\/wp\/v2\/product"}],"about":[{"href":"https:\/\/www.3dprintrg.sk\/cz\/wp-json\/wp\/v2\/types\/product"}],"replies":[{"embeddable":true,"href":"https:\/\/www.3dprintrg.sk\/cz\/wp-json\/wp\/v2\/comments?post=1825"}],"wp:featuredmedia":[{"embeddable":true,"href":"https:\/\/www.3dprintrg.sk\/cz\/wp-json\/wp\/v2\/media\/1826"}],"wp:attachment":[{"href":"https:\/\/www.3dprintrg.sk\/cz\/wp-json\/wp\/v2\/media?parent=1825"}],"wp:term":[{"taxonomy":"product_brand","embeddable":true,"href":"https:\/\/www.3dprintrg.sk\/cz\/wp-json\/wp\/v2\/product_brand?post=1825"},{"taxonomy":"product_cat","embeddable":true,"href":"https:\/\/www.3dprintrg.sk\/cz\/wp-json\/wp\/v2\/product_cat?post=1825"},{"taxonomy":"product_tag","embeddable":true,"href":"https:\/\/www.3dprintrg.sk\/cz\/wp-json\/wp\/v2\/product_tag?post=1825"}],"curies":[{"name":"wp","href":"https:\/\/api.w.org\/{rel}","templated":true}]}}