{"id":1852,"date":"2025-02-05T20:17:10","date_gmt":"2025-02-05T19:17:10","guid":{"rendered":"https:\/\/www.3dprintrg.sk\/?post_type=product&#038;p=1852"},"modified":"2025-02-05T20:17:10","modified_gmt":"2025-02-05T19:17:10","slug":"zapich-motorkar","status":"publish","type":"product","link":"https:\/\/www.3dprintrg.sk\/cz\/produkt\/zapich-motorkar\/","title":{"rendered":"Z\u00e1pich motork\u00e1r"},"content":{"rendered":"<p>Z\u00e1pich motork\u00e1r<br \/>\nRozmer 14 cm<br \/>\nDekor\u00e1cia je vyroben\u00e1 z PLA plastu,plast je vyroben\u00fd z obnovite\u013en\u00fdch zdrojov, ako je kukuri\u010dn\u00fd \u0161krob, cukrov\u00e1 trstina alebo zemiakov\u00fd \u0161krob,PLA plast je netoxick\u00fd a bezpe\u010dn\u00fd na styk s potravinami.<\/p>","protected":false},"excerpt":{"rendered":"<p>Z\u00e1pich motork\u00e1r pre v\u00e1\u0161niv\u00e9ho motork\u00e1ra bude tento z\u00e1pich kr\u00e1sne doplna\u0165 tortu.<br \/>\nRozmer 14 cm <\/p>","protected":false},"featured_media":1853,"comment_status":"open","ping_status":"closed","template":"","meta":{"_et_pb_use_builder":"","_et_pb_old_content":"","_et_gb_content_width":"","iawp_total_views":3},"product_brand":[],"product_cat":[25],"product_tag":[213,212,81],"class_list":{"0":"post-1852","1":"product","2":"type-product","3":"status-publish","4":"has-post-thumbnail","6":"product_cat-farebne-obrazkove-zapichy","7":"product_tag-motorka","8":"product_tag-motorkar-zapich","9":"product_tag-zapich","11":"first","12":"instock","13":"purchasable","14":"product-type-simple"},"jetpack_sharing_enabled":true,"_links":{"self":[{"href":"https:\/\/www.3dprintrg.sk\/cz\/wp-json\/wp\/v2\/product\/1852","targetHints":{"allow":["GET"]}}],"collection":[{"href":"https:\/\/www.3dprintrg.sk\/cz\/wp-json\/wp\/v2\/product"}],"about":[{"href":"https:\/\/www.3dprintrg.sk\/cz\/wp-json\/wp\/v2\/types\/product"}],"replies":[{"embeddable":true,"href":"https:\/\/www.3dprintrg.sk\/cz\/wp-json\/wp\/v2\/comments?post=1852"}],"wp:featuredmedia":[{"embeddable":true,"href":"https:\/\/www.3dprintrg.sk\/cz\/wp-json\/wp\/v2\/media\/1853"}],"wp:attachment":[{"href":"https:\/\/www.3dprintrg.sk\/cz\/wp-json\/wp\/v2\/media?parent=1852"}],"wp:term":[{"taxonomy":"product_brand","embeddable":true,"href":"https:\/\/www.3dprintrg.sk\/cz\/wp-json\/wp\/v2\/product_brand?post=1852"},{"taxonomy":"product_cat","embeddable":true,"href":"https:\/\/www.3dprintrg.sk\/cz\/wp-json\/wp\/v2\/product_cat?post=1852"},{"taxonomy":"product_tag","embeddable":true,"href":"https:\/\/www.3dprintrg.sk\/cz\/wp-json\/wp\/v2\/product_tag?post=1852"}],"curies":[{"name":"wp","href":"https:\/\/api.w.org\/{rel}","templated":true}]}}