{"id":1858,"date":"2025-02-05T20:38:39","date_gmt":"2025-02-05T19:38:39","guid":{"rendered":"https:\/\/www.3dprintrg.sk\/?post_type=product&#038;p=1858"},"modified":"2025-02-05T20:38:39","modified_gmt":"2025-02-05T19:38:39","slug":"t-rex-pohybliva-postavicka","status":"publish","type":"product","link":"https:\/\/www.3dprintrg.sk\/cz\/produkt\/t-rex-pohybliva-postavicka\/","title":{"rendered":"T-rex pohybliv\u00e1 postavi\u010dka"},"content":{"rendered":"<p>Tento dokonalo vypracovan\u00fd T-rex urobi na detskej oslave mal\u00e9mu osl\u00e1vencovi ve\u013ek\u00fa rados\u0165, T-rex oran\u017eovej farby m\u00e1 pohybliv\u00e9 \u010dasti ruky , nohy chvost a \u00fasta. Video tejto flexi postavi\u010dky n\u00e1jdete na na\u0161\u00edch odkazov na FB a Instagrame.<br \/>\nT-rex je vysok\u00fd 9 cm<br \/>\nDekor\u00e1cia je nejedl\u00e1<br \/>\nDekor\u00e1cia je vyroben\u00e1 z PLA plastu,plast je vyroben\u00fd z obnovite\u013en\u00fdch zdrojov, ako je kukuri\u010dn\u00fd \u0161krob, cukrov\u00e1 trstina alebo zemiakov\u00fd \u0161krob,PLA plast je netoxick\u00fd a bezpe\u010dn\u00fd na styk s potravinami.<\/p>","protected":false},"excerpt":{"rendered":"<p>Pohybliv\u00fd T-rex, m\u00e1 pohybliv\u00e9 \u010dasti tela.<br \/>\nV\u00fd\u0161ka 9 cm<br \/>\nNejedl\u00e1 dekor\u00e1cia <\/p>","protected":false},"featured_media":1859,"comment_status":"open","ping_status":"closed","template":"","meta":{"_et_pb_use_builder":"","_et_pb_old_content":"","_et_gb_content_width":"","iawp_total_views":13},"product_brand":[],"product_cat":[25,77],"product_tag":[215,216],"class_list":{"0":"post-1858","1":"product","2":"type-product","3":"status-publish","4":"has-post-thumbnail","6":"product_cat-farebne-obrazkove-zapichy","7":"product_cat-rozne","8":"product_tag-t-rex","9":"product_tag-zvieratko","11":"first","12":"instock","13":"purchasable","14":"product-type-simple"},"jetpack_sharing_enabled":true,"_links":{"self":[{"href":"https:\/\/www.3dprintrg.sk\/cz\/wp-json\/wp\/v2\/product\/1858","targetHints":{"allow":["GET"]}}],"collection":[{"href":"https:\/\/www.3dprintrg.sk\/cz\/wp-json\/wp\/v2\/product"}],"about":[{"href":"https:\/\/www.3dprintrg.sk\/cz\/wp-json\/wp\/v2\/types\/product"}],"replies":[{"embeddable":true,"href":"https:\/\/www.3dprintrg.sk\/cz\/wp-json\/wp\/v2\/comments?post=1858"}],"wp:featuredmedia":[{"embeddable":true,"href":"https:\/\/www.3dprintrg.sk\/cz\/wp-json\/wp\/v2\/media\/1859"}],"wp:attachment":[{"href":"https:\/\/www.3dprintrg.sk\/cz\/wp-json\/wp\/v2\/media?parent=1858"}],"wp:term":[{"taxonomy":"product_brand","embeddable":true,"href":"https:\/\/www.3dprintrg.sk\/cz\/wp-json\/wp\/v2\/product_brand?post=1858"},{"taxonomy":"product_cat","embeddable":true,"href":"https:\/\/www.3dprintrg.sk\/cz\/wp-json\/wp\/v2\/product_cat?post=1858"},{"taxonomy":"product_tag","embeddable":true,"href":"https:\/\/www.3dprintrg.sk\/cz\/wp-json\/wp\/v2\/product_tag?post=1858"}],"curies":[{"name":"wp","href":"https:\/\/api.w.org\/{rel}","templated":true}]}}