{"id":1869,"date":"2025-02-07T15:04:59","date_gmt":"2025-02-07T14:04:59","guid":{"rendered":"https:\/\/www.3dprintrg.sk\/?post_type=product&#038;p=1869"},"modified":"2025-02-07T15:04:59","modified_gmt":"2025-02-07T14:04:59","slug":"klucenka-spz-s-menom","status":"publish","type":"product","link":"https:\/\/www.3dprintrg.sk\/cz\/produkt\/klucenka-spz-s-menom\/","title":{"rendered":"K\u013e\u00fa\u010denka SPZ s menom"},"content":{"rendered":"<p>Pr\u00edvesok \u0160PZ na k\u013e\u00fa\u010de je vyroben\u00fd z plastu s rozmermi 6&#215;1,5 cm.<br \/>\nPri objedn\u00e1vke uvedte meno, ak mate viac k\u013e\u00fa\u010deniek tak do pozn\u00e1mky uvedte men\u00e1<\/p>","protected":false},"excerpt":{"rendered":"<p>K\u013e\u00fa\u010denka SPZ s menom<br \/>\nRozmer 6*1,5cm<br \/>\nCena je za 1 ks k\u013e\u00fa\u010denky. <\/p>","protected":false},"featured_media":1870,"comment_status":"open","ping_status":"closed","template":"","meta":{"_et_pb_use_builder":"","_et_pb_old_content":"","_et_gb_content_width":"","iawp_total_views":91},"product_brand":[],"product_cat":[29],"product_tag":[52,100],"class_list":{"0":"post-1869","1":"product","2":"type-product","3":"status-publish","4":"has-post-thumbnail","6":"product_cat-klucenky","7":"product_tag-klucenka","8":"product_tag-klucenka-s-menom","9":"wcpa_has_options","11":"first","12":"instock","13":"purchasable","14":"product-type-simple"},"jetpack_sharing_enabled":true,"_links":{"self":[{"href":"https:\/\/www.3dprintrg.sk\/cz\/wp-json\/wp\/v2\/product\/1869","targetHints":{"allow":["GET"]}}],"collection":[{"href":"https:\/\/www.3dprintrg.sk\/cz\/wp-json\/wp\/v2\/product"}],"about":[{"href":"https:\/\/www.3dprintrg.sk\/cz\/wp-json\/wp\/v2\/types\/product"}],"replies":[{"embeddable":true,"href":"https:\/\/www.3dprintrg.sk\/cz\/wp-json\/wp\/v2\/comments?post=1869"}],"wp:featuredmedia":[{"embeddable":true,"href":"https:\/\/www.3dprintrg.sk\/cz\/wp-json\/wp\/v2\/media\/1870"}],"wp:attachment":[{"href":"https:\/\/www.3dprintrg.sk\/cz\/wp-json\/wp\/v2\/media?parent=1869"}],"wp:term":[{"taxonomy":"product_brand","embeddable":true,"href":"https:\/\/www.3dprintrg.sk\/cz\/wp-json\/wp\/v2\/product_brand?post=1869"},{"taxonomy":"product_cat","embeddable":true,"href":"https:\/\/www.3dprintrg.sk\/cz\/wp-json\/wp\/v2\/product_cat?post=1869"},{"taxonomy":"product_tag","embeddable":true,"href":"https:\/\/www.3dprintrg.sk\/cz\/wp-json\/wp\/v2\/product_tag?post=1869"}],"curies":[{"name":"wp","href":"https:\/\/api.w.org\/{rel}","templated":true}]}}