{"id":1890,"date":"2025-02-11T18:19:58","date_gmt":"2025-02-11T17:19:58","guid":{"rendered":"https:\/\/www.3dprintrg.sk\/?post_type=product&#038;p=1890"},"modified":"2025-02-11T18:19:59","modified_gmt":"2025-02-11T17:19:59","slug":"zapich-vsetko-najlepsie-v-kruhu","status":"publish","type":"product","link":"https:\/\/www.3dprintrg.sk\/cz\/produkt\/zapich-vsetko-najlepsie-v-kruhu\/","title":{"rendered":"Z\u00e1pich v\u0161etko najlep\u0161ie v kruhu"},"content":{"rendered":"<p>Narodeninov\u00fd z\u00e1pich s n\u00e1pisom V\u0161etko najlep\u0161ie v kruhu<br \/>\nRozmer 14 cm <\/p>\n<p>Kr\u00e1sna ozdoba na tortu v podobe z\u00e1pichu s n\u00e1pisom V\u0161etko najlep\u0161ie, vhodne k pr\u00edle\u017eitosti naroden\u00edn.<br \/>\nDekor\u00e1cia je vyroben\u00e1 z PLA plastu,plast je vyroben\u00fd z obnovite\u013en\u00fdch zdrojov, ako je kukuri\u010dn\u00fd \u0161krob, cukrov\u00e1 trstina alebo zemiakov\u00fd \u0161krob,PLA plast je netoxick\u00fd a bezpe\u010dn\u00fd na styk s potravinami.<\/p>","protected":false},"excerpt":{"rendered":"<p>Narodeninov\u00fd z\u00e1pich s n\u00e1pisom V\u0161etko najlep\u0161ie<br \/>\nVyberte si z r\u00f4znych farieb na \u017eelanie<br \/>\n\u0160irka z\u00e1pichu je 14 cm <\/p>","protected":false},"featured_media":1901,"comment_status":"open","ping_status":"closed","template":"","meta":{"_et_pb_use_builder":"","_et_pb_old_content":"","_et_gb_content_width":"","iawp_total_views":15},"product_brand":[],"product_cat":[23],"product_tag":[81,150],"class_list":{"0":"post-1890","1":"product","2":"type-product","3":"status-publish","4":"has-post-thumbnail","6":"product_cat-vsetko-najlepsie","7":"product_tag-zapich","8":"product_tag-zapich-vsetko-najlepsie","10":"first","11":"instock","12":"purchasable","13":"product-type-variable"},"jetpack_sharing_enabled":true,"_links":{"self":[{"href":"https:\/\/www.3dprintrg.sk\/cz\/wp-json\/wp\/v2\/product\/1890","targetHints":{"allow":["GET"]}}],"collection":[{"href":"https:\/\/www.3dprintrg.sk\/cz\/wp-json\/wp\/v2\/product"}],"about":[{"href":"https:\/\/www.3dprintrg.sk\/cz\/wp-json\/wp\/v2\/types\/product"}],"replies":[{"embeddable":true,"href":"https:\/\/www.3dprintrg.sk\/cz\/wp-json\/wp\/v2\/comments?post=1890"}],"wp:featuredmedia":[{"embeddable":true,"href":"https:\/\/www.3dprintrg.sk\/cz\/wp-json\/wp\/v2\/media\/1901"}],"wp:attachment":[{"href":"https:\/\/www.3dprintrg.sk\/cz\/wp-json\/wp\/v2\/media?parent=1890"}],"wp:term":[{"taxonomy":"product_brand","embeddable":true,"href":"https:\/\/www.3dprintrg.sk\/cz\/wp-json\/wp\/v2\/product_brand?post=1890"},{"taxonomy":"product_cat","embeddable":true,"href":"https:\/\/www.3dprintrg.sk\/cz\/wp-json\/wp\/v2\/product_cat?post=1890"},{"taxonomy":"product_tag","embeddable":true,"href":"https:\/\/www.3dprintrg.sk\/cz\/wp-json\/wp\/v2\/product_tag?post=1890"}],"curies":[{"name":"wp","href":"https:\/\/api.w.org\/{rel}","templated":true}]}}