{"id":1923,"date":"2025-02-12T21:08:21","date_gmt":"2025-02-12T20:08:21","guid":{"rendered":"https:\/\/www.3dprintrg.sk\/?post_type=product&#038;p=1923"},"modified":"2025-02-12T21:08:22","modified_gmt":"2025-02-12T20:08:22","slug":"nausnice-makronka","status":"publish","type":"product","link":"https:\/\/www.3dprintrg.sk\/cz\/produkt\/nausnice-makronka\/","title":{"rendered":"N\u00e1u\u0161nice makr\u00f3nka"},"content":{"rendered":"<p>Mini makr\u00f3nky ako n\u00e1u\u0161nice , h\u00e1\u010dik je chirurgick\u00e1 oce\u013e<br \/>\nDo pozn\u00e1mky pri objedn\u00e1vke uvedte farbu<br \/>\nDekor\u00e1cia je vyroben\u00e1 z PLA plastu,plast je vyroben\u00fd z obnovite\u013en\u00fdch zdrojov, ako je kukuri\u010dn\u00fd \u0161krob, cukrov\u00e1 trstina alebo zemiakov\u00fd \u0161krob,PLA plast je netoxick\u00fd a bezpe\u010dn\u00fd na styk s potravinami.<\/p>","protected":false},"excerpt":{"rendered":"<p>Mini makr\u00f3nky n\u00e1u\u0161nice, do pozn\u00e1mky pri objedn\u00e1vke uvedte farbu akej maj\u00fa by\u0165 makr\u00f3nky.<\/p>","protected":false},"featured_media":1924,"comment_status":"open","ping_status":"closed","template":"","meta":{"_et_pb_use_builder":"","_et_pb_old_content":"","_et_gb_content_width":"","iawp_total_views":15},"product_brand":[],"product_cat":[15],"product_tag":[225],"class_list":{"0":"post-1923","1":"product","2":"type-product","3":"status-publish","4":"has-post-thumbnail","6":"product_cat-vykrajovacky","7":"product_tag-nausnice","8":"wcpa_has_options","10":"first","11":"instock","12":"purchasable","13":"product-type-simple"},"jetpack_sharing_enabled":true,"_links":{"self":[{"href":"https:\/\/www.3dprintrg.sk\/cz\/wp-json\/wp\/v2\/product\/1923","targetHints":{"allow":["GET"]}}],"collection":[{"href":"https:\/\/www.3dprintrg.sk\/cz\/wp-json\/wp\/v2\/product"}],"about":[{"href":"https:\/\/www.3dprintrg.sk\/cz\/wp-json\/wp\/v2\/types\/product"}],"replies":[{"embeddable":true,"href":"https:\/\/www.3dprintrg.sk\/cz\/wp-json\/wp\/v2\/comments?post=1923"}],"wp:featuredmedia":[{"embeddable":true,"href":"https:\/\/www.3dprintrg.sk\/cz\/wp-json\/wp\/v2\/media\/1924"}],"wp:attachment":[{"href":"https:\/\/www.3dprintrg.sk\/cz\/wp-json\/wp\/v2\/media?parent=1923"}],"wp:term":[{"taxonomy":"product_brand","embeddable":true,"href":"https:\/\/www.3dprintrg.sk\/cz\/wp-json\/wp\/v2\/product_brand?post=1923"},{"taxonomy":"product_cat","embeddable":true,"href":"https:\/\/www.3dprintrg.sk\/cz\/wp-json\/wp\/v2\/product_cat?post=1923"},{"taxonomy":"product_tag","embeddable":true,"href":"https:\/\/www.3dprintrg.sk\/cz\/wp-json\/wp\/v2\/product_tag?post=1923"}],"curies":[{"name":"wp","href":"https:\/\/api.w.org\/{rel}","templated":true}]}}