{"id":1993,"date":"2025-02-17T20:54:56","date_gmt":"2025-02-17T19:54:56","guid":{"rendered":"https:\/\/www.3dprintrg.sk\/?post_type=product&#038;p=1993"},"modified":"2025-02-17T20:54:56","modified_gmt":"2025-02-17T19:54:56","slug":"nfc-klucenka-s-odkazom-na-socialne-siete","status":"publish","type":"product","link":"https:\/\/www.3dprintrg.sk\/cz\/produkt\/nfc-klucenka-s-odkazom-na-socialne-siete\/","title":{"rendered":"NFC k\u013e\u00fa\u010denka s odkazom na soci\u00e1lne siete"},"content":{"rendered":"<p>NFC k\u013e\u00fa\u010denka je va\u0161a digit\u00e1lna vizitka na k\u013e\u00fa\u010doch, kabelke, batohu alebo kdeko\u013evek inde. Prilo\u017een\u00edm k ak\u00e9muko\u013evek kompatibiln\u00e9mu smartf\u00f3nu (podpora NFC) m\u00f4\u017eete okam\u017eite zdie\u013ea\u0165 svoje kontaktn\u00e9 inform\u00e1cie, soci\u00e1lne m\u00e9di\u00e1, webov\u00e9 str\u00e1nky a \u010fal\u0161ie. Prenos inform\u00e1ci\u00ed z k\u013e\u00fa\u010denky nevy\u017eaduje stiahnutie akejko\u013evek aplik\u00e1cie. (po prilo\u017een\u00ed prebehne automaticky)<br \/>\nAk si \u017eel\u00e1te inu farbu pri objedn\u00e1vke ju sta\u010di nap\u00edsat do pozn\u00e1mky.<br \/>\nPri objedn\u00e1vke do pozn\u00e1mky este uvedte URL adresu ktor\u00e1 ma by\u0165 nahrat\u00e1 na NFC \u010dip.<br \/>\nDekor\u00e1cia je vyroben\u00e1 z PLA plastu,plast je vyroben\u00fd z obnovite\u013en\u00fdch zdrojov, ako je kukuri\u010dn\u00fd \u0161krob, cukrov\u00e1 trstina alebo zemiakov\u00fd \u0161krob,PLA plast je netoxick\u00fd a bezpe\u010dn\u00fd na styk s potravinami.<\/p>","protected":false},"excerpt":{"rendered":"<p>NFC k\u013e\u00fa\u010denka je va\u0161a digit\u00e1lna vizitka na k\u013e\u00fa\u010doch, kabelke, batohu alebo kdeko\u013evek inde. Prilo\u017een\u00edm k ak\u00e9muko\u013evek kompatibiln\u00e9mu smartf\u00f3nu (podpora NFC) m\u00f4\u017eete okam\u017eite zdie\u013ea\u0165 svoje kontaktn\u00e9 inform\u00e1cie, soci\u00e1lne m\u00e9di\u00e1, webov\u00e9 str\u00e1nky a \u010fal\u0161ie. Prenos inform\u00e1ci\u00ed z k\u013e\u00fa\u010denky nevy\u017eaduje stiahnutie akejko\u013evek aplik\u00e1cie. (po prilo\u017een\u00ed prebehne automaticky)<br \/>\nAk si \u017eel\u00e1te inu farbu pri objedn\u00e1vke ju sta\u010di nap\u00edsat do pozn\u00e1mky.<br \/>\nPri objedn\u00e1vke do pozn\u00e1mky este uvedte URL adresu ktor\u00e1 ma by\u0165 nahrat\u00e1 na NFC \u010dip.<\/p>","protected":false},"featured_media":1994,"comment_status":"open","ping_status":"closed","template":"","meta":{"_et_pb_use_builder":"","_et_pb_old_content":"","_et_gb_content_width":"","iawp_total_views":18},"product_brand":[],"product_cat":[29],"product_tag":[52,241],"class_list":{"0":"post-1993","1":"product","2":"type-product","3":"status-publish","4":"has-post-thumbnail","6":"product_cat-klucenky","7":"product_tag-klucenka","8":"product_tag-nfc-klucenka","9":"wcpa_has_options","11":"first","12":"instock","13":"purchasable","14":"product-type-variable"},"jetpack_sharing_enabled":true,"_links":{"self":[{"href":"https:\/\/www.3dprintrg.sk\/cz\/wp-json\/wp\/v2\/product\/1993","targetHints":{"allow":["GET"]}}],"collection":[{"href":"https:\/\/www.3dprintrg.sk\/cz\/wp-json\/wp\/v2\/product"}],"about":[{"href":"https:\/\/www.3dprintrg.sk\/cz\/wp-json\/wp\/v2\/types\/product"}],"replies":[{"embeddable":true,"href":"https:\/\/www.3dprintrg.sk\/cz\/wp-json\/wp\/v2\/comments?post=1993"}],"wp:featuredmedia":[{"embeddable":true,"href":"https:\/\/www.3dprintrg.sk\/cz\/wp-json\/wp\/v2\/media\/1994"}],"wp:attachment":[{"href":"https:\/\/www.3dprintrg.sk\/cz\/wp-json\/wp\/v2\/media?parent=1993"}],"wp:term":[{"taxonomy":"product_brand","embeddable":true,"href":"https:\/\/www.3dprintrg.sk\/cz\/wp-json\/wp\/v2\/product_brand?post=1993"},{"taxonomy":"product_cat","embeddable":true,"href":"https:\/\/www.3dprintrg.sk\/cz\/wp-json\/wp\/v2\/product_cat?post=1993"},{"taxonomy":"product_tag","embeddable":true,"href":"https:\/\/www.3dprintrg.sk\/cz\/wp-json\/wp\/v2\/product_tag?post=1993"}],"curies":[{"name":"wp","href":"https:\/\/api.w.org\/{rel}","templated":true}]}}