{"id":2001,"date":"2025-02-17T21:02:01","date_gmt":"2025-02-17T20:02:01","guid":{"rendered":"https:\/\/www.3dprintrg.sk\/?post_type=product&#038;p=2001"},"modified":"2025-02-17T21:02:01","modified_gmt":"2025-02-17T20:02:01","slug":"magneticka-zalozka-do-knihy","status":"publish","type":"product","link":"https:\/\/www.3dprintrg.sk\/cz\/produkt\/magneticka-zalozka-do-knihy\/","title":{"rendered":"Magnetick\u00e1 z\u00e1lo\u017eka do knihy"},"content":{"rendered":"<p>Magnetick\u00e1 z\u00e1lo\u017eka je praktick\u00fd a funk\u010dn\u00fd dar\u010dek vhodn\u00fd na ozna\u010denie str\u00e1nky v knihe alebo di\u00e1ri. <\/p>","protected":false},"excerpt":{"rendered":"<p>Magnetick\u00e1 z\u00e1lo\u017eka je praktick\u00fd a funk\u010dn\u00fd dar\u010dek vhodn\u00fd na ozna\u010denie str\u00e1nky v knihe alebo di\u00e1ri. <\/p>","protected":false},"featured_media":1999,"comment_status":"open","ping_status":"closed","template":"","meta":{"_et_pb_use_builder":"","_et_pb_old_content":"","_et_gb_content_width":"","iawp_total_views":13},"product_brand":[],"product_cat":[31],"product_tag":[242,146],"class_list":{"0":"post-2001","1":"product","2":"type-product","3":"status-publish","4":"has-post-thumbnail","6":"product_cat-dekoracie","7":"product_tag-magneticka-zalozka-do-knihy","8":"product_tag-zalozka-do-knihy","10":"first","11":"instock","12":"purchasable","13":"product-type-simple"},"jetpack_sharing_enabled":true,"_links":{"self":[{"href":"https:\/\/www.3dprintrg.sk\/cz\/wp-json\/wp\/v2\/product\/2001","targetHints":{"allow":["GET"]}}],"collection":[{"href":"https:\/\/www.3dprintrg.sk\/cz\/wp-json\/wp\/v2\/product"}],"about":[{"href":"https:\/\/www.3dprintrg.sk\/cz\/wp-json\/wp\/v2\/types\/product"}],"replies":[{"embeddable":true,"href":"https:\/\/www.3dprintrg.sk\/cz\/wp-json\/wp\/v2\/comments?post=2001"}],"wp:featuredmedia":[{"embeddable":true,"href":"https:\/\/www.3dprintrg.sk\/cz\/wp-json\/wp\/v2\/media\/1999"}],"wp:attachment":[{"href":"https:\/\/www.3dprintrg.sk\/cz\/wp-json\/wp\/v2\/media?parent=2001"}],"wp:term":[{"taxonomy":"product_brand","embeddable":true,"href":"https:\/\/www.3dprintrg.sk\/cz\/wp-json\/wp\/v2\/product_brand?post=2001"},{"taxonomy":"product_cat","embeddable":true,"href":"https:\/\/www.3dprintrg.sk\/cz\/wp-json\/wp\/v2\/product_cat?post=2001"},{"taxonomy":"product_tag","embeddable":true,"href":"https:\/\/www.3dprintrg.sk\/cz\/wp-json\/wp\/v2\/product_tag?post=2001"}],"curies":[{"name":"wp","href":"https:\/\/api.w.org\/{rel}","templated":true}]}}