{"id":2008,"date":"2025-02-17T22:08:42","date_gmt":"2025-02-17T21:08:42","guid":{"rendered":"https:\/\/www.3dprintrg.sk\/?post_type=product&#038;p=2008"},"modified":"2025-02-17T22:09:24","modified_gmt":"2025-02-17T21:09:24","slug":"dievcatko-na-prijimanie-na-tortu-typ-4","status":"publish","type":"product","link":"https:\/\/www.3dprintrg.sk\/cz\/produkt\/dievcatko-na-prijimanie-na-tortu-typ-4\/","title":{"rendered":"Diev\u010datko na prij\u00edmanie na tortu-typ 4"},"content":{"rendered":"<p>Papierov\u00fd z\u00e1pich modliace diev\u010datko na tortu na prij\u00edmanie<br \/>\nV\u00fd\u0161ka je 12 cm<\/p>","protected":false},"excerpt":{"rendered":"<p>Papierov\u00fd z\u00e1pich modliace diev\u010datko na tortu na prij\u00edmanie<br \/>\nV\u00fd\u0161ka je 12 cm<br \/>\nUPOZORNENIE<br \/>\nNed\u00e1vajte priamo na kr\u00e9m,navlhne to.<\/p>","protected":false},"featured_media":2009,"comment_status":"open","ping_status":"closed","template":"","meta":{"_et_pb_use_builder":"","_et_pb_old_content":"","_et_gb_content_width":"","iawp_total_views":39},"product_brand":[],"product_cat":[26,49],"product_tag":[156],"class_list":{"0":"post-2008","1":"product","2":"type-product","3":"status-publish","4":"has-post-thumbnail","6":"product_cat-papierove-zapichy","7":"product_cat-prijimanie","8":"product_tag-modliace-dievcatko","10":"first","11":"instock","12":"sale","13":"purchasable","14":"product-type-simple"},"jetpack_sharing_enabled":true,"_links":{"self":[{"href":"https:\/\/www.3dprintrg.sk\/cz\/wp-json\/wp\/v2\/product\/2008","targetHints":{"allow":["GET"]}}],"collection":[{"href":"https:\/\/www.3dprintrg.sk\/cz\/wp-json\/wp\/v2\/product"}],"about":[{"href":"https:\/\/www.3dprintrg.sk\/cz\/wp-json\/wp\/v2\/types\/product"}],"replies":[{"embeddable":true,"href":"https:\/\/www.3dprintrg.sk\/cz\/wp-json\/wp\/v2\/comments?post=2008"}],"wp:featuredmedia":[{"embeddable":true,"href":"https:\/\/www.3dprintrg.sk\/cz\/wp-json\/wp\/v2\/media\/2009"}],"wp:attachment":[{"href":"https:\/\/www.3dprintrg.sk\/cz\/wp-json\/wp\/v2\/media?parent=2008"}],"wp:term":[{"taxonomy":"product_brand","embeddable":true,"href":"https:\/\/www.3dprintrg.sk\/cz\/wp-json\/wp\/v2\/product_brand?post=2008"},{"taxonomy":"product_cat","embeddable":true,"href":"https:\/\/www.3dprintrg.sk\/cz\/wp-json\/wp\/v2\/product_cat?post=2008"},{"taxonomy":"product_tag","embeddable":true,"href":"https:\/\/www.3dprintrg.sk\/cz\/wp-json\/wp\/v2\/product_tag?post=2008"}],"curies":[{"name":"wp","href":"https:\/\/api.w.org\/{rel}","templated":true}]}}